{"id":721730,"date":"2025-08-27T18:54:08","date_gmt":"2025-08-27T15:54:08","guid":{"rendered":"https:\/\/roveyayinevi.com.tr\/index.php\/urun\/tatu-ve-patu-super-kahramanlar\/"},"modified":"2026-04-16T02:29:44","modified_gmt":"2026-04-15T23:29:44","slug":"tatu-ve-patu-super-kahramanlar","status":"publish","type":"product","link":"https:\/\/roveyayinevi.com.tr\/index.php\/urun\/tatu-ve-patu-super-kahramanlar\/","title":{"rendered":"Tatu ve Patu S\u00fcper Kahramanlar"},"content":{"rendered":"<p>Bir s\u00fcper kahraman olmak ne kadar muhte\u015fem olurdu d\u00fc\u015f\u00fcnsene!Tatu ve Patu, Hipersiberadam&#8217;\u0131n nefes kesen maceralar\u0131n\u0131 okurken hayallere dald\u0131. Hem de ne hayaller! Televizyoaktif lazer projekt\u00f6r\u00fcn yard\u0131m\u0131yla, bu normal Garipk\u00f6yl\u00fcler, Aktifo\u011flan ve \u00d6l\u00e7\u00fcadam&#8217;a d\u00f6n\u00fc\u015ft\u00fcler. Art\u0131k bu ufak tefek kahramanlar, hain h\u0131rs\u0131zlarla sava\u015fmaya ve Mucizistan \u015fehrinde karma\u015fa yaratan devasa kutulardan kurtulmaya haz\u0131rlar!Tatu ve Patu&#8217;nun di\u011fer maceralar\u0131n\u0131, Tatu ve Patu&#8217;nun \u00c7a\u011flar Boyu Tuhaf Bulu\u015flar\u0131, Tatu ve Patu&#8217;nun Garip Aletleri, Tatu ve Patu&#8217;nun \u015ea\u015f\u0131rt\u0131c\u0131 Hikaye Kitab\u0131 ile Tatu ve Patu&#8217;nun Uzay Maceralar\u0131 kitaplar\u0131nda okuyabilirsiniz.Aino Havukainen ve Sami Toivonen ikilisi, \u00e7izimleriyle Rudolf Koivu \u00d6d\u00fcl\u00fc\u2019n\u00fc almaya hak kazand\u0131. <\/p>\n","protected":false},"excerpt":{"rendered":"<p>Bir s\u00fcper kahraman olmak ne kadar muhte\u015fem olurdu d\u00fc\u015f\u00fcnsene!Tatu ve Patu, Hipersiberadam&#8217;\u0131n nefes kesen maceralar\u0131n\u0131 okurken hayallere dald\u0131. Hem de ne hayaller! Televizyoaktif lazer projekt\u00f6r\u00fcn yard\u0131m\u0131yla,<span class=\"excerpt-hellip\"> [\u2026]<\/span><\/p>\n","protected":false},"featured_media":0,"template":"","meta":{"_monsterinsights_skip_tracking":false,"_monsterinsights_sitenote_active":false,"_monsterinsights_sitenote_note":"","_monsterinsights_sitenote_category":0},"product_brand":[],"product_cat":[12689,12274],"product_tag":[],"class_list":{"0":"post-721730","1":"product","2":"type-product","3":"status-publish","5":"product_cat-cizgi-roman-cocuk-ve-genclik-kitaplari","6":"product_cat-cocuk-ve-genclik-kitaplari","7":"pa_cilt-ciltsiz","8":"pa_tur-kitap","9":"pa_yayinevi-pogo-cocuk","10":"pa_yazar-aino-havukainen-sami-toivonen","12":"first","13":"instock","14":"sale","15":"shipping-taxable","16":"purchasable","17":"product-type-simple"},"_links":{"self":[{"href":"https:\/\/roveyayinevi.com.tr\/index.php\/wp-json\/wp\/v2\/product\/721730","targetHints":{"allow":["GET"]}}],"collection":[{"href":"https:\/\/roveyayinevi.com.tr\/index.php\/wp-json\/wp\/v2\/product"}],"about":[{"href":"https:\/\/roveyayinevi.com.tr\/index.php\/wp-json\/wp\/v2\/types\/product"}],"wp:attachment":[{"href":"https:\/\/roveyayinevi.com.tr\/index.php\/wp-json\/wp\/v2\/media?parent=721730"}],"wp:term":[{"taxonomy":"product_brand","embeddable":true,"href":"https:\/\/roveyayinevi.com.tr\/index.php\/wp-json\/wp\/v2\/product_brand?post=721730"},{"taxonomy":"product_cat","embeddable":true,"href":"https:\/\/roveyayinevi.com.tr\/index.php\/wp-json\/wp\/v2\/product_cat?post=721730"},{"taxonomy":"product_tag","embeddable":true,"href":"https:\/\/roveyayinevi.com.tr\/index.php\/wp-json\/wp\/v2\/product_tag?post=721730"}],"curies":[{"name":"wp","href":"https:\/\/api.w.org\/{rel}","templated":true}]}}