{"id":721729,"date":"2025-08-27T18:54:07","date_gmt":"2025-08-27T15:54:07","guid":{"rendered":"https:\/\/roveyayinevi.com.tr\/index.php\/urun\/tatu-ve-patunun-caglar-boyu-tuhaf-buluslari\/"},"modified":"2026-04-16T02:29:44","modified_gmt":"2026-04-15T23:29:44","slug":"tatu-ve-patunun-caglar-boyu-tuhaf-buluslari","status":"publish","type":"product","link":"https:\/\/roveyayinevi.com.tr\/index.php\/urun\/tatu-ve-patunun-caglar-boyu-tuhaf-buluslari\/","title":{"rendered":"Tatu ve Patu&#8217;nun \u00c7a\u011flar Boyu Tuhaf Bulu\u015flar\u0131"},"content":{"rendered":"<p>Tatu ve Patu, birer Garipk\u00f6yl\u00fc olarak zekalar\u0131n\u0131n, y\u0131llar i\u00e7inde mucitlere b\u00fcy\u00fck yard\u0131m\u0131 olabilece\u011fini d\u00fc\u015f\u00fcn\u00fcyorlar. Ge\u00e7mi\u015fte insanlar bah\u00e7e topu ya da antik M\u0131s\u0131r sabah rutini makinesi olmadan nas\u0131l ya\u015f\u0131yorlard\u0131? Tatu ve Patu\u2019nun \u00e7\u0131lg\u0131n bulu\u015flar\u0131na ek olarak bu kitap ger\u00e7ek tarih\u00ee icatlar\u0131 da bar\u0131nd\u0131r\u0131yor.Tatu ve Patu\u2019nun di\u011fer maceralar\u0131n\u0131 Tatu ve Patu S\u00fcper Kahramanlar, Tatu ve Patu\u2019nun Garip Aletleri, Tatu ve Patu\u2019nun \u015ea\u015f\u0131rt\u0131c\u0131 Hik\u00e2ye Kitab\u0131 ile Tatu ve Patu\u2019nun Uzay Maceralar\u0131 kitaplar\u0131nda okuyabilirsiniz.Aino Havukainen ve Sami Toivonen ikilisi, \u00e7izimleriyle Rudolf Koivu \u00d6d\u00fcl\u00fc\u2019n\u00fc almaya hak kazand\u0131. <\/p>\n","protected":false},"excerpt":{"rendered":"<p>Tatu ve Patu, birer Garipk\u00f6yl\u00fc olarak zekalar\u0131n\u0131n, y\u0131llar i\u00e7inde mucitlere b\u00fcy\u00fck yard\u0131m\u0131 olabilece\u011fini d\u00fc\u015f\u00fcn\u00fcyorlar. Ge\u00e7mi\u015fte insanlar bah\u00e7e topu ya da antik M\u0131s\u0131r sabah rutini makinesi olmadan<span class=\"excerpt-hellip\"> [\u2026]<\/span><\/p>\n","protected":false},"featured_media":0,"template":"","meta":{"_monsterinsights_skip_tracking":false,"_monsterinsights_sitenote_active":false,"_monsterinsights_sitenote_note":"","_monsterinsights_sitenote_category":0},"product_brand":[],"product_cat":[12689,12274],"product_tag":[],"class_list":{"0":"post-721729","1":"product","2":"type-product","3":"status-publish","5":"product_cat-cizgi-roman-cocuk-ve-genclik-kitaplari","6":"product_cat-cocuk-ve-genclik-kitaplari","7":"pa_cilt-ciltsiz","8":"pa_tur-kitap","9":"pa_yayinevi-pogo-cocuk","10":"pa_yazar-aino-havukainen-sami-toivonen","12":"first","13":"instock","14":"sale","15":"shipping-taxable","16":"purchasable","17":"product-type-simple"},"_links":{"self":[{"href":"https:\/\/roveyayinevi.com.tr\/index.php\/wp-json\/wp\/v2\/product\/721729","targetHints":{"allow":["GET"]}}],"collection":[{"href":"https:\/\/roveyayinevi.com.tr\/index.php\/wp-json\/wp\/v2\/product"}],"about":[{"href":"https:\/\/roveyayinevi.com.tr\/index.php\/wp-json\/wp\/v2\/types\/product"}],"wp:attachment":[{"href":"https:\/\/roveyayinevi.com.tr\/index.php\/wp-json\/wp\/v2\/media?parent=721729"}],"wp:term":[{"taxonomy":"product_brand","embeddable":true,"href":"https:\/\/roveyayinevi.com.tr\/index.php\/wp-json\/wp\/v2\/product_brand?post=721729"},{"taxonomy":"product_cat","embeddable":true,"href":"https:\/\/roveyayinevi.com.tr\/index.php\/wp-json\/wp\/v2\/product_cat?post=721729"},{"taxonomy":"product_tag","embeddable":true,"href":"https:\/\/roveyayinevi.com.tr\/index.php\/wp-json\/wp\/v2\/product_tag?post=721729"}],"curies":[{"name":"wp","href":"https:\/\/api.w.org\/{rel}","templated":true}]}}