{"id":721727,"date":"2025-08-27T18:54:05","date_gmt":"2025-08-27T15:54:05","guid":{"rendered":"https:\/\/roveyayinevi.com.tr\/index.php\/urun\/yapracik-yollarinda-kurt-yesin-beni\/"},"modified":"2026-04-16T02:29:44","modified_gmt":"2026-04-15T23:29:44","slug":"yapracik-yollarinda-kurt-yesin-beni","status":"publish","type":"product","link":"https:\/\/roveyayinevi.com.tr\/index.php\/urun\/yapracik-yollarinda-kurt-yesin-beni\/","title":{"rendered":"Yaprac\u0131k Yollar\u0131nda Kurt Yesin Beni"},"content":{"rendered":"<p>\u201cK\u00f6m\u00fcr, hadi o\u011flum git on dakika dola\u015f ve gel,\u201d dediklerinde&#8230; K\u00f6m\u00fcr gider ve tam on dakika sonra gelirdi&#8230; 15 dakika m\u0131, dediler? On be\u015f dakika sonra gelirdi! O beyaz\u0131n ortas\u0131ndaki sar\u0131-siyah g\u00f6zlerini g\u00f6rseniz ok\u015fay\u0131p sevmemeniz m\u00fcmk\u00fcn de\u011fildi&#8230;   Ben art\u0131k \u00fclkeye demir atm\u0131\u015f \u00e7irkinliklerle de\u011fil&#8230; K\u00f6m\u00fcr gibi g\u00fczelliklerle ilgilenece\u011fim&#8230; Hadi K\u00f6m\u00fcr, \u015e\u00f6yle bir dola\u015f\u0131p seyran edelim&#8230; Kur zihnindeki saat ayar\u0131n\u0131\u2026 \u00d6yle bir kur ki \u00c7abuk bitmesin&#8230; G\u00fczel \u015feyler g\u00f6rmek istiyorum&#8230; Mutlu insanlar, g\u00fczel hayvanlar, bozulmam\u0131\u015f \u00e7evre&#8230; Bildik \u00e7irkin yerlerden ge\u00e7irme beni&#8230; Ayn\u0131 s\u00fcreyi daha uzun bir zamanda, daha g\u00fczel ortamlarda ge\u00e7irelim. Ve d\u00f6n\u00fcp getirme beni bu zavall\u0131l\u0131\u011fa, b\u0131rak kalay\u0131m g\u00fczel, onurlu bir yerde!  <\/p>\n","protected":false},"excerpt":{"rendered":"<p>\u201cK\u00f6m\u00fcr, hadi o\u011flum git on dakika dola\u015f ve gel,\u201d dediklerinde&#8230; K\u00f6m\u00fcr gider ve tam on dakika sonra gelirdi&#8230; 15 dakika m\u0131, dediler? On be\u015f dakika sonra<span class=\"excerpt-hellip\"> [\u2026]<\/span><\/p>\n","protected":false},"featured_media":0,"template":"","meta":{"_monsterinsights_skip_tracking":false,"_monsterinsights_sitenote_active":false,"_monsterinsights_sitenote_note":"","_monsterinsights_sitenote_category":0},"product_brand":[],"product_cat":[12777,12291],"product_tag":[],"class_list":{"0":"post-721727","1":"product","2":"type-product","3":"status-publish","5":"product_cat-deneme","6":"product_cat-edebiyat","7":"pa_cilt-ciltsiz","8":"pa_tur-kitap","9":"pa_yayinevi-akil-celen-kitaplar","10":"pa_yazar-zafer-oner","12":"first","13":"instock","14":"sale","15":"shipping-taxable","16":"purchasable","17":"product-type-simple"},"_links":{"self":[{"href":"https:\/\/roveyayinevi.com.tr\/index.php\/wp-json\/wp\/v2\/product\/721727","targetHints":{"allow":["GET"]}}],"collection":[{"href":"https:\/\/roveyayinevi.com.tr\/index.php\/wp-json\/wp\/v2\/product"}],"about":[{"href":"https:\/\/roveyayinevi.com.tr\/index.php\/wp-json\/wp\/v2\/types\/product"}],"wp:attachment":[{"href":"https:\/\/roveyayinevi.com.tr\/index.php\/wp-json\/wp\/v2\/media?parent=721727"}],"wp:term":[{"taxonomy":"product_brand","embeddable":true,"href":"https:\/\/roveyayinevi.com.tr\/index.php\/wp-json\/wp\/v2\/product_brand?post=721727"},{"taxonomy":"product_cat","embeddable":true,"href":"https:\/\/roveyayinevi.com.tr\/index.php\/wp-json\/wp\/v2\/product_cat?post=721727"},{"taxonomy":"product_tag","embeddable":true,"href":"https:\/\/roveyayinevi.com.tr\/index.php\/wp-json\/wp\/v2\/product_tag?post=721727"}],"curies":[{"name":"wp","href":"https:\/\/api.w.org\/{rel}","templated":true}]}}