{"id":721726,"date":"2025-08-27T18:54:05","date_gmt":"2025-08-27T15:54:05","guid":{"rendered":"https:\/\/roveyayinevi.com.tr\/index.php\/urun\/ego-ve-id\/"},"modified":"2026-04-16T02:29:44","modified_gmt":"2026-04-15T23:29:44","slug":"ego-ve-id","status":"publish","type":"product","link":"https:\/\/roveyayinevi.com.tr\/index.php\/urun\/ego-ve-id\/","title":{"rendered":"Ego ve Id"},"content":{"rendered":"<p>Psikanalizin kurucusu, n\u00f6rolog, psikolog ve yazar Sigmund Freud\u2019un (6 May\u0131s 1856 \u2013 23 Eyl\u00fcl 1939), yap\u0131sal kuram\u0131n\u0131 geli\u015ftirmi\u015f oldu\u011fu Ego ve \u0130d\u2019de, ebeveynlerin sosyal ve ahlaki de\u011ferlerinin \u00e7ocu\u011fun ruhsal ya\u015fam\u0131na erken d\u00f6nemlerden itibaren etki etti\u011fine ili\u015fkin g\u00f6r\u00fc\u015fleri yer al\u0131yor.Freud\u2019un Ego ve \u0130d\u2019de anlatt\u0131\u011f\u0131 id (alt benlik), ego (benlik), s\u00fcper ego (\u00fcst benlik), bilin\u00e7, bilin\u00e7alt\u0131, bilin\u00e7d\u0131\u015f\u0131, vicdan ve Oedipus kompleksi sarmal\u0131n\u0131 \u00e7\u00f6zd\u00fc\u011f\u00fcm\u00fczde kendimizi biraz tan\u0131maya, neyi niye yapt\u0131\u011f\u0131m\u0131z\u0131 anlamaya ba\u015flam\u0131\u015f\u0131zd\u0131r.<\/p>\n","protected":false},"excerpt":{"rendered":"<p>Psikanalizin kurucusu, n\u00f6rolog, psikolog ve yazar Sigmund Freud\u2019un (6 May\u0131s 1856 \u2013 23 Eyl\u00fcl 1939), yap\u0131sal kuram\u0131n\u0131 geli\u015ftirmi\u015f oldu\u011fu Ego ve \u0130d\u2019de, ebeveynlerin sosyal ve ahlaki<span class=\"excerpt-hellip\"> [\u2026]<\/span><\/p>\n","protected":false},"featured_media":0,"template":"","meta":{"_monsterinsights_skip_tracking":false,"_monsterinsights_sitenote_active":false,"_monsterinsights_sitenote_note":"","_monsterinsights_sitenote_category":0},"product_brand":[],"product_cat":[12358,12357],"product_tag":[],"class_list":{"0":"post-721726","1":"product","2":"type-product","3":"status-publish","5":"product_cat-genel-psikoloji","6":"product_cat-psikoloji","7":"pa_cilt-ciltsiz","8":"pa_tur-kitap","9":"pa_yayinevi-oda-yayinlari","10":"pa_yazar-sigmund-freud","12":"first","13":"instock","14":"sale","15":"shipping-taxable","16":"purchasable","17":"product-type-simple"},"_links":{"self":[{"href":"https:\/\/roveyayinevi.com.tr\/index.php\/wp-json\/wp\/v2\/product\/721726","targetHints":{"allow":["GET"]}}],"collection":[{"href":"https:\/\/roveyayinevi.com.tr\/index.php\/wp-json\/wp\/v2\/product"}],"about":[{"href":"https:\/\/roveyayinevi.com.tr\/index.php\/wp-json\/wp\/v2\/types\/product"}],"wp:attachment":[{"href":"https:\/\/roveyayinevi.com.tr\/index.php\/wp-json\/wp\/v2\/media?parent=721726"}],"wp:term":[{"taxonomy":"product_brand","embeddable":true,"href":"https:\/\/roveyayinevi.com.tr\/index.php\/wp-json\/wp\/v2\/product_brand?post=721726"},{"taxonomy":"product_cat","embeddable":true,"href":"https:\/\/roveyayinevi.com.tr\/index.php\/wp-json\/wp\/v2\/product_cat?post=721726"},{"taxonomy":"product_tag","embeddable":true,"href":"https:\/\/roveyayinevi.com.tr\/index.php\/wp-json\/wp\/v2\/product_tag?post=721726"}],"curies":[{"name":"wp","href":"https:\/\/api.w.org\/{rel}","templated":true}]}}