{"id":721725,"date":"2025-08-27T18:54:04","date_gmt":"2025-08-27T15:54:04","guid":{"rendered":"https:\/\/roveyayinevi.com.tr\/index.php\/urun\/kadin-cinselligi-uzerine\/"},"modified":"2026-04-16T02:29:44","modified_gmt":"2026-04-15T23:29:44","slug":"kadin-cinselligi-uzerine","status":"publish","type":"product","link":"https:\/\/roveyayinevi.com.tr\/index.php\/urun\/kadin-cinselligi-uzerine\/","title":{"rendered":"Kad\u0131n Cinselli\u011fi \u00dczerine"},"content":{"rendered":"<p>Psikanalizin kurucusu, yazar Sigmund Freud (6 May\u0131s 1856 &#8211; 23 Eyl\u00fcl 1939), Kad\u0131n Cinselli\u011fi \u00dczerine kitab\u0131nda insan psikolojisinin temelinde cinsellik oldu\u011funu belirtiyor.K\u00fclt\u00fcrel ve toplumsal sorunlara ili\u015fkin \u00e7\u00f6z\u00fcmlemelerinde cinselli\u011fe \u00e7ok \u00f6nemli bir yer ay\u0131ran Avusturyal\u0131 n\u00f6rolog ve psikiyatr Freud, meslekta\u015flar\u0131 Deutsch, Abraham, Fenichel ve Horney&#8217;in kad\u0131n cinselli\u011fi konusundaki g\u00f6r\u00fc\u015flerine de ba\u015fvuruyor bu eserinde.&#8221;Kad\u0131ns\u0131 geli\u015fimde bir evreden di\u011ferine, erkeklerdekiyle benzer hi\u00e7bir noktan\u0131n bulunmad\u0131\u011f\u0131 bir ge\u00e7i\u015fme s\u00fcreci ya\u015fanmaktad\u0131r&#8221; diyen Freud bu kitapta, Oedipus ve Electra kompleksi ile bilhassa kad\u0131nlar\u0131n cinselli\u011fi \u00fczerine yapt\u0131\u011f\u0131 analizlerine yer veriyor.<\/p>\n","protected":false},"excerpt":{"rendered":"<p>Psikanalizin kurucusu, yazar Sigmund Freud (6 May\u0131s 1856 &#8211; 23 Eyl\u00fcl 1939), Kad\u0131n Cinselli\u011fi \u00dczerine kitab\u0131nda insan psikolojisinin temelinde cinsellik oldu\u011funu belirtiyor.K\u00fclt\u00fcrel ve toplumsal sorunlara ili\u015fkin<span class=\"excerpt-hellip\"> [\u2026]<\/span><\/p>\n","protected":false},"featured_media":0,"template":"","meta":{"_monsterinsights_skip_tracking":false,"_monsterinsights_sitenote_active":false,"_monsterinsights_sitenote_note":"","_monsterinsights_sitenote_category":0},"product_brand":[],"product_cat":[12358,12357],"product_tag":[],"class_list":{"0":"post-721725","1":"product","2":"type-product","3":"status-publish","5":"product_cat-genel-psikoloji","6":"product_cat-psikoloji","7":"pa_cilt-ciltsiz","8":"pa_tur-kitap","9":"pa_yayinevi-oda-yayinlari","10":"pa_yazar-sigmund-freud","12":"first","13":"instock","14":"sale","15":"shipping-taxable","16":"purchasable","17":"product-type-simple"},"_links":{"self":[{"href":"https:\/\/roveyayinevi.com.tr\/index.php\/wp-json\/wp\/v2\/product\/721725","targetHints":{"allow":["GET"]}}],"collection":[{"href":"https:\/\/roveyayinevi.com.tr\/index.php\/wp-json\/wp\/v2\/product"}],"about":[{"href":"https:\/\/roveyayinevi.com.tr\/index.php\/wp-json\/wp\/v2\/types\/product"}],"wp:attachment":[{"href":"https:\/\/roveyayinevi.com.tr\/index.php\/wp-json\/wp\/v2\/media?parent=721725"}],"wp:term":[{"taxonomy":"product_brand","embeddable":true,"href":"https:\/\/roveyayinevi.com.tr\/index.php\/wp-json\/wp\/v2\/product_brand?post=721725"},{"taxonomy":"product_cat","embeddable":true,"href":"https:\/\/roveyayinevi.com.tr\/index.php\/wp-json\/wp\/v2\/product_cat?post=721725"},{"taxonomy":"product_tag","embeddable":true,"href":"https:\/\/roveyayinevi.com.tr\/index.php\/wp-json\/wp\/v2\/product_tag?post=721725"}],"curies":[{"name":"wp","href":"https:\/\/api.w.org\/{rel}","templated":true}]}}