{"id":721720,"date":"2025-08-27T18:54:00","date_gmt":"2025-08-27T15:54:00","guid":{"rendered":"https:\/\/roveyayinevi.com.tr\/index.php\/urun\/kuscubasi-esrefin-esi-pervinin-savasi\/"},"modified":"2026-04-16T02:29:44","modified_gmt":"2026-04-15T23:29:44","slug":"kuscubasi-esrefin-esi-pervinin-savasi","status":"publish","type":"product","link":"https:\/\/roveyayinevi.com.tr\/index.php\/urun\/kuscubasi-esrefin-esi-pervinin-savasi\/","title":{"rendered":"Ku\u015f\u00e7uba\u015f\u0131 E\u015fref&#8217;in E\u015fi Pervin&#8217;in Sava\u015f\u0131"},"content":{"rendered":"<p>Ku\u015f\u00e7uba\u015f\u0131 E\u015fref\u2026Cesur bir sava\u015f\u00e7\u0131, becerikli bir istihbarat\u00e7\u0131 ve bir e\u015f\u2026Pervin Han\u0131m\u2026Ku\u015f\u00e7uba\u015f\u0131 E\u015fref&#8217;in hen\u00fcz 45 g\u00fcnl\u00fck evliyken sava\u015fa gitmek i\u00e7in geride b\u0131rakt\u0131\u011f\u0131 m\u00fc\u015ffik bir e\u015f\u2026 Pervin Han\u0131m&#8217;\u0131n hat\u0131rat\u0131\u2026Birinci D\u00fcnya Sava\u015f\u0131, sava\u015f y\u0131llar\u0131, sava\u015f sonras\u0131 esaret ve i\u015fgal g\u00fcnleri, Milli M\u00fccadele d\u00f6nemi, Lozan sonras\u0131nda ba\u015flayan Ku\u015f\u00e7uba\u015f\u0131&#8217;n\u0131n s\u00fcrg\u00fcn g\u00fcnleri&#8230; B\u00fct\u00fcn bunlara dair enteresan bilgiler ve yorumlar bar\u0131nd\u0131ran, bu s\u00fcre\u00e7leri \u00e7ileke\u015f bir kad\u0131n\u0131n g\u00f6z\u00fcnden g\u00fcn\u00fcm\u00fcze aktaran bir defter&#8230; Sava\u015f y\u0131llar\u0131nda pek \u00e7ok Osmanl\u0131 kad\u0131n\u0131 ile ayn\u0131 ac\u0131lar\u0131 payla\u015fan Pervin Han\u0131m&#8217;\u0131n kaderi Lozan Antla\u015fmas\u0131ndan sonra farkl\u0131 bir y\u00f6ne evriliyor. Benjamin C. Fortna, Ku\u015f\u00e7uba\u015f\u0131 E\u015fref: Efsane Te\u015fkilat-\u0131 Mahsusa Subay\u0131n\u0131n Hayat\u0131 isimli muhte\u015fem \u00e7al\u0131\u015fmas\u0131n\u0131n  ard\u0131ndan Osmanl\u0131 \u0130mparatorlu\u011fu&#8217;nun en \u00e7alkant\u0131l\u0131 d\u00f6nemini bir de E\u015fref Bey&#8217;in e\u015fi Pervin Han\u0131m&#8217;\u0131n kaleme ald\u0131\u011f\u0131 hat\u0131rat arac\u0131l\u0131\u011f\u0131yla g\u00f6zler \u00f6n\u00fcne seriyor. Heyecan i\u00e7inde bir solukta okunabilecek muhte\u015fem bir \u00e7al\u0131\u015fma&#8230; <\/p>\n","protected":false},"excerpt":{"rendered":"<p>Ku\u015f\u00e7uba\u015f\u0131 E\u015fref\u2026Cesur bir sava\u015f\u00e7\u0131, becerikli bir istihbarat\u00e7\u0131 ve bir e\u015f\u2026Pervin Han\u0131m\u2026Ku\u015f\u00e7uba\u015f\u0131 E\u015fref&#8217;in hen\u00fcz 45 g\u00fcnl\u00fck evliyken sava\u015fa gitmek i\u00e7in geride b\u0131rakt\u0131\u011f\u0131 m\u00fc\u015ffik bir e\u015f\u2026 Pervin Han\u0131m&#8217;\u0131n<span class=\"excerpt-hellip\"> [\u2026]<\/span><\/p>\n","protected":false},"featured_media":0,"template":"","meta":{"_monsterinsights_skip_tracking":false,"_monsterinsights_sitenote_active":false,"_monsterinsights_sitenote_note":"","_monsterinsights_sitenote_category":0},"product_brand":[],"product_cat":[12370,12304],"product_tag":[],"class_list":{"0":"post-721720","1":"product","2":"type-product","3":"status-publish","5":"product_cat-arastirma-inceleme","6":"product_cat-tarih","7":"pa_cilt-ciltsiz","8":"pa_tur-kitap","9":"pa_yayinevi-timas-yayinlari","10":"pa_yazar-benjamin-c-fortna","12":"first","13":"instock","14":"sale","15":"shipping-taxable","16":"purchasable","17":"product-type-simple"},"_links":{"self":[{"href":"https:\/\/roveyayinevi.com.tr\/index.php\/wp-json\/wp\/v2\/product\/721720","targetHints":{"allow":["GET"]}}],"collection":[{"href":"https:\/\/roveyayinevi.com.tr\/index.php\/wp-json\/wp\/v2\/product"}],"about":[{"href":"https:\/\/roveyayinevi.com.tr\/index.php\/wp-json\/wp\/v2\/types\/product"}],"wp:attachment":[{"href":"https:\/\/roveyayinevi.com.tr\/index.php\/wp-json\/wp\/v2\/media?parent=721720"}],"wp:term":[{"taxonomy":"product_brand","embeddable":true,"href":"https:\/\/roveyayinevi.com.tr\/index.php\/wp-json\/wp\/v2\/product_brand?post=721720"},{"taxonomy":"product_cat","embeddable":true,"href":"https:\/\/roveyayinevi.com.tr\/index.php\/wp-json\/wp\/v2\/product_cat?post=721720"},{"taxonomy":"product_tag","embeddable":true,"href":"https:\/\/roveyayinevi.com.tr\/index.php\/wp-json\/wp\/v2\/product_tag?post=721720"}],"curies":[{"name":"wp","href":"https:\/\/api.w.org\/{rel}","templated":true}]}}