{"id":721718,"date":"2025-08-27T18:53:59","date_gmt":"2025-08-27T15:53:59","guid":{"rendered":"https:\/\/roveyayinevi.com.tr\/index.php\/urun\/tekinsiz-oykuler\/"},"modified":"2026-04-16T02:29:44","modified_gmt":"2026-04-15T23:29:44","slug":"tekinsiz-oykuler","status":"publish","type":"product","link":"https:\/\/roveyayinevi.com.tr\/index.php\/urun\/tekinsiz-oykuler\/","title":{"rendered":"Tekinsiz \u00d6yk\u00fcler"},"content":{"rendered":"<p>Ak\u0131l almaz, hatta do\u011fa\u00fcst\u00fc g\u00f6r\u00fcn\u00fcml\u00fc olan vakalar\u0131n ard\u0131ndaki mant\u0131kla a\u00e7\u0131klanabilen nedenleri ortaya \u00e7\u0131karmas\u0131yla polisiye edebiyat\u0131n en me\u015fhur karakteri haline gelen Sherlock Holmes, Arthur Conan Doyle\u2019un edebi miras\u0131n\u0131n en b\u00fcy\u00fck par\u00e7as\u0131. Ancak Arthur Conan Doyle\u2019un edebiyata katk\u0131s\u0131 Sherlock Holmes\u2019un ve bu dedektif \u00f6yk\u00fclerinin de \u00f6tesinde. Doyle, yazd\u0131\u011f\u0131 fantastik, bilimkurgu ve korku \u00f6yk\u00fcleriyle de onlarca yazara ilham verip farkl\u0131 t\u00fcrlerde de ne kadar verimli oldu\u011funu g\u00f6zler \u00f6n\u00fcne serdi.   Tekinsiz \u00d6yk\u00fcler\u2019de Arthur Conan Doyle\u2019un s\u0131rad\u0131\u015f\u0131 \u00f6yk\u00fclerinin en \u015f\u00f6hretlileri bir araya geliyor. Ak\u0131l ve mant\u0131k \u00fczerine eserleriyle \u00e7\u0131\u011f\u0131r a\u00e7an yazar bu kez tuhaf kurgunun s\u0131n\u0131rlar\u0131n\u0131 zorluyor. Bu sayfalar aras\u0131nda \u00f6l\u00fcms\u00fczl\u00fc\u011f\u00fc bulmu\u015f insanlar\u0131n, g\u00f6ky\u00fcz\u00fcnde ya\u015fayan yarat\u0131klar\u0131n,hem yeni hem eski i\u015fkence ve idam aletlerinin, Do\u011fu\u2019nun esrarengiz s\u0131rlar\u0131n\u0131n, \u00f6te d\u00fcnyadan gelen ziyaret\u00e7ilerin, karanl\u0131k kontlar\u0131n, esrarengiz yeralt\u0131 mezarlar\u0131n\u0131n, a\u015fk\u0131n ve delili\u011fin anlat\u0131ld\u0131\u011f\u0131 \u00f6yk\u00fclerle kar\u015f\u0131la\u015facaks\u0131n\u0131z.   \u201cDoyle, istedi\u011finde hayali d\u00fcnyalara dair ne kadar g\u00fc\u00e7l\u00fc \u00f6yk\u00fcler yazabildi\u011fini bizlere g\u00f6steriyor.\u201d \u2013H.P. Lovecraft <\/p>\n","protected":false},"excerpt":{"rendered":"<p>Ak\u0131l almaz, hatta do\u011fa\u00fcst\u00fc g\u00f6r\u00fcn\u00fcml\u00fc olan vakalar\u0131n ard\u0131ndaki mant\u0131kla a\u00e7\u0131klanabilen nedenleri ortaya \u00e7\u0131karmas\u0131yla polisiye edebiyat\u0131n en me\u015fhur karakteri haline gelen Sherlock Holmes, Arthur Conan Doyle\u2019un edebi<span class=\"excerpt-hellip\"> [\u2026]<\/span><\/p>\n","protected":false},"featured_media":0,"template":"","meta":{"_monsterinsights_skip_tracking":false,"_monsterinsights_sitenote_active":false,"_monsterinsights_sitenote_note":"","_monsterinsights_sitenote_category":0},"product_brand":[],"product_cat":[12291,14777],"product_tag":[],"class_list":{"0":"post-721718","1":"product","2":"type-product","3":"status-publish","5":"product_cat-edebiyat","6":"product_cat-fantastik","7":"pa_cilt-ciltsiz","8":"pa_tur-kitap","9":"pa_yayinevi-ithaki-yayinlari","10":"pa_yazar-arthur-conan-doyle","12":"first","13":"instock","14":"sale","15":"shipping-taxable","16":"purchasable","17":"product-type-simple"},"_links":{"self":[{"href":"https:\/\/roveyayinevi.com.tr\/index.php\/wp-json\/wp\/v2\/product\/721718","targetHints":{"allow":["GET"]}}],"collection":[{"href":"https:\/\/roveyayinevi.com.tr\/index.php\/wp-json\/wp\/v2\/product"}],"about":[{"href":"https:\/\/roveyayinevi.com.tr\/index.php\/wp-json\/wp\/v2\/types\/product"}],"wp:attachment":[{"href":"https:\/\/roveyayinevi.com.tr\/index.php\/wp-json\/wp\/v2\/media?parent=721718"}],"wp:term":[{"taxonomy":"product_brand","embeddable":true,"href":"https:\/\/roveyayinevi.com.tr\/index.php\/wp-json\/wp\/v2\/product_brand?post=721718"},{"taxonomy":"product_cat","embeddable":true,"href":"https:\/\/roveyayinevi.com.tr\/index.php\/wp-json\/wp\/v2\/product_cat?post=721718"},{"taxonomy":"product_tag","embeddable":true,"href":"https:\/\/roveyayinevi.com.tr\/index.php\/wp-json\/wp\/v2\/product_tag?post=721718"}],"curies":[{"name":"wp","href":"https:\/\/api.w.org\/{rel}","templated":true}]}}