{"id":721717,"date":"2025-08-27T18:53:58","date_gmt":"2025-08-27T15:53:58","guid":{"rendered":"https:\/\/roveyayinevi.com.tr\/index.php\/urun\/elfdiyari-kralinin-kizi\/"},"modified":"2026-04-16T02:29:44","modified_gmt":"2026-04-15T23:29:44","slug":"elfdiyari-kralinin-kizi","status":"publish","type":"product","link":"https:\/\/roveyayinevi.com.tr\/index.php\/urun\/elfdiyari-kralinin-kizi\/","title":{"rendered":"Elfdiyar\u0131 Kral\u0131\u2019n\u0131n K\u0131z\u0131"},"content":{"rendered":"<p>Lord Dunsany, modern fantastik edebiyat\u0131n temellerini atan ve bu temellerin \u00fczerinde sa\u011flam bir t\u00fcr\u00fcn y\u00fckselmesini sa\u011flayan \u00f6nc\u00fc mimarlardan biri. J. R. R. Tolkien, Robert E. Howard ve Jorge Luis Borges gibi fantastik edebiyat ustalar\u0131n\u0131 derinden etkilemi\u015f bir fig\u00fcr. Hen\u00fcz \u201cfantastik edebiyat\u201d diye bir t\u00fcr\u00fcn s\u00f6z\u00fcn\u00fcn ge\u00e7medi\u011fi 1905-1919 y\u0131llar\u0131 aras\u0131nda fantastik t\u00fcrde bir\u00e7ok \u00f6yk\u00fc kaleme alan Lord Dunsany\u2019nin en me\u015fhur eseriyse 1924 y\u0131l\u0131nda kaleme ald\u0131\u011f\u0131 Elfdiyar\u0131 Kral\u0131\u2019n\u0131n K\u0131z\u0131.   Bir sihir lordu taraf\u0131ndan y\u00f6netilmek isteyen halk\u0131n\u0131n sesine kulak veren Erl lordu, o\u011flu Alveric\u2019i Elf Kral\u2019\u0131n k\u0131z\u0131 Lirazel\u2019i getirmesi i\u00e7in Elfdiyar\u0131\u2019na g\u00f6nderir. Bir cad\u0131ya yapt\u0131rd\u0131\u011f\u0131 sihirli k\u0131l\u0131\u00e7la zaman\u0131n Erl\u2019den farkl\u0131 akt\u0131\u011f\u0131 b\u00fcy\u00fcl\u00fc Elfdiyar\u0131\u2019na yolculuk eden Alveric, Lizarel\u2019i al\u0131p \u00fclkesine geri d\u00f6ner. Peki, \u00f6l\u00fcml\u00fc bir insan ile \u00f6l\u00fcms\u00fcz bir elf ger\u00e7ekten \u201csonsuza kadar mutlu\u201d ya\u015fayabilecekler midir?   \u201cElfdiyar\u0131 Kral\u0131\u2019n\u0131n K\u0131z\u0131, m\u00fckemmel ve tuhaf bir roman. S\u0131n\u0131rs\u0131z bir yarat\u0131c\u0131l\u0131\u011f\u0131n \u00fcr\u00fcn\u00fc.\u201d \u2013Neil Gaiman   \u201cLord Dunsany \u015fahane bir yazar. Fantastik edebiyat\u0131 en az Tolkien kadar etkiledi.\u201d \u2013George R. R. Martin   \u201cLord Dunsany, edebiyatta kendine ait bir krall\u0131k yaratt\u0131.\u201d \u2013Jorge Luis Borges   \u201cDunsany\u2019nin eserlerinin edebiyatta e\u015fsiz bir yeri var.\u201d \u2013H.P. Lovecraft   \u201c\u00c7a\u011f\u0131m\u0131z\u0131n en b\u00fcy\u00fck yazarlar\u0131ndan biri.\u201d \u2013Arthur C. Clarke Lord Dunsany, modern fantastik edebiyat\u0131n temellerini atan ve bu temellerin \u00fczerinde sa\u011flam bir t\u00fcr\u00fcn y\u00fckselmesini sa\u011flayan \u00f6nc\u00fc mimarlardan biri. J. R. R. Tolkien, Robert E. Howard ve Jorge Luis Borges gibi fantastik edebiyat ustalar\u0131n\u0131 derinden etkilemi\u015f bir fig\u00fcr. Hen\u00fcz \u201cfantastik edebiyat\u201d diye bir t\u00fcr\u00fcn s\u00f6z\u00fcn\u00fcn ge\u00e7medi\u011fi 1905-1919 y\u0131llar\u0131 aras\u0131nda fantastik t\u00fcrde bir\u00e7ok \u00f6yk\u00fc kaleme alan Lord Dunsany\u2019nin en me\u015fhur eseriyse 1924 y\u0131l\u0131nda kaleme ald\u0131\u011f\u0131 Elfdiyar\u0131 Kral\u0131\u2019n\u0131n K\u0131z\u0131.   Bir sihir lordu taraf\u0131ndan y\u00f6netilmek isteyen halk\u0131n\u0131n sesine kulak veren Erl lordu, o\u011flu Alveric\u2019i Elf Kral\u2019\u0131n k\u0131z\u0131 Lirazel\u2019i getirmesi i\u00e7in Elfdiyar\u0131\u2019na g\u00f6nderir. Bir cad\u0131ya yapt\u0131rd\u0131\u011f\u0131 sihirli k\u0131l\u0131\u00e7la zaman\u0131n Erl\u2019den farkl\u0131 akt\u0131\u011f\u0131 b\u00fcy\u00fcl\u00fc Elfdiyar\u0131\u2019na yolculuk eden Alveric, Lizarel\u2019i al\u0131p \u00fclkesine geri d\u00f6ner. Peki, \u00f6l\u00fcml\u00fc bir insan ile \u00f6l\u00fcms\u00fcz bir elf ger\u00e7ekten \u201csonsuza kadar mutlu\u201d ya\u015fayabilecekler midir?   \u201cElfdiyar\u0131 Kral\u0131\u2019n\u0131n K\u0131z\u0131, m\u00fckemmel ve tuhaf bir roman. S\u0131n\u0131rs\u0131z bir yarat\u0131c\u0131l\u0131\u011f\u0131n \u00fcr\u00fcn\u00fc.\u201d \u2013Neil Gaiman   \u201cLord Dunsany \u015fahane bir yazar. Fantastik edebiyat\u0131 en az Tolkien kadar etkiledi.\u201d \u2013George R. R. Martin   \u201cLord Dunsany, edebiyatta kendine ait bir krall\u0131k yaratt\u0131.\u201d \u2013Jorge Luis Borges   \u201cDunsany\u2019nin eserlerinin edebiyatta e\u015fsiz bir yeri var.\u201d \u2013H.P. Lovecraft   \u201c\u00c7a\u011f\u0131m\u0131z\u0131n en b\u00fcy\u00fck yazarlar\u0131ndan biri.\u201d \u2013Arthur C. Clarke <\/p>\n","protected":false},"excerpt":{"rendered":"<p>Lord Dunsany, modern fantastik edebiyat\u0131n temellerini atan ve bu temellerin \u00fczerinde sa\u011flam bir t\u00fcr\u00fcn y\u00fckselmesini sa\u011flayan \u00f6nc\u00fc mimarlardan biri. J. R. R. Tolkien, Robert E. Howard<span class=\"excerpt-hellip\"> [\u2026]<\/span><\/p>\n","protected":false},"featured_media":0,"template":"","meta":{"_monsterinsights_skip_tracking":false,"_monsterinsights_sitenote_active":false,"_monsterinsights_sitenote_note":"","_monsterinsights_sitenote_category":0},"product_brand":[],"product_cat":[12291,14777],"product_tag":[],"class_list":{"0":"post-721717","1":"product","2":"type-product","3":"status-publish","5":"product_cat-edebiyat","6":"product_cat-fantastik","7":"pa_cilt-ciltsiz","8":"pa_tur-kitap","9":"pa_yayinevi-ithaki-yayinlari","10":"pa_yazar-lord-dunsany","12":"first","13":"instock","14":"sale","15":"shipping-taxable","16":"purchasable","17":"product-type-simple"},"_links":{"self":[{"href":"https:\/\/roveyayinevi.com.tr\/index.php\/wp-json\/wp\/v2\/product\/721717","targetHints":{"allow":["GET"]}}],"collection":[{"href":"https:\/\/roveyayinevi.com.tr\/index.php\/wp-json\/wp\/v2\/product"}],"about":[{"href":"https:\/\/roveyayinevi.com.tr\/index.php\/wp-json\/wp\/v2\/types\/product"}],"wp:attachment":[{"href":"https:\/\/roveyayinevi.com.tr\/index.php\/wp-json\/wp\/v2\/media?parent=721717"}],"wp:term":[{"taxonomy":"product_brand","embeddable":true,"href":"https:\/\/roveyayinevi.com.tr\/index.php\/wp-json\/wp\/v2\/product_brand?post=721717"},{"taxonomy":"product_cat","embeddable":true,"href":"https:\/\/roveyayinevi.com.tr\/index.php\/wp-json\/wp\/v2\/product_cat?post=721717"},{"taxonomy":"product_tag","embeddable":true,"href":"https:\/\/roveyayinevi.com.tr\/index.php\/wp-json\/wp\/v2\/product_tag?post=721717"}],"curies":[{"name":"wp","href":"https:\/\/api.w.org\/{rel}","templated":true}]}}