{"id":721715,"date":"2025-08-27T18:53:56","date_gmt":"2025-08-27T15:53:56","guid":{"rendered":"https:\/\/roveyayinevi.com.tr\/index.php\/urun\/cok-dikkatli-ac\/"},"modified":"2025-09-15T12:20:30","modified_gmt":"2025-09-15T09:20:30","slug":"cok-dikkatli-ac","status":"publish","type":"product","link":"https:\/\/roveyayinevi.com.tr\/index.php\/urun\/cok-dikkatli-ac\/","title":{"rendered":"\u00c7ok Dikkatli A\u00e7"},"content":{"rendered":"<p>Bu kitaba ne oldu b\u00f6yle?Yoksa i\u00e7inde \u00e7ok tehlikeli bir \u015fey mi var?\u00d6\u011frenmek ister misin?\u00d6yleyse, hadibu sayfalar\u0131 dikkatli,\u00e7ok ama \u00e7ok dikkatli \u00e7evir . . .Cesaretini topla ve ba\u015fla!Bu kitab\u0131n i\u00e7inde yaramaz, ka\u00e7ak bir timsah var!\u2018\u00c7ok Dikkatli A\u00e7\u2019 \u00e7ocu\u011funuzla birlikte keyifli vakit ge\u00e7irmenizi sa\u011flayacak interaktif bir kitap. Ka\u00e7ak timsah\u0131 k\u0131zd\u0131rmadan okudu\u011funuz hikayeyi tamamlayabilir misiniz? Hadi cesaretinizi toplay\u0131n ve kapa\u011f\u0131 a\u00e7\u0131n. <\/p>\n","protected":false},"excerpt":{"rendered":"<p>Bu kitaba ne oldu b\u00f6yle?Yoksa i\u00e7inde \u00e7ok tehlikeli bir \u015fey mi var?\u00d6\u011frenmek ister misin?\u00d6yleyse, hadibu sayfalar\u0131 dikkatli,\u00e7ok ama \u00e7ok dikkatli \u00e7evir . . .Cesaretini topla ve<span class=\"excerpt-hellip\"> [\u2026]<\/span><\/p>\n","protected":false},"featured_media":0,"template":"","meta":{"_monsterinsights_skip_tracking":false,"_monsterinsights_sitenote_active":false,"_monsterinsights_sitenote_note":"","_monsterinsights_sitenote_category":0},"product_brand":[],"product_cat":[12274,12284],"product_tag":[],"class_list":{"0":"post-721715","1":"product","2":"type-product","3":"status-publish","5":"product_cat-cocuk-ve-genclik-kitaplari","6":"product_cat-hikayeler","7":"pa_cilt-ciltsiz","8":"pa_tur-kitap","9":"pa_yayinevi-beta-kids","10":"pa_yazar-nicola-obyrne-nick-bromley","12":"first","13":"instock","14":"sale","15":"shipping-taxable","16":"purchasable","17":"product-type-simple"},"_links":{"self":[{"href":"https:\/\/roveyayinevi.com.tr\/index.php\/wp-json\/wp\/v2\/product\/721715","targetHints":{"allow":["GET"]}}],"collection":[{"href":"https:\/\/roveyayinevi.com.tr\/index.php\/wp-json\/wp\/v2\/product"}],"about":[{"href":"https:\/\/roveyayinevi.com.tr\/index.php\/wp-json\/wp\/v2\/types\/product"}],"wp:attachment":[{"href":"https:\/\/roveyayinevi.com.tr\/index.php\/wp-json\/wp\/v2\/media?parent=721715"}],"wp:term":[{"taxonomy":"product_brand","embeddable":true,"href":"https:\/\/roveyayinevi.com.tr\/index.php\/wp-json\/wp\/v2\/product_brand?post=721715"},{"taxonomy":"product_cat","embeddable":true,"href":"https:\/\/roveyayinevi.com.tr\/index.php\/wp-json\/wp\/v2\/product_cat?post=721715"},{"taxonomy":"product_tag","embeddable":true,"href":"https:\/\/roveyayinevi.com.tr\/index.php\/wp-json\/wp\/v2\/product_tag?post=721715"}],"curies":[{"name":"wp","href":"https:\/\/api.w.org\/{rel}","templated":true}]}}