{"id":721712,"date":"2025-08-27T18:53:55","date_gmt":"2025-08-27T15:53:55","guid":{"rendered":"https:\/\/roveyayinevi.com.tr\/index.php\/urun\/kuresellesme-pratiksel-ve-teoriksel-yaklasim\/"},"modified":"2026-04-16T02:29:44","modified_gmt":"2026-04-15T23:29:44","slug":"kuresellesme-pratiksel-ve-teoriksel-yaklasim","status":"publish","type":"product","link":"https:\/\/roveyayinevi.com.tr\/index.php\/urun\/kuresellesme-pratiksel-ve-teoriksel-yaklasim\/","title":{"rendered":"K\u00fcreselle\u015fme: Pratiksel ve Teoriksel Yakla\u015f\u0131m"},"content":{"rendered":"<p>Demirperde\u2019nin y\u0131k\u0131lmas\u0131n\u0131n ard\u0131ndan &#8220;k\u00fcreselle\u015fme&#8221; konusunda literat\u00fcre \u00f6nemli katk\u0131lar sa\u011flayan bir \u00e7ok \u00e7al\u0131\u015fma yap\u0131lm\u0131\u015ft\u0131r. Bununla birlikte, hareketsel anlamda d\u00fcnya akt\u00f6rlerinin bir s\u00fcre\u00e7 i\u00e7erisinde bunu nas\u0131l ger\u00e7ekle\u015ftirmeleri gerekti\u011fi konusunda yeteri kadar \u00e7al\u0131\u015fma yap\u0131lmam\u0131\u015ft\u0131r. Bu kitap literat\u00fcrdeki bu bo\u015flu\u011fu doldurmak \u00fczere haz\u0131rlanmaya \u00e7al\u0131\u015f\u0131lm\u0131\u015ft\u0131r. Kitapta; \u00f6ncelikle k\u00fcreselle\u015fmenin tan\u0131m\u0131 verilmeye \u00e7al\u0131\u015f\u0131lm\u0131\u015f, tarih\u00e7esi irdelenmi\u015f, k\u00fcreselle\u015fme hareketleri ve metodolojisi hakk\u0131nda bilgi verilmi\u015f ve son b\u00f6l\u00fcmde ideal k\u00fcreselle\u015fmenin nas\u0131l olu\u015fabilece\u011fi anlat\u0131lm\u0131\u015f, evreleri ve bereberinde getirebilece\u011fi olumlu-olumsuz olgulardan bahsedilmi\u015ftir. Hem iktisadi bilgisi olan okuyucular\u0131n hem de bu alanda bilgi edinmek, kendini geli\u015ftirmek isteyen okuyucular\u0131n faydalanabilece\u011fi bu \u00e7al\u0131\u015fmada k\u00fcreselle\u015fme konusunda herhangi bir g\u00f6r\u00fc\u015f\u00fc savunucu bir yakla\u015f\u0131m sergilenmemi\u015f, bir tak\u0131m bilgiler verilmi\u015f ve de\u011ferlendirme okuyucuya b\u0131rak\u0131lm\u0131\u015ft\u0131r.<\/p>\n","protected":false},"excerpt":{"rendered":"<p>Demirperde\u2019nin y\u0131k\u0131lmas\u0131n\u0131n ard\u0131ndan &#8220;k\u00fcreselle\u015fme&#8221; konusunda literat\u00fcre \u00f6nemli katk\u0131lar sa\u011flayan bir \u00e7ok \u00e7al\u0131\u015fma yap\u0131lm\u0131\u015ft\u0131r. Bununla birlikte, hareketsel anlamda d\u00fcnya akt\u00f6rlerinin bir s\u00fcre\u00e7 i\u00e7erisinde bunu nas\u0131l ger\u00e7ekle\u015ftirmeleri gerekti\u011fi<span class=\"excerpt-hellip\"> [\u2026]<\/span><\/p>\n","protected":false},"featured_media":0,"template":"","meta":{"_monsterinsights_skip_tracking":false,"_monsterinsights_sitenote_active":false,"_monsterinsights_sitenote_note":"","_monsterinsights_sitenote_category":0},"product_brand":[],"product_cat":[13596,12337],"product_tag":[],"class_list":{"0":"post-721712","1":"product","2":"type-product","3":"status-publish","5":"product_cat-avrupa-birligi","6":"product_cat-politika-siyaset","7":"pa_cilt-ciltsiz","8":"pa_tur-kitap","9":"pa_yayinevi-cizgi-kitabevi-yayinlari","10":"pa_yazar-abdulkadir-dursunoglu","12":"first","13":"instock","14":"sale","15":"shipping-taxable","16":"purchasable","17":"product-type-simple"},"_links":{"self":[{"href":"https:\/\/roveyayinevi.com.tr\/index.php\/wp-json\/wp\/v2\/product\/721712","targetHints":{"allow":["GET"]}}],"collection":[{"href":"https:\/\/roveyayinevi.com.tr\/index.php\/wp-json\/wp\/v2\/product"}],"about":[{"href":"https:\/\/roveyayinevi.com.tr\/index.php\/wp-json\/wp\/v2\/types\/product"}],"wp:attachment":[{"href":"https:\/\/roveyayinevi.com.tr\/index.php\/wp-json\/wp\/v2\/media?parent=721712"}],"wp:term":[{"taxonomy":"product_brand","embeddable":true,"href":"https:\/\/roveyayinevi.com.tr\/index.php\/wp-json\/wp\/v2\/product_brand?post=721712"},{"taxonomy":"product_cat","embeddable":true,"href":"https:\/\/roveyayinevi.com.tr\/index.php\/wp-json\/wp\/v2\/product_cat?post=721712"},{"taxonomy":"product_tag","embeddable":true,"href":"https:\/\/roveyayinevi.com.tr\/index.php\/wp-json\/wp\/v2\/product_tag?post=721712"}],"curies":[{"name":"wp","href":"https:\/\/api.w.org\/{rel}","templated":true}]}}