{"id":721711,"date":"2025-08-27T18:53:54","date_gmt":"2025-08-27T15:53:54","guid":{"rendered":"https:\/\/roveyayinevi.com.tr\/index.php\/urun\/kalite-ulkesi\/"},"modified":"2026-04-16T02:29:44","modified_gmt":"2026-04-15T23:29:44","slug":"kalite-ulkesi","status":"publish","type":"product","link":"https:\/\/roveyayinevi.com.tr\/index.php\/urun\/kalite-ulkesi\/","title":{"rendered":"Kalite \u00dclkesi"},"content":{"rendered":"<p>D\u00fcnyan\u0131n en b\u00fcy\u00fck \u015firketi ve en iyi algoritmas\u0131 varken ne ters gidebilir ki?   \u201cKalite \u00dclkesi muhte\u015fem bir hiciv. \u0130\u00e7inde ya\u015fad\u0131\u011f\u0131m\u0131z d\u00fcnyan\u0131n \u00e7arp\u0131kl\u0131\u011f\u0131n\u0131 g\u00f6zler \u00f6n\u00fcne sererken, ger\u00e7eklerin kar\u015f\u0131s\u0131nda a\u011flamaman\u0131z i\u00e7in sizi g\u00fcld\u00fcr\u00fcyor.\u201d \u2013Rob Hart, The Warehouse\u2019un yazar\u0131 \u201cBu kitaptan alaca\u011f\u0131n\u0131z zevk, tamamen toplum olarak ba\u015f\u0131m\u0131z\u0131n ne kadar belada oldu\u011funu d\u00fc\u015f\u00fcnd\u00fc\u011f\u00fcn\u00fcze ba\u011fl\u0131. \u0130yi uykular.\u201d  \u2013Kirkus   Kalite \u00dclkesi\u2019ne ho\u015f geldiniz! Buras\u0131 d\u00fcnyan\u0131n en iyi \u00fclkesi. Burada kimin sosyal avantajlardan ve kariyer f\u0131rsatlar\u0131ndan faydalanabilece\u011fi, evrensel bir seviye sistemine g\u00f6re belirleniyor. Asla hata yapmayan, d\u00fcnyan\u0131n en b\u00fcy\u00fck ve ba\u015far\u0131l\u0131 \u015firketi olan D\u00fckk\u00e2n, siz daha ne istedi\u011finizi bilmeseniz bile sizden \u00f6nce \u00f6\u011frenip aya\u011f\u0131n\u0131za getirebiliyor.   Peter \u0130\u015fsiz, Kalite Kent\u2019te hurdac\u0131l\u0131k yapar ancak d\u00fczg\u00fcn \u00e7al\u0131\u015fmayan makineleri hurdaya \u00e7evirmeye g\u00f6nl\u00fc el vermez. Bu y\u00fczden istemsizce, ona g\u00f6nderilen \u00e7e\u015fitli robotlar\u0131n lideri olarak bulur kendini. Bir g\u00fcn D\u00fckk\u00e2n, Peter\u2019a sahip olmak istemedi\u011finden y\u00fczde y\u00fcz emin oldu\u011fu bir \u015fey yollad\u0131\u011f\u0131nda, Peter onu iade etmeye karar verir. Tek bir sorun vard\u0131r: \u00dcr\u00fcn\u00fc iade etmenin tek yolu, m\u00fckemmel algoritmaya sahip D\u00fckk\u00e2n\u2019\u0131n hatal\u0131 oldu\u011funa herkesi inand\u0131rmak ve Kalite \u00dclkesi\u2019nin temellerini olu\u015fturan her \u015feyin belki de o kadar m\u00fckemmel olmad\u0131\u011f\u0131n\u0131 ortaya \u00e7\u0131karmakt\u0131r.   \u201cKalite \u00dclkesi \u00e7ok komik ama ayn\u0131 zamanda \u00fcrk\u00fct\u00fcc\u00fc, yani tam bana g\u00f6re.\u201d\u2013Mike Judge, HBO dizisi Silikon Vadisi\u2019nin yarat\u0131c\u0131s\u0131   \u201cKling\u2019in keskin tespitleri ekonomiyi, hukuku, zenofobiyi, ili\u015fkileri, g\u00fcvenli\u011fi ve devleti hedef al\u0131yor. Kalite \u00dclkesi\u2019nin ger\u00e7ekli\u011fe ne denli yak\u0131n oldu\u011funu muhte\u015fem bir d\u00fcr\u00fcstl\u00fckle anlat\u0131yor.\u201d\u2013Booklist<\/p>\n","protected":false},"excerpt":{"rendered":"<p>D\u00fcnyan\u0131n en b\u00fcy\u00fck \u015firketi ve en iyi algoritmas\u0131 varken ne ters gidebilir ki? \u201cKalite \u00dclkesi muhte\u015fem bir hiciv. \u0130\u00e7inde ya\u015fad\u0131\u011f\u0131m\u0131z d\u00fcnyan\u0131n \u00e7arp\u0131kl\u0131\u011f\u0131n\u0131 g\u00f6zler \u00f6n\u00fcne sererken, ger\u00e7eklerin<span class=\"excerpt-hellip\"> [\u2026]<\/span><\/p>\n","protected":false},"featured_media":0,"template":"","meta":{"_monsterinsights_skip_tracking":false,"_monsterinsights_sitenote_active":false,"_monsterinsights_sitenote_note":"","_monsterinsights_sitenote_category":0},"product_brand":[],"product_cat":[12540,12291],"product_tag":[],"class_list":{"0":"post-721711","1":"product","2":"type-product","3":"status-publish","5":"product_cat-bilim-kurgu","6":"product_cat-edebiyat","7":"pa_cilt-ciltsiz","8":"pa_tur-kitap","9":"pa_yayinevi-epsilon-yayinlari","10":"pa_yazar-marc-uwe-kling","12":"first","13":"instock","14":"sale","15":"shipping-taxable","16":"purchasable","17":"product-type-simple"},"_links":{"self":[{"href":"https:\/\/roveyayinevi.com.tr\/index.php\/wp-json\/wp\/v2\/product\/721711","targetHints":{"allow":["GET"]}}],"collection":[{"href":"https:\/\/roveyayinevi.com.tr\/index.php\/wp-json\/wp\/v2\/product"}],"about":[{"href":"https:\/\/roveyayinevi.com.tr\/index.php\/wp-json\/wp\/v2\/types\/product"}],"wp:attachment":[{"href":"https:\/\/roveyayinevi.com.tr\/index.php\/wp-json\/wp\/v2\/media?parent=721711"}],"wp:term":[{"taxonomy":"product_brand","embeddable":true,"href":"https:\/\/roveyayinevi.com.tr\/index.php\/wp-json\/wp\/v2\/product_brand?post=721711"},{"taxonomy":"product_cat","embeddable":true,"href":"https:\/\/roveyayinevi.com.tr\/index.php\/wp-json\/wp\/v2\/product_cat?post=721711"},{"taxonomy":"product_tag","embeddable":true,"href":"https:\/\/roveyayinevi.com.tr\/index.php\/wp-json\/wp\/v2\/product_tag?post=721711"}],"curies":[{"name":"wp","href":"https:\/\/api.w.org\/{rel}","templated":true}]}}