{"id":721704,"date":"2025-08-27T18:53:48","date_gmt":"2025-08-27T15:53:48","guid":{"rendered":"https:\/\/roveyayinevi.com.tr\/index.php\/urun\/dersimiz-hayal-bilgisi\/"},"modified":"2025-10-01T17:39:37","modified_gmt":"2025-10-01T14:39:37","slug":"dersimiz-hayal-bilgisi","status":"publish","type":"product","link":"https:\/\/roveyayinevi.com.tr\/index.php\/urun\/dersimiz-hayal-bilgisi\/","title":{"rendered":"Dersimiz Hayal Bilgisi"},"content":{"rendered":"<p>D\u00fc\u015f\u00fcnsene dostum ka\u00e7 hayalin kahraman\u0131 oldun bug\u00fcne kadar? Ka\u00e7 u\u00e7uk fikrin pe\u015finden ko\u015ftun? Peki ka\u00e7 yazara hayran olup sen de kitap yazmak istedin? Yazd\u0131klar\u0131nla ka\u00e7 kez annen, baban ya da \u00f6\u011fretmenin taraf\u0131ndan aferin ile \u00f6d\u00fcllendirildin? Ya da ka\u00e7 kez yazmay\u0131 denedin? Ben \u00e7ok kez hayal ettim arkada\u015f\u0131m ve hayal bilgisi dersini \u00e7ok sevdim. \u015eimdi istiyorum ki birlikte hayal edelim. Bir kitab\u0131n sat\u0131rlar\u0131n\u0131 birlikte kirletelim. \u0130lk kitab\u0131n\u0131n sat\u0131rlar\u0131n\u0131 birlikte yazmaya ne dersin? Hadi \u015fimdi \u00e7evir kitab\u0131n ilk sayfas\u0131n\u0131 ve ilk kitab\u0131m\u0131z\u0131 birlikte yaz\u0131p \u00f6\u011fretmenimizden aferini bu kezbirlikte alal\u0131m. Unutma kalemimiz sadece hayallerimizi yazacak!<\/p>\n","protected":false},"excerpt":{"rendered":"<p>D\u00fc\u015f\u00fcnsene dostum ka\u00e7 hayalin kahraman\u0131 oldun bug\u00fcne kadar? Ka\u00e7 u\u00e7uk fikrin pe\u015finden ko\u015ftun? Peki ka\u00e7 yazara hayran olup sen de kitap yazmak istedin? Yazd\u0131klar\u0131nla ka\u00e7 kez<span class=\"excerpt-hellip\"> [\u2026]<\/span><\/p>\n","protected":false},"featured_media":0,"template":"","meta":{"_monsterinsights_skip_tracking":false,"_monsterinsights_sitenote_active":false,"_monsterinsights_sitenote_note":"","_monsterinsights_sitenote_category":0},"product_brand":[],"product_cat":[12274,12284],"product_tag":[],"class_list":{"0":"post-721704","1":"product","2":"type-product","3":"status-publish","5":"product_cat-cocuk-ve-genclik-kitaplari","6":"product_cat-hikayeler","7":"pa_cilt-ciltsiz","8":"pa_tur-kitap","9":"pa_yayinevi-dahi-cocuk-yayinlari","10":"pa_yazar-serkan-sengul","12":"first","13":"instock","14":"sale","15":"shipping-taxable","16":"purchasable","17":"product-type-simple"},"_links":{"self":[{"href":"https:\/\/roveyayinevi.com.tr\/index.php\/wp-json\/wp\/v2\/product\/721704","targetHints":{"allow":["GET"]}}],"collection":[{"href":"https:\/\/roveyayinevi.com.tr\/index.php\/wp-json\/wp\/v2\/product"}],"about":[{"href":"https:\/\/roveyayinevi.com.tr\/index.php\/wp-json\/wp\/v2\/types\/product"}],"wp:attachment":[{"href":"https:\/\/roveyayinevi.com.tr\/index.php\/wp-json\/wp\/v2\/media?parent=721704"}],"wp:term":[{"taxonomy":"product_brand","embeddable":true,"href":"https:\/\/roveyayinevi.com.tr\/index.php\/wp-json\/wp\/v2\/product_brand?post=721704"},{"taxonomy":"product_cat","embeddable":true,"href":"https:\/\/roveyayinevi.com.tr\/index.php\/wp-json\/wp\/v2\/product_cat?post=721704"},{"taxonomy":"product_tag","embeddable":true,"href":"https:\/\/roveyayinevi.com.tr\/index.php\/wp-json\/wp\/v2\/product_tag?post=721704"}],"curies":[{"name":"wp","href":"https:\/\/api.w.org\/{rel}","templated":true}]}}