{"id":721701,"date":"2025-08-27T18:53:46","date_gmt":"2025-08-27T15:53:46","guid":{"rendered":"https:\/\/roveyayinevi.com.tr\/index.php\/urun\/ada-3\/"},"modified":"2026-04-16T02:29:43","modified_gmt":"2026-04-15T23:29:43","slug":"ada-3","status":"publish","type":"product","link":"https:\/\/roveyayinevi.com.tr\/index.php\/urun\/ada-3\/","title":{"rendered":"Ada"},"content":{"rendered":"<p>Hayat insanlar i\u00e7in bir\u00e7ok s\u00fcrpriz haz\u0131rlam\u0131\u015ft\u0131r, y\u00fcre\u011fimizi duygular\u0131n rengine de\u011fdirerek bu s\u00fcrprizlerden ge\u00e7iyoruz. Hepimizin ayaklar\u0131nda ya\u015fad\u0131klar\u0131m\u0131zdan kalan izler. \u00c7ivi misali, ta\u015f\u0131yoruz. Zaman ge\u00e7tik\u00e7e ruhumuzda kalan bu izlerin fark\u0131na varmaya deneyim diyoruz.  Mesle\u011fim gere\u011fi hayatlar\u0131nda ki ya\u015fant\u0131lara tan\u0131kl\u0131k etti\u011fim insanlar\u0131n izleri her zaman beni etkilemi\u015ftir. Bu izlere dokunurken \u015fiirin yumu\u015fak elini kullanman\u0131n g\u00fczel etkilerini ke\u015ffettim, var olan psikolojik \u00e7ukurlar\u0131m\u0131z\u0131n sa\u011fl\u0131kl\u0131 bir \u015fekilde doldurulmas\u0131 i\u00e7in, \u015fiir anahtara giden yollardan biridir. Siz yeter ki dilinizi \u015fiire bulay\u0131n. Duygular\u0131 \u00e7al\u0131\u015f\u0131rken geli\u015fen diren\u00e7 \u00f6rneklerinde g\u00fczel sonu\u00e7 ald\u0131\u011f\u0131m \u015fiirleri sizlerle payla\u015fmay\u0131 hedefledi\u011fim bu kitap, amat\u00f6r fakat samimi bir kalbin yans\u0131mas\u0131d\u0131r.<\/p>\n","protected":false},"excerpt":{"rendered":"<p>Hayat insanlar i\u00e7in bir\u00e7ok s\u00fcrpriz haz\u0131rlam\u0131\u015ft\u0131r, y\u00fcre\u011fimizi duygular\u0131n rengine de\u011fdirerek bu s\u00fcrprizlerden ge\u00e7iyoruz. Hepimizin ayaklar\u0131nda ya\u015fad\u0131klar\u0131m\u0131zdan kalan izler. \u00c7ivi misali, ta\u015f\u0131yoruz. Zaman ge\u00e7tik\u00e7e ruhumuzda kalan bu<span class=\"excerpt-hellip\"> [\u2026]<\/span><\/p>\n","protected":false},"featured_media":0,"template":"","meta":{"_monsterinsights_skip_tracking":false,"_monsterinsights_sitenote_active":false,"_monsterinsights_sitenote_note":"","_monsterinsights_sitenote_category":0},"product_brand":[],"product_cat":[12777,12291],"product_tag":[],"class_list":{"0":"post-721701","1":"product","2":"type-product","3":"status-publish","5":"product_cat-deneme","6":"product_cat-edebiyat","7":"pa_cilt-ciltsiz","8":"pa_tur-kitap","9":"pa_yayinevi-kuytu-yayinlari","10":"pa_yazar-ozlem-celik-gurbuz","12":"first","13":"instock","14":"sale","15":"shipping-taxable","16":"purchasable","17":"product-type-simple"},"_links":{"self":[{"href":"https:\/\/roveyayinevi.com.tr\/index.php\/wp-json\/wp\/v2\/product\/721701","targetHints":{"allow":["GET"]}}],"collection":[{"href":"https:\/\/roveyayinevi.com.tr\/index.php\/wp-json\/wp\/v2\/product"}],"about":[{"href":"https:\/\/roveyayinevi.com.tr\/index.php\/wp-json\/wp\/v2\/types\/product"}],"wp:attachment":[{"href":"https:\/\/roveyayinevi.com.tr\/index.php\/wp-json\/wp\/v2\/media?parent=721701"}],"wp:term":[{"taxonomy":"product_brand","embeddable":true,"href":"https:\/\/roveyayinevi.com.tr\/index.php\/wp-json\/wp\/v2\/product_brand?post=721701"},{"taxonomy":"product_cat","embeddable":true,"href":"https:\/\/roveyayinevi.com.tr\/index.php\/wp-json\/wp\/v2\/product_cat?post=721701"},{"taxonomy":"product_tag","embeddable":true,"href":"https:\/\/roveyayinevi.com.tr\/index.php\/wp-json\/wp\/v2\/product_tag?post=721701"}],"curies":[{"name":"wp","href":"https:\/\/api.w.org\/{rel}","templated":true}]}}