{"id":721700,"date":"2025-08-27T18:53:45","date_gmt":"2025-08-27T15:53:45","guid":{"rendered":"https:\/\/roveyayinevi.com.tr\/index.php\/urun\/dildeki-dugum\/"},"modified":"2026-04-08T02:37:31","modified_gmt":"2026-04-07T23:37:31","slug":"dildeki-dugum","status":"publish","type":"product","link":"https:\/\/roveyayinevi.com.tr\/index.php\/urun\/dildeki-dugum\/","title":{"rendered":"Dildeki D\u00fc\u011f\u00fcm"},"content":{"rendered":"<p>E\u011fri b\u00fc\u011fr\u00fc, \u00e7ukurlarla dolu bir yoldu. Yolun sa\u011f\u0131nda s\u0131rt\u0131n\u0131 g\u00f6ky\u00fcz\u00fcne dayam\u0131\u015f da\u011f\u0131n eteklerinde seyrek\u00e7e g\u00f6r\u00fclen \u00e7am a\u011fa\u00e7lar\u0131, dikenli bozk\u0131r bitkileri vard\u0131. Koyun s\u00fcr\u00fcs\u00fc yamaca do\u011fru da\u011f\u0131lm\u0131\u015f otlan\u0131yordu. Yolcular, yolun kenar\u0131na yak\u0131n yere yay\u0131lm\u0131\u015f, y\u00fcr\u00fcyerek k\u00f6ye giden insanlar\u0131 g\u00f6rmeye al\u0131\u015f\u0131k oldu\u011fu her halinden belli olan \u00e7oban\u0131n umursamaz bak\u0131\u015flar\u0131 aras\u0131nda y\u00fcr\u00fcyorlard\u0131. Yolun solunda derin bir vadi, nispeten daha g\u00fcr ormanl\u0131k vard\u0131. Orman\u0131n alt k\u0131s\u0131mlar\u0131nda bir dere ak\u0131yordu. Hava mis gibiydi. Temiz havay\u0131 ci\u011ferlerine \u00e7ekerek yollar\u0131na devam ederlerken ya\u015fl\u0131 bir kad\u0131n sessizli\u011fi bozarak y\u00fcksek sesle konu\u015ftu.<\/p>\n","protected":false},"excerpt":{"rendered":"<p>E\u011fri b\u00fc\u011fr\u00fc, \u00e7ukurlarla dolu bir yoldu. Yolun sa\u011f\u0131nda s\u0131rt\u0131n\u0131 g\u00f6ky\u00fcz\u00fcne dayam\u0131\u015f da\u011f\u0131n eteklerinde seyrek\u00e7e g\u00f6r\u00fclen \u00e7am a\u011fa\u00e7lar\u0131, dikenli bozk\u0131r bitkileri vard\u0131. Koyun s\u00fcr\u00fcs\u00fc yamaca do\u011fru da\u011f\u0131lm\u0131\u015f<span class=\"excerpt-hellip\"> [\u2026]<\/span><\/p>\n","protected":false},"featured_media":0,"template":"","meta":{"_monsterinsights_skip_tracking":false,"_monsterinsights_sitenote_active":false,"_monsterinsights_sitenote_note":"","_monsterinsights_sitenote_category":0},"product_brand":[],"product_cat":[12291,12711],"product_tag":[],"class_list":{"0":"post-721700","1":"product","2":"type-product","3":"status-publish","5":"product_cat-edebiyat","6":"product_cat-roman-oyku","7":"pa_cilt-ciltsiz","8":"pa_tur-kitap","9":"pa_yayinevi-kuytu-yayinlari","10":"pa_yazar-aysel-kelekci-ozdemir","12":"first","13":"instock","14":"sale","15":"shipping-taxable","16":"purchasable","17":"product-type-simple"},"_links":{"self":[{"href":"https:\/\/roveyayinevi.com.tr\/index.php\/wp-json\/wp\/v2\/product\/721700","targetHints":{"allow":["GET"]}}],"collection":[{"href":"https:\/\/roveyayinevi.com.tr\/index.php\/wp-json\/wp\/v2\/product"}],"about":[{"href":"https:\/\/roveyayinevi.com.tr\/index.php\/wp-json\/wp\/v2\/types\/product"}],"wp:attachment":[{"href":"https:\/\/roveyayinevi.com.tr\/index.php\/wp-json\/wp\/v2\/media?parent=721700"}],"wp:term":[{"taxonomy":"product_brand","embeddable":true,"href":"https:\/\/roveyayinevi.com.tr\/index.php\/wp-json\/wp\/v2\/product_brand?post=721700"},{"taxonomy":"product_cat","embeddable":true,"href":"https:\/\/roveyayinevi.com.tr\/index.php\/wp-json\/wp\/v2\/product_cat?post=721700"},{"taxonomy":"product_tag","embeddable":true,"href":"https:\/\/roveyayinevi.com.tr\/index.php\/wp-json\/wp\/v2\/product_tag?post=721700"}],"curies":[{"name":"wp","href":"https:\/\/api.w.org\/{rel}","templated":true}]}}