{"id":721698,"date":"2025-08-27T18:53:44","date_gmt":"2025-08-27T15:53:44","guid":{"rendered":"https:\/\/roveyayinevi.com.tr\/index.php\/urun\/spor-ve-dijital-oyunda-son-nokta-espor\/"},"modified":"2026-04-16T02:29:43","modified_gmt":"2026-04-15T23:29:43","slug":"spor-ve-dijital-oyunda-son-nokta-espor","status":"publish","type":"product","link":"https:\/\/roveyayinevi.com.tr\/index.php\/urun\/spor-ve-dijital-oyunda-son-nokta-espor\/","title":{"rendered":"Spor ve Dijital Oyunda Son Nokta &#8211; Espor"},"content":{"rendered":"<p>D\u00fcnyada yeni bir spor do\u011fuyor\u2026\u00d6zellikle 15-25 ya\u015f ku\u015fa\u011f\u0131n\u0131n futboldan bile daha fazla ilgi g\u00f6stermeye ba\u015flad\u0131\u011f\u0131 sporun ad\u0131 ; e-spor. Teknolojinin h\u0131zl\u0131 bir \u015fekilde geli\u015fmesi topluumsal hayat\u0131m\u0131z\u0131 de\u011fi\u015ftirdi\u011fi gibi oyun oynama d\u0131namiklerini de de\u011fi\u015ftirmi\u015ftir.E\u011flenceli vakit ge\u00e7irmek i\u00e7in ger\u00e7ekle\u015ftirilen sokaklarda oynanan oyunlar,bilgisyar teknolojileri ile elektronik ortamlara ta\u015f\u0131nm\u0131\u015f b\u00f6ylelikle de geleneksel oyunlar\u0131n yerini dijital oyunlar alm\u0131\u015ft\u0131r.G\u00fcn\u00fcm\u00fczdeki gen\u00e7lerin teknoloji ile i\u00e7 i\u00e7e olmas\u0131,geleneksel oyunlar\u0131n aksine teknoloji kullanarak b\u00fcy\u00fcmeleri,onlar\u0131n geleneksel oyunlar yerine teknolojik aletler ile ilgili olmalar\u0131na sebep olmaktad\u0131r.Bu durum da gen\u00e7lerin dijital oyunlara olan ilgilerini beraberinde getirmektedir. <\/p>\n","protected":false},"excerpt":{"rendered":"<p>D\u00fcnyada yeni bir spor do\u011fuyor\u2026\u00d6zellikle 15-25 ya\u015f ku\u015fa\u011f\u0131n\u0131n futboldan bile daha fazla ilgi g\u00f6stermeye ba\u015flad\u0131\u011f\u0131 sporun ad\u0131 ; e-spor. Teknolojinin h\u0131zl\u0131 bir \u015fekilde geli\u015fmesi topluumsal hayat\u0131m\u0131z\u0131<span class=\"excerpt-hellip\"> [\u2026]<\/span><\/p>\n","protected":false},"featured_media":0,"template":"","meta":{"_monsterinsights_skip_tracking":false,"_monsterinsights_sitenote_active":false,"_monsterinsights_sitenote_note":"","_monsterinsights_sitenote_category":0},"product_brand":[],"product_cat":[15563,15564],"product_tag":[],"class_list":{"0":"post-721698","1":"product","2":"type-product","3":"status-publish","5":"product_cat-hobi","6":"product_cat-spor","7":"pa_cilt-ciltsiz","8":"pa_tur-kitap","9":"pa_yayinevi-gazi-kitabevi","10":"pa_yazar-alp-kaan-kilci","12":"first","13":"instock","14":"sale","15":"shipping-taxable","16":"purchasable","17":"product-type-simple"},"_links":{"self":[{"href":"https:\/\/roveyayinevi.com.tr\/index.php\/wp-json\/wp\/v2\/product\/721698","targetHints":{"allow":["GET"]}}],"collection":[{"href":"https:\/\/roveyayinevi.com.tr\/index.php\/wp-json\/wp\/v2\/product"}],"about":[{"href":"https:\/\/roveyayinevi.com.tr\/index.php\/wp-json\/wp\/v2\/types\/product"}],"wp:attachment":[{"href":"https:\/\/roveyayinevi.com.tr\/index.php\/wp-json\/wp\/v2\/media?parent=721698"}],"wp:term":[{"taxonomy":"product_brand","embeddable":true,"href":"https:\/\/roveyayinevi.com.tr\/index.php\/wp-json\/wp\/v2\/product_brand?post=721698"},{"taxonomy":"product_cat","embeddable":true,"href":"https:\/\/roveyayinevi.com.tr\/index.php\/wp-json\/wp\/v2\/product_cat?post=721698"},{"taxonomy":"product_tag","embeddable":true,"href":"https:\/\/roveyayinevi.com.tr\/index.php\/wp-json\/wp\/v2\/product_tag?post=721698"}],"curies":[{"name":"wp","href":"https:\/\/api.w.org\/{rel}","templated":true}]}}