{"id":721697,"date":"2025-08-27T18:53:43","date_gmt":"2025-08-27T15:53:43","guid":{"rendered":"https:\/\/roveyayinevi.com.tr\/index.php\/urun\/vicdani-liderlik-insanliga-insanligin-sesi\/"},"modified":"2026-04-16T02:29:43","modified_gmt":"2026-04-15T23:29:43","slug":"vicdani-liderlik-insanliga-insanligin-sesi","status":"publish","type":"product","link":"https:\/\/roveyayinevi.com.tr\/index.php\/urun\/vicdani-liderlik-insanliga-insanligin-sesi\/","title":{"rendered":"Vicdani Liderlik \u0130nsanl\u0131\u011fa \u0130nsanl\u0131\u011f\u0131n Sesi"},"content":{"rendered":"<p>Vicdan \u00e7o\u011fu dilde ki\u015finin iyi ile k\u00f6t\u00fcy\u00fc ay\u0131rt etmesini sa\u011flayan i\u00e7 duygu,sesve g\u00fcc\u00fc anlatmakta kullan\u0131lan vicdan kelimesi,bug\u00fcn insanl\u0131\u011f\u0131n sahip oldu\u011fu ve kullanageldi\u011fi say\u0131l\u0131 kadim medeniyet kavramlar\u0131ndan birisidir.Liderlik ise i\u00e7eri\u011fi ve manas\u0131 toplumsal de\u011fi\u015fimler sonucunda baz\u0131 de\u011fi\u015fikli\u011fe u\u011fram\u0131\u015f kavramlard\u0131r.Toplumlarda meydana gelen sosyo-ekonomik ve k\u00fclt\u00fcrel de\u011fi\u015fimler bireylerde de k\u00f6kl\u00fc de\u011fi\u015fiklikler olu\u015fturmaktad\u0131r.Farkl\u0131la\u015fan toplumsal ihtiya\u00e7lar farkl\u0131 ama\u00e7lara sahip insanlar\u0131n bir liderlik etraf\u0131nda toplanmalar\u0131n\u0131 zorla\u015ft\u0131rmaktad\u0131r.Tam da bu noktada Vicdani Liderler buna set \u00e7ekerek zerreden k\u00fcreye ,insanl\u0131\u011fa insanl\u0131\u011f\u0131n sesi olurlar.Vicdani Lider mahiyetindekileri koruyup g\u00fc\u00e7lendiren,toplumsal duyarl\u0131l\u0131\u011f\u0131 y\u00fcksek ,\u00fcst\u00fcn g\u00f6rev ahlak\u0131na sahip,bilin\u00e7li fark\u0131ndal\u0131\u011f\u0131 y\u00fcksek,tevazu sahibi,yarat\u0131c\u0131ya kar\u015f\u0131 sorumlu ve etik de\u011ferleri i\u00e7selle\u015ftiren ki\u015filerdir.bu davran\u0131\u015f\u0131n \u00f6nc\u00fcl\u00fc ise adalettir.<\/p>\n","protected":false},"excerpt":{"rendered":"<p>Vicdan \u00e7o\u011fu dilde ki\u015finin iyi ile k\u00f6t\u00fcy\u00fc ay\u0131rt etmesini sa\u011flayan i\u00e7 duygu,sesve g\u00fcc\u00fc anlatmakta kullan\u0131lan vicdan kelimesi,bug\u00fcn insanl\u0131\u011f\u0131n sahip oldu\u011fu ve kullanageldi\u011fi say\u0131l\u0131 kadim medeniyet kavramlar\u0131ndan<span class=\"excerpt-hellip\"> [\u2026]<\/span><\/p>\n","protected":false},"featured_media":0,"template":"","meta":{"_monsterinsights_skip_tracking":false,"_monsterinsights_sitenote_active":false,"_monsterinsights_sitenote_note":"","_monsterinsights_sitenote_category":0},"product_brand":[],"product_cat":[13043,14381],"product_tag":[],"class_list":{"0":"post-721697","1":"product","2":"type-product","3":"status-publish","5":"product_cat-ekonomi","6":"product_cat-isletme-muhasebe-maliye","7":"pa_cilt-ciltsiz","8":"pa_tur-kitap","9":"pa_yayinevi-gazi-kitabevi","10":"pa_yazar-kolektif","12":"first","13":"instock","14":"sale","15":"shipping-taxable","16":"purchasable","17":"product-type-simple"},"_links":{"self":[{"href":"https:\/\/roveyayinevi.com.tr\/index.php\/wp-json\/wp\/v2\/product\/721697","targetHints":{"allow":["GET"]}}],"collection":[{"href":"https:\/\/roveyayinevi.com.tr\/index.php\/wp-json\/wp\/v2\/product"}],"about":[{"href":"https:\/\/roveyayinevi.com.tr\/index.php\/wp-json\/wp\/v2\/types\/product"}],"wp:attachment":[{"href":"https:\/\/roveyayinevi.com.tr\/index.php\/wp-json\/wp\/v2\/media?parent=721697"}],"wp:term":[{"taxonomy":"product_brand","embeddable":true,"href":"https:\/\/roveyayinevi.com.tr\/index.php\/wp-json\/wp\/v2\/product_brand?post=721697"},{"taxonomy":"product_cat","embeddable":true,"href":"https:\/\/roveyayinevi.com.tr\/index.php\/wp-json\/wp\/v2\/product_cat?post=721697"},{"taxonomy":"product_tag","embeddable":true,"href":"https:\/\/roveyayinevi.com.tr\/index.php\/wp-json\/wp\/v2\/product_tag?post=721697"}],"curies":[{"name":"wp","href":"https:\/\/api.w.org\/{rel}","templated":true}]}}