{"id":721695,"date":"2025-08-27T18:53:42","date_gmt":"2025-08-27T15:53:42","guid":{"rendered":"https:\/\/roveyayinevi.com.tr\/index.php\/urun\/karl-marxin-sosyalist-iktisadi-ve-sosyalizm-uzerine-metinler\/"},"modified":"2026-04-16T02:29:43","modified_gmt":"2026-04-15T23:29:43","slug":"karl-marxin-sosyalist-iktisadi-ve-sosyalizm-uzerine-metinler","status":"publish","type":"product","link":"https:\/\/roveyayinevi.com.tr\/index.php\/urun\/karl-marxin-sosyalist-iktisadi-ve-sosyalizm-uzerine-metinler\/","title":{"rendered":"Karl Marx\u2019\u0131n Sosyalist \u0130ktisad\u0131 ve Sosyalizm \u00dczerine Metinler"},"content":{"rendered":"<p>Veblen\u2019in evrimsel sosyal teorisi, sosyal bilimler alan\u0131n\u0131n \u015f\u00fcphesiz en \u00f6nemli ve m\u00fcstesna teorilerinden biridir. Muazzam bir bilgi birikiminin ve \u00f6zg\u00fcn bir bak\u0131\u015f a\u00e7\u0131s\u0131n\u0131n \u00fcr\u00fcn\u00fc olan bu teori, sosyal ili\u015fki ve s\u00fcre\u00e7leri sosyal bilimlerin \u201canaak\u0131m\u201d teorilerinden olduk\u00e7a farkl\u0131 de\u011ferlendirir. Ufuk a\u00e7\u0131c\u0131d\u0131r. Veblen\u2019in teorisine ili\u015fkin s\u00f6ylediklerimiz ve \u00e7ok daha fazlas\u0131 elbette Marx\u2019\u0131n devrim yaratan teorisi i\u00e7in ge\u00e7erlidir. Marx\u2019\u0131n teorisi, sosyal bilimler alan\u0131nda ve toplumsal ya\u015famda ba\u015fka hi\u00e7bir teoriyle k\u0131yaslanamayacak kadar etkili olmu\u015ftur. Bu derlemede, Veblen ve Marx\u2019\u0131n teorik bak\u0131\u015f a\u00e7\u0131lar\u0131n\u0131n kar\u015f\u0131la\u015ft\u0131rmal\u0131 de\u011ferlendirmesini ve bunlar\u0131n olas\u0131 etkile\u015fimlerini m\u00fcmk\u00fcn k\u0131lan metinler vard\u0131r. Bununla birlikte derleme sadece bu metinlerden olu\u015fmaz. Veblen\u2019in sosyalizm d\u00fc\u015f\u00fcncesini de\u011ferlendirdi\u011fi metinler de bu derlemede yer almaktad\u0131r.<\/p>\n","protected":false},"excerpt":{"rendered":"<p>Veblen\u2019in evrimsel sosyal teorisi, sosyal bilimler alan\u0131n\u0131n \u015f\u00fcphesiz en \u00f6nemli ve m\u00fcstesna teorilerinden biridir. Muazzam bir bilgi birikiminin ve \u00f6zg\u00fcn bir bak\u0131\u015f a\u00e7\u0131s\u0131n\u0131n \u00fcr\u00fcn\u00fc olan bu<span class=\"excerpt-hellip\"> [\u2026]<\/span><\/p>\n","protected":false},"featured_media":0,"template":"","meta":{"_monsterinsights_skip_tracking":false,"_monsterinsights_sitenote_active":false,"_monsterinsights_sitenote_note":"","_monsterinsights_sitenote_category":0},"product_brand":[],"product_cat":[13044,13043],"product_tag":[],"class_list":{"0":"post-721695","1":"product","2":"type-product","3":"status-publish","5":"product_cat-dunya-ekonomisi","6":"product_cat-ekonomi","7":"pa_cilt-ciltsiz","8":"pa_tur-kitap","9":"pa_yayinevi-heretik-yayincilik","10":"pa_yazar-thorstein-bunde-veblen","12":"first","13":"instock","14":"sale","15":"shipping-taxable","16":"purchasable","17":"product-type-simple"},"_links":{"self":[{"href":"https:\/\/roveyayinevi.com.tr\/index.php\/wp-json\/wp\/v2\/product\/721695","targetHints":{"allow":["GET"]}}],"collection":[{"href":"https:\/\/roveyayinevi.com.tr\/index.php\/wp-json\/wp\/v2\/product"}],"about":[{"href":"https:\/\/roveyayinevi.com.tr\/index.php\/wp-json\/wp\/v2\/types\/product"}],"wp:attachment":[{"href":"https:\/\/roveyayinevi.com.tr\/index.php\/wp-json\/wp\/v2\/media?parent=721695"}],"wp:term":[{"taxonomy":"product_brand","embeddable":true,"href":"https:\/\/roveyayinevi.com.tr\/index.php\/wp-json\/wp\/v2\/product_brand?post=721695"},{"taxonomy":"product_cat","embeddable":true,"href":"https:\/\/roveyayinevi.com.tr\/index.php\/wp-json\/wp\/v2\/product_cat?post=721695"},{"taxonomy":"product_tag","embeddable":true,"href":"https:\/\/roveyayinevi.com.tr\/index.php\/wp-json\/wp\/v2\/product_tag?post=721695"}],"curies":[{"name":"wp","href":"https:\/\/api.w.org\/{rel}","templated":true}]}}