{"id":721693,"date":"2025-08-27T18:53:40","date_gmt":"2025-08-27T15:53:40","guid":{"rendered":"https:\/\/roveyayinevi.com.tr\/index.php\/urun\/dunya-ve-pantolon\/"},"modified":"2026-04-12T02:35:06","modified_gmt":"2026-04-11T23:35:06","slug":"dunya-ve-pantolon","status":"publish","type":"product","link":"https:\/\/roveyayinevi.com.tr\/index.php\/urun\/dunya-ve-pantolon\/","title":{"rendered":"D\u00fcnya ve Pantolon"},"content":{"rendered":"<p>Beckett\u2019i say\u0131s\u0131z \u00e7\u00f6k\u00fcnt\u00fcden kurtaran iki b\u00fcy\u00fck ressam: Bram ve Geer van Velde. Resmetmenin aksad\u0131\u011f\u0131 yerde aksakl\u0131\u011f\u0131 resme d\u00f6n\u00fc\u015ft\u00fcrd\u00fcler. <\/p>\n","protected":false},"excerpt":{"rendered":"<p>Beckett\u2019i say\u0131s\u0131z \u00e7\u00f6k\u00fcnt\u00fcden kurtaran iki b\u00fcy\u00fck ressam: Bram ve Geer van Velde. Resmetmenin aksad\u0131\u011f\u0131 yerde aksakl\u0131\u011f\u0131 resme d\u00f6n\u00fc\u015ft\u00fcrd\u00fcler.<\/p>\n","protected":false},"featured_media":0,"template":"","meta":{"_monsterinsights_skip_tracking":false,"_monsterinsights_sitenote_active":false,"_monsterinsights_sitenote_note":"","_monsterinsights_sitenote_category":0},"product_brand":[],"product_cat":[12291,12711],"product_tag":[],"class_list":{"0":"post-721693","1":"product","2":"type-product","3":"status-publish","5":"product_cat-edebiyat","6":"product_cat-roman-oyku","7":"pa_cilt-ciltsiz","8":"pa_tur-kitap","9":"pa_yayinevi-kirmizi-kedi-yayinevi","10":"pa_yazar-samuel-beckett","12":"first","13":"instock","14":"sale","15":"shipping-taxable","16":"purchasable","17":"product-type-simple"},"_links":{"self":[{"href":"https:\/\/roveyayinevi.com.tr\/index.php\/wp-json\/wp\/v2\/product\/721693","targetHints":{"allow":["GET"]}}],"collection":[{"href":"https:\/\/roveyayinevi.com.tr\/index.php\/wp-json\/wp\/v2\/product"}],"about":[{"href":"https:\/\/roveyayinevi.com.tr\/index.php\/wp-json\/wp\/v2\/types\/product"}],"wp:attachment":[{"href":"https:\/\/roveyayinevi.com.tr\/index.php\/wp-json\/wp\/v2\/media?parent=721693"}],"wp:term":[{"taxonomy":"product_brand","embeddable":true,"href":"https:\/\/roveyayinevi.com.tr\/index.php\/wp-json\/wp\/v2\/product_brand?post=721693"},{"taxonomy":"product_cat","embeddable":true,"href":"https:\/\/roveyayinevi.com.tr\/index.php\/wp-json\/wp\/v2\/product_cat?post=721693"},{"taxonomy":"product_tag","embeddable":true,"href":"https:\/\/roveyayinevi.com.tr\/index.php\/wp-json\/wp\/v2\/product_tag?post=721693"}],"curies":[{"name":"wp","href":"https:\/\/api.w.org\/{rel}","templated":true}]}}