{"id":721692,"date":"2025-08-27T18:53:39","date_gmt":"2025-08-27T15:53:39","guid":{"rendered":"https:\/\/roveyayinevi.com.tr\/index.php\/urun\/icimizdeki-seytan-17\/"},"modified":"2026-04-16T02:29:43","modified_gmt":"2026-04-15T23:29:43","slug":"icimizdeki-seytan-17","status":"publish","type":"product","link":"https:\/\/roveyayinevi.com.tr\/index.php\/urun\/icimizdeki-seytan-17\/","title":{"rendered":"\u0130\u00e7imizdeki \u015eeytan"},"content":{"rendered":"<p>\u201c\u0130steyip istemedi\u011fimi do\u011fru d\u00fcr\u00fcst bilmedi\u011fim, fakat neticesi aleyhime \u00e7\u0131karsa istemedi\u011fimi iddia etti\u011fim bu nevi s\u00f6z ve fiillerimin daimi bir mesul\u00fcn\u00fc bulmu\u015ftum: Buna i\u00e7imdeki \u015feytan diyordum; m\u00fcdafaas\u0131n\u0131 \u00fczerime almaktan korktu\u011fum b\u00fct\u00fcn hareketlerimi ona y\u00fckl\u00fcyor ve kendi surat\u0131ma t\u00fck\u00fcrece\u011fim yerde, haks\u0131zl\u0131\u011fa, tesad\u00fcf\u00fcn cilvesine u\u011fram\u0131\u015f bir mazlum gibi nefsimi \u015fefkat ve ihtimama lay\u0131k g\u00f6r\u00fcyordum.\u201d Sabahattin Ali\u2019nin \u00f6l\u00fcms\u00fcz eserlerinden \u0130\u00e7imizdeki \u015eeytan; toplumsal d\u00fczene teslim olmu\u015f \u201cayd\u0131n\u201dlar\u0131n,  ayd\u0131n ge\u00e7inenlerinin aczinin ilan\u0131\u2026 <\/p>\n","protected":false},"excerpt":{"rendered":"<p>\u201c\u0130steyip istemedi\u011fimi do\u011fru d\u00fcr\u00fcst bilmedi\u011fim, fakat neticesi aleyhime \u00e7\u0131karsa istemedi\u011fimi iddia etti\u011fim bu nevi s\u00f6z ve fiillerimin daimi bir mesul\u00fcn\u00fc bulmu\u015ftum: Buna i\u00e7imdeki \u015feytan diyordum; m\u00fcdafaas\u0131n\u0131<span class=\"excerpt-hellip\"> [\u2026]<\/span><\/p>\n","protected":false},"featured_media":0,"template":"","meta":{"_monsterinsights_skip_tracking":false,"_monsterinsights_sitenote_active":false,"_monsterinsights_sitenote_note":"","_monsterinsights_sitenote_category":0},"product_brand":[],"product_cat":[12291,12711],"product_tag":[],"class_list":{"0":"post-721692","1":"product","2":"type-product","3":"status-publish","5":"product_cat-edebiyat","6":"product_cat-roman-oyku","7":"pa_cilt-ciltsiz","8":"pa_tur-kitap","9":"pa_yayinevi-kirmizi-kedi-yayinevi","10":"pa_yazar-sabahattin-ali","12":"first","13":"instock","14":"sale","15":"shipping-taxable","16":"purchasable","17":"product-type-simple"},"_links":{"self":[{"href":"https:\/\/roveyayinevi.com.tr\/index.php\/wp-json\/wp\/v2\/product\/721692","targetHints":{"allow":["GET"]}}],"collection":[{"href":"https:\/\/roveyayinevi.com.tr\/index.php\/wp-json\/wp\/v2\/product"}],"about":[{"href":"https:\/\/roveyayinevi.com.tr\/index.php\/wp-json\/wp\/v2\/types\/product"}],"wp:attachment":[{"href":"https:\/\/roveyayinevi.com.tr\/index.php\/wp-json\/wp\/v2\/media?parent=721692"}],"wp:term":[{"taxonomy":"product_brand","embeddable":true,"href":"https:\/\/roveyayinevi.com.tr\/index.php\/wp-json\/wp\/v2\/product_brand?post=721692"},{"taxonomy":"product_cat","embeddable":true,"href":"https:\/\/roveyayinevi.com.tr\/index.php\/wp-json\/wp\/v2\/product_cat?post=721692"},{"taxonomy":"product_tag","embeddable":true,"href":"https:\/\/roveyayinevi.com.tr\/index.php\/wp-json\/wp\/v2\/product_tag?post=721692"}],"curies":[{"name":"wp","href":"https:\/\/api.w.org\/{rel}","templated":true}]}}