{"id":721691,"date":"2025-08-27T18:53:38","date_gmt":"2025-08-27T15:53:38","guid":{"rendered":"https:\/\/roveyayinevi.com.tr\/index.php\/urun\/kuyucakli-yusuf-19\/"},"modified":"2026-04-16T02:29:43","modified_gmt":"2026-04-15T23:29:43","slug":"kuyucakli-yusuf-19","status":"publish","type":"product","link":"https:\/\/roveyayinevi.com.tr\/index.php\/urun\/kuyucakli-yusuf-19\/","title":{"rendered":"Kuyucakl\u0131 Yusuf"},"content":{"rendered":"<p>\u201cYusuf, kendini de bu muazzam ve yekpare geceye yap\u0131\u015f\u0131k sand\u0131 ve korkuyla \u00fcrperdi. Islak ellerini y\u00fcz\u00fcnde dola\u015ft\u0131rd\u0131. Kirpiklerinden yanaklar\u0131na ya\u011fmur sular\u0131 s\u00fcz\u00fcl\u00fcyordu. Yapt\u0131\u011f\u0131 hareketler ona hi\u00e7bir yere ba\u011fl\u0131 olmad\u0131\u011f\u0131n\u0131n \u015fuurunu verdi. Hatta yava\u015f yava\u015f etraf\u0131ndan ne kadar ayr\u0131 oldu\u011funu, ne kadar uzak oldu\u011funu hissetmeye ba\u015flad\u0131. Bir an, i\u00e7inde deminkinin tamam\u0131yla aksi olan bir yaln\u0131zl\u0131k duygusuyla sars\u0131ld\u0131.\u201d Kuyucakl\u0131 Yusuf, benim meskenim da\u011flard\u0131r diyen  bir \u015fairin unutulmaz roman\u0131\u2026 <\/p>\n","protected":false},"excerpt":{"rendered":"<p>\u201cYusuf, kendini de bu muazzam ve yekpare geceye yap\u0131\u015f\u0131k sand\u0131 ve korkuyla \u00fcrperdi. Islak ellerini y\u00fcz\u00fcnde dola\u015ft\u0131rd\u0131. Kirpiklerinden yanaklar\u0131na ya\u011fmur sular\u0131 s\u00fcz\u00fcl\u00fcyordu. Yapt\u0131\u011f\u0131 hareketler ona hi\u00e7bir<span class=\"excerpt-hellip\"> [\u2026]<\/span><\/p>\n","protected":false},"featured_media":0,"template":"","meta":{"_monsterinsights_skip_tracking":false,"_monsterinsights_sitenote_active":false,"_monsterinsights_sitenote_note":"","_monsterinsights_sitenote_category":0},"product_brand":[],"product_cat":[12291,12711],"product_tag":[],"class_list":{"0":"post-721691","1":"product","2":"type-product","3":"status-publish","5":"product_cat-edebiyat","6":"product_cat-roman-oyku","7":"pa_cilt-ciltsiz","8":"pa_tur-kitap","9":"pa_yayinevi-kirmizi-kedi-yayinevi","10":"pa_yazar-sabahattin-ali","12":"first","13":"instock","14":"sale","15":"shipping-taxable","16":"purchasable","17":"product-type-simple"},"_links":{"self":[{"href":"https:\/\/roveyayinevi.com.tr\/index.php\/wp-json\/wp\/v2\/product\/721691","targetHints":{"allow":["GET"]}}],"collection":[{"href":"https:\/\/roveyayinevi.com.tr\/index.php\/wp-json\/wp\/v2\/product"}],"about":[{"href":"https:\/\/roveyayinevi.com.tr\/index.php\/wp-json\/wp\/v2\/types\/product"}],"wp:attachment":[{"href":"https:\/\/roveyayinevi.com.tr\/index.php\/wp-json\/wp\/v2\/media?parent=721691"}],"wp:term":[{"taxonomy":"product_brand","embeddable":true,"href":"https:\/\/roveyayinevi.com.tr\/index.php\/wp-json\/wp\/v2\/product_brand?post=721691"},{"taxonomy":"product_cat","embeddable":true,"href":"https:\/\/roveyayinevi.com.tr\/index.php\/wp-json\/wp\/v2\/product_cat?post=721691"},{"taxonomy":"product_tag","embeddable":true,"href":"https:\/\/roveyayinevi.com.tr\/index.php\/wp-json\/wp\/v2\/product_tag?post=721691"}],"curies":[{"name":"wp","href":"https:\/\/api.w.org\/{rel}","templated":true}]}}