{"id":721690,"date":"2025-08-27T18:53:38","date_gmt":"2025-08-27T15:53:38","guid":{"rendered":"https:\/\/roveyayinevi.com.tr\/index.php\/urun\/kurk-mantolu-madonna-19\/"},"modified":"2026-04-16T02:29:43","modified_gmt":"2026-04-15T23:29:43","slug":"kurk-mantolu-madonna-19","status":"publish","type":"product","link":"https:\/\/roveyayinevi.com.tr\/index.php\/urun\/kurk-mantolu-madonna-19\/","title":{"rendered":"K\u00fcrk Mantolu Madonna"},"content":{"rendered":"<p>\u201cFakat benim i\u00e7in bundan sonra eski uykuya d\u00f6nmek imk\u00e2n\u0131 yoktu. Ya\u015fad\u0131\u011f\u0131m m\u00fcddet\u00e7e t\u00fcrl\u00fc t\u00fcrl\u00fc yerler gezecek, dilini bildi\u011fim ve bilmedi\u011fim insanlarla tan\u0131\u015facak ve her yerde, herkeste onu, Maria Puder\u2019i, K\u00fcrk Mantolu Madonna\u2019y\u0131 arayacakt\u0131m. Onu bulamayaca\u011f\u0131m\u0131 daha \u015fimdiden biliyordum.\u201d   Sabahattin Ali\u2019nin ba\u015fyap\u0131tlar\u0131ndan K\u00fcrk Mantolu Madonna; yaln\u0131z, yapayaln\u0131z bir adam\u0131n tutkulu bir aray\u0131\u015fa d\u00f6n\u00fc\u015fen a\u015fk\u0131n\u0131n roman\u0131. <\/p>\n","protected":false},"excerpt":{"rendered":"<p>\u201cFakat benim i\u00e7in bundan sonra eski uykuya d\u00f6nmek imk\u00e2n\u0131 yoktu. Ya\u015fad\u0131\u011f\u0131m m\u00fcddet\u00e7e t\u00fcrl\u00fc t\u00fcrl\u00fc yerler gezecek, dilini bildi\u011fim ve bilmedi\u011fim insanlarla tan\u0131\u015facak ve her yerde, herkeste<span class=\"excerpt-hellip\"> [\u2026]<\/span><\/p>\n","protected":false},"featured_media":0,"template":"","meta":{"_monsterinsights_skip_tracking":false,"_monsterinsights_sitenote_active":false,"_monsterinsights_sitenote_note":"","_monsterinsights_sitenote_category":0},"product_brand":[],"product_cat":[12291,12711],"product_tag":[],"class_list":{"0":"post-721690","1":"product","2":"type-product","3":"status-publish","5":"product_cat-edebiyat","6":"product_cat-roman-oyku","7":"pa_cilt-ciltsiz","8":"pa_tur-kitap","9":"pa_yayinevi-kirmizi-kedi-yayinevi","10":"pa_yazar-sabahattin-ali","12":"first","13":"instock","14":"sale","15":"shipping-taxable","16":"purchasable","17":"product-type-simple"},"_links":{"self":[{"href":"https:\/\/roveyayinevi.com.tr\/index.php\/wp-json\/wp\/v2\/product\/721690","targetHints":{"allow":["GET"]}}],"collection":[{"href":"https:\/\/roveyayinevi.com.tr\/index.php\/wp-json\/wp\/v2\/product"}],"about":[{"href":"https:\/\/roveyayinevi.com.tr\/index.php\/wp-json\/wp\/v2\/types\/product"}],"wp:attachment":[{"href":"https:\/\/roveyayinevi.com.tr\/index.php\/wp-json\/wp\/v2\/media?parent=721690"}],"wp:term":[{"taxonomy":"product_brand","embeddable":true,"href":"https:\/\/roveyayinevi.com.tr\/index.php\/wp-json\/wp\/v2\/product_brand?post=721690"},{"taxonomy":"product_cat","embeddable":true,"href":"https:\/\/roveyayinevi.com.tr\/index.php\/wp-json\/wp\/v2\/product_cat?post=721690"},{"taxonomy":"product_tag","embeddable":true,"href":"https:\/\/roveyayinevi.com.tr\/index.php\/wp-json\/wp\/v2\/product_tag?post=721690"}],"curies":[{"name":"wp","href":"https:\/\/api.w.org\/{rel}","templated":true}]}}