{"id":721685,"date":"2025-08-27T18:53:34","date_gmt":"2025-08-27T15:53:34","guid":{"rendered":"https:\/\/roveyayinevi.com.tr\/index.php\/urun\/ozgurluge-kacisim\/"},"modified":"2026-04-16T02:29:43","modified_gmt":"2026-04-15T23:29:43","slug":"ozgurluge-kacisim","status":"publish","type":"product","link":"https:\/\/roveyayinevi.com.tr\/index.php\/urun\/ozgurluge-kacisim\/","title":{"rendered":"\u00d6zg\u00fcrl\u00fc\u011fe Ka\u00e7\u0131\u015f\u0131m"},"content":{"rendered":"<p>Bosna Hersek\u2019in \u00f6zg\u00fcrl\u00fck ve ba\u011f\u0131ms\u0131zl\u0131k m\u00fccadelesinde en ba\u015fat rol\u00fc oynayan Aliya \u0130zetbegovi\u00e7\u2019in hapis g\u00fcnlerinde fikri d\u00fcnyas\u0131nda derinle\u015fti\u011fi notlar\u0131n\u0131n derlemesidir \u00d6zg\u00fcrl\u00fc\u011fe Ka\u00e7\u0131\u015f\u0131m. Ya\u015fam\u0131n\u0131n neredeyse tamam\u0131 \u00f6zg\u00fcrl\u00fck m\u00fccadelesi ile ge\u00e7en \u0130zetbegovi\u00e7, bulundu\u011fu co\u011frafyay\u0131 ve d\u00fcnyay\u0131 t\u00fcm y\u00f6nleri ile kavrayabilen, ge\u00e7mi\u015fi ve ya\u015fad\u0131\u011f\u0131 \u00e7a\u011f\u0131 farkl\u0131 disiplinler i\u00e7inde de\u011ferlendirebilen \u00e7ok y\u00f6nl\u00fc ki\u015fili\u011fi ile son y\u00fczy\u0131l\u0131n en \u00f6nemli d\u00fc\u015f\u00fcn\u00fcrlerinden biridir. Aliya \u0130zetbegovi\u00e7, \u00d6zg\u00fcrl\u00fc\u011fe Ka\u00e7\u0131\u015f\u0131m ile temel hak ve \u00f6zg\u00fcrl\u00fckler, din, siyaset, bilim, ilim ve sanat gibi bir\u00e7ok kavram\u0131 engin bilgi birikimi ile dam\u0131t\u0131p biz okuyucuya hakikati g\u00f6z hizas\u0131na getirecek e\u015fsiz bir eser sunmu\u015ftur.<\/p>\n","protected":false},"excerpt":{"rendered":"<p>Bosna Hersek\u2019in \u00f6zg\u00fcrl\u00fck ve ba\u011f\u0131ms\u0131zl\u0131k m\u00fccadelesinde en ba\u015fat rol\u00fc oynayan Aliya \u0130zetbegovi\u00e7\u2019in hapis g\u00fcnlerinde fikri d\u00fcnyas\u0131nda derinle\u015fti\u011fi notlar\u0131n\u0131n derlemesidir \u00d6zg\u00fcrl\u00fc\u011fe Ka\u00e7\u0131\u015f\u0131m. Ya\u015fam\u0131n\u0131n neredeyse tamam\u0131 \u00f6zg\u00fcrl\u00fck m\u00fccadelesi<span class=\"excerpt-hellip\"> [\u2026]<\/span><\/p>\n","protected":false},"featured_media":0,"template":"","meta":{"_monsterinsights_skip_tracking":false,"_monsterinsights_sitenote_active":false,"_monsterinsights_sitenote_note":"","_monsterinsights_sitenote_category":0},"product_brand":[],"product_cat":[13946,12304],"product_tag":[],"class_list":{"0":"post-721685","1":"product","2":"type-product","3":"status-publish","5":"product_cat-biyografi-otobiyografi","6":"product_cat-tarih","7":"pa_cilt-ciltsiz","8":"pa_tur-kitap","9":"pa_yayinevi-ketebe-yayinlari","10":"pa_yazar-aliya-izetbegovic","12":"first","13":"instock","14":"sale","15":"shipping-taxable","16":"purchasable","17":"product-type-simple"},"_links":{"self":[{"href":"https:\/\/roveyayinevi.com.tr\/index.php\/wp-json\/wp\/v2\/product\/721685","targetHints":{"allow":["GET"]}}],"collection":[{"href":"https:\/\/roveyayinevi.com.tr\/index.php\/wp-json\/wp\/v2\/product"}],"about":[{"href":"https:\/\/roveyayinevi.com.tr\/index.php\/wp-json\/wp\/v2\/types\/product"}],"wp:attachment":[{"href":"https:\/\/roveyayinevi.com.tr\/index.php\/wp-json\/wp\/v2\/media?parent=721685"}],"wp:term":[{"taxonomy":"product_brand","embeddable":true,"href":"https:\/\/roveyayinevi.com.tr\/index.php\/wp-json\/wp\/v2\/product_brand?post=721685"},{"taxonomy":"product_cat","embeddable":true,"href":"https:\/\/roveyayinevi.com.tr\/index.php\/wp-json\/wp\/v2\/product_cat?post=721685"},{"taxonomy":"product_tag","embeddable":true,"href":"https:\/\/roveyayinevi.com.tr\/index.php\/wp-json\/wp\/v2\/product_tag?post=721685"}],"curies":[{"name":"wp","href":"https:\/\/api.w.org\/{rel}","templated":true}]}}