{"id":721683,"date":"2025-08-27T18:53:32","date_gmt":"2025-08-27T15:53:32","guid":{"rendered":"https:\/\/roveyayinevi.com.tr\/index.php\/urun\/mumkun-oykulerin-en-iyisi\/"},"modified":"2026-04-16T02:29:43","modified_gmt":"2026-04-15T23:29:43","slug":"mumkun-oykulerin-en-iyisi","status":"publish","type":"product","link":"https:\/\/roveyayinevi.com.tr\/index.php\/urun\/mumkun-oykulerin-en-iyisi\/","title":{"rendered":"M\u00fcmk\u00fcn \u00d6yk\u00fclerin En \u0130yisi"},"content":{"rendered":"<p>Hadi gir i\u00e7eri! Bu kitaptaki \u00f6yk\u00fcler elbette m\u00fcmk\u00fcn \u00f6yk\u00fclerin en iyileri de\u011filler. Kabul et, sen de zaten m\u00fcmk\u00fcn okurlar\u0131n en iyisi de\u011filsin. Dur! Anla\u015fabiliriz, \u00f6yleymi\u015f gibi yapabiliriz! Bir s\u00fcreli\u011fine -mi\u015f gibi davranman\u0131n kime ne zarar\u0131 var? Hem zaten kurmacan\u0131n kendisi b\u00fcy\u00fcl\u00fc bir oyun de\u011fil mi? Tam da b\u00f6yle! M\u00fcmk\u00fcn oyunlar\u0131n en iyisi hem de. Hadi gir i\u00e7eri! \u00c7\u00fcnk\u00fc i\u00e7eride, yollar\u0131 \u00e7atallanan bah\u00e7ede k\u00f6r bir kuyuya rastlayabilir, kuyunun ba\u015f\u0131nda kendini, tan\u0131mad\u0131\u011f\u0131n bir adamla, sonsuz bir yolculu\u011fa \u00e7\u0131kman\u0131n kahramanca olup olmad\u0131\u011f\u0131n\u0131 tart\u0131\u015f\u0131rken bulabilirsin. Ya da ummad\u0131\u011f\u0131n bir anlat\u0131c\u0131n\u0131n yazd\u0131\u011f\u0131 bir \u00f6yk\u00fcde, belki de hen\u00fcz tan\u0131makla \u015fereflenmedi\u011fin kahraman\u0131n \u00f6ld\u00fcr\u00fcl\u00fc\u015f\u00fcne bile \u015fahit olabilirsin. Hem sen de zaten metinler aras\u0131nda keyifli bir yolculu\u011fa \u00e7\u0131kmak istemiyor muydun? Bu kitapla da bunun i\u00e7in bir yak\u0131nl\u0131k kurdun. Hadi, kabul et ve gir i\u00e7eri! <\/p>\n","protected":false},"excerpt":{"rendered":"<p>Hadi gir i\u00e7eri! Bu kitaptaki \u00f6yk\u00fcler elbette m\u00fcmk\u00fcn \u00f6yk\u00fclerin en iyileri de\u011filler. Kabul et, sen de zaten m\u00fcmk\u00fcn okurlar\u0131n en iyisi de\u011filsin. Dur! Anla\u015fabiliriz, \u00f6yleymi\u015f gibi<span class=\"excerpt-hellip\"> [\u2026]<\/span><\/p>\n","protected":false},"featured_media":0,"template":"","meta":{"_monsterinsights_skip_tracking":false,"_monsterinsights_sitenote_active":false,"_monsterinsights_sitenote_note":"","_monsterinsights_sitenote_category":0},"product_brand":[],"product_cat":[12291,12711],"product_tag":[],"class_list":{"0":"post-721683","1":"product","2":"type-product","3":"status-publish","5":"product_cat-edebiyat","6":"product_cat-roman-oyku","7":"pa_cilt-ciltsiz","8":"pa_tur-kitap","9":"pa_yayinevi-ketebe-yayinlari","10":"pa_yazar-aykut-ertugrul","12":"first","13":"instock","14":"sale","15":"shipping-taxable","16":"purchasable","17":"product-type-simple"},"_links":{"self":[{"href":"https:\/\/roveyayinevi.com.tr\/index.php\/wp-json\/wp\/v2\/product\/721683","targetHints":{"allow":["GET"]}}],"collection":[{"href":"https:\/\/roveyayinevi.com.tr\/index.php\/wp-json\/wp\/v2\/product"}],"about":[{"href":"https:\/\/roveyayinevi.com.tr\/index.php\/wp-json\/wp\/v2\/types\/product"}],"wp:attachment":[{"href":"https:\/\/roveyayinevi.com.tr\/index.php\/wp-json\/wp\/v2\/media?parent=721683"}],"wp:term":[{"taxonomy":"product_brand","embeddable":true,"href":"https:\/\/roveyayinevi.com.tr\/index.php\/wp-json\/wp\/v2\/product_brand?post=721683"},{"taxonomy":"product_cat","embeddable":true,"href":"https:\/\/roveyayinevi.com.tr\/index.php\/wp-json\/wp\/v2\/product_cat?post=721683"},{"taxonomy":"product_tag","embeddable":true,"href":"https:\/\/roveyayinevi.com.tr\/index.php\/wp-json\/wp\/v2\/product_tag?post=721683"}],"curies":[{"name":"wp","href":"https:\/\/api.w.org\/{rel}","templated":true}]}}