{"id":721682,"date":"2025-08-27T18:53:32","date_gmt":"2025-08-27T15:53:32","guid":{"rendered":"https:\/\/roveyayinevi.com.tr\/index.php\/urun\/goc-ve-toplum\/"},"modified":"2025-10-14T05:36:02","modified_gmt":"2025-10-14T02:36:02","slug":"goc-ve-toplum","status":"publish","type":"product","link":"https:\/\/roveyayinevi.com.tr\/index.php\/urun\/goc-ve-toplum\/","title":{"rendered":"G\u00f6\u00e7 ve Toplum"},"content":{"rendered":"<p>G\u00f6\u00e7ler \u00e7a\u011f\u0131n\u0131 ya\u015f\u0131yoruz! \u0130nsano\u011flunun bilinen tarihinin hi\u00e7bir d\u00f6neminde, n\u00fcfus hareketlerinin k\u00fcre \u00f6l\u00e7e\u011finde bu denli yo\u011fun oldu\u011fu g\u00f6r\u00fclmemi\u015ftir. End\u00fcstri devrimiyle birlikte \u00fcretim ili\u015fkilerinde ya\u015fanan kapsaml\u0131 d\u00f6n\u00fc\u015f\u00fcmler, ula\u015f\u0131m ve kitle ileti\u015fiminin ba\u015f d\u00f6nd\u00fcr\u00fcc\u00fc geli\u015fimi, devletler aras\u0131 sava\u015f ve bar\u0131\u015f\u0131n de\u011fi\u015fen y\u00fczleri, ku\u015fkusuz g\u00f6\u00e7lerin de mahiyetini k\u00f6kl\u00fc bir \u015fekilde farkl\u0131la\u015ft\u0131rm\u0131\u015ft\u0131r.Beyin g\u00f6\u00e7\u00fcnden m\u00fcbadeleye, emek g\u00f6\u00e7\u00fcnden sava\u015f ma\u011fduru s\u0131\u011f\u0131nmac\u0131lara kadar bir\u00e7ok g\u00f6\u00e7 ve g\u00f6\u00e7men t\u00fcr\u00fcn\u00fcn e\u015f zamanl\u0131 g\u00f6r\u00fclebildi\u011fi modern d\u00f6nemde, k\u00fcreselle\u015fmeyle geli\u015fen yeni ya\u015fama imk\u00e2nlar\u0131yla fiziksel hareketlilikler olabildi\u011fince kolayla\u015fm\u0131\u015f ve h\u0131zlanm\u0131\u015ft\u0131r. Buradan hareketle, i\u00e7inde bulundu\u011fumuz \u00e7a\u011fda, hemen her \u00fclkenin g\u00f6\u00e7 alan\/veren ya da her ikisini birden ya\u015fayan \u00fclkeler olarak g\u00f6\u00e7ten etkilenece\u011fi \u00f6ng\u00f6r\u00fclebilir. Elinizdeki kitap, konuyu kuramsal temeller ve g\u00fcncel veriler \u0131\u015f\u0131\u011f\u0131nda b\u00fct\u00fcnc\u00fcl bir \u015fekilde ele alan temel bir ba\u015fvuru kayna\u011f\u0131 olarak haz\u0131rland\u0131. Bu ba\u011flamda \u00e7al\u0131\u015fma, ara\u015ft\u0131rmac\u0131lar, \u00f6\u011frenciler ve konuya ilgi duyan okuyucular i\u00e7in nitelikli bir ba\u015flang\u0131\u00e7 \u00e7er\u00e7evesi sunmay\u0131 ama\u00e7lamaktad\u0131r. <\/p>\n","protected":false},"excerpt":{"rendered":"<p>G\u00f6\u00e7ler \u00e7a\u011f\u0131n\u0131 ya\u015f\u0131yoruz! \u0130nsano\u011flunun bilinen tarihinin hi\u00e7bir d\u00f6neminde, n\u00fcfus hareketlerinin k\u00fcre \u00f6l\u00e7e\u011finde bu denli yo\u011fun oldu\u011fu g\u00f6r\u00fclmemi\u015ftir. End\u00fcstri devrimiyle birlikte \u00fcretim ili\u015fkilerinde ya\u015fanan kapsaml\u0131 d\u00f6n\u00fc\u015f\u00fcmler, ula\u015f\u0131m<span class=\"excerpt-hellip\"> [\u2026]<\/span><\/p>\n","protected":false},"featured_media":0,"template":"","meta":{"_monsterinsights_skip_tracking":false,"_monsterinsights_sitenote_active":false,"_monsterinsights_sitenote_note":"","_monsterinsights_sitenote_category":0},"product_brand":[],"product_cat":[12325,12324],"product_tag":[],"class_list":{"0":"post-721682","1":"product","2":"type-product","3":"status-publish","5":"product_cat-diger-sosyoloji","6":"product_cat-sosyoloji","7":"pa_cilt-ciltsiz","8":"pa_tur-kitap","9":"pa_yayinevi-ketebe-yayinlari","10":"pa_yazar-fatih-yaman","12":"first","13":"instock","14":"sale","15":"shipping-taxable","16":"purchasable","17":"product-type-simple"},"_links":{"self":[{"href":"https:\/\/roveyayinevi.com.tr\/index.php\/wp-json\/wp\/v2\/product\/721682","targetHints":{"allow":["GET"]}}],"collection":[{"href":"https:\/\/roveyayinevi.com.tr\/index.php\/wp-json\/wp\/v2\/product"}],"about":[{"href":"https:\/\/roveyayinevi.com.tr\/index.php\/wp-json\/wp\/v2\/types\/product"}],"wp:attachment":[{"href":"https:\/\/roveyayinevi.com.tr\/index.php\/wp-json\/wp\/v2\/media?parent=721682"}],"wp:term":[{"taxonomy":"product_brand","embeddable":true,"href":"https:\/\/roveyayinevi.com.tr\/index.php\/wp-json\/wp\/v2\/product_brand?post=721682"},{"taxonomy":"product_cat","embeddable":true,"href":"https:\/\/roveyayinevi.com.tr\/index.php\/wp-json\/wp\/v2\/product_cat?post=721682"},{"taxonomy":"product_tag","embeddable":true,"href":"https:\/\/roveyayinevi.com.tr\/index.php\/wp-json\/wp\/v2\/product_tag?post=721682"}],"curies":[{"name":"wp","href":"https:\/\/api.w.org\/{rel}","templated":true}]}}