{"id":721681,"date":"2025-08-27T18:53:31","date_gmt":"2025-08-27T15:53:31","guid":{"rendered":"https:\/\/roveyayinevi.com.tr\/index.php\/urun\/kvaidan-2\/"},"modified":"2026-04-16T02:29:43","modified_gmt":"2026-04-15T23:29:43","slug":"kvaidan-2","status":"publish","type":"product","link":"https:\/\/roveyayinevi.com.tr\/index.php\/urun\/kvaidan-2\/","title":{"rendered":"Kvaidan"},"content":{"rendered":"<p>Kvaidan Tuhaf \u015eeylere Dair Hik\u00e2yeler b\u00fcy\u00fck bir k\u0131sm\u0131 Japon, birka\u00e7\u0131 ise \u00c7in kaynakl\u0131 on yedi \u201ctuhaf hik\u00e2ye\u201d ve kelebekler, kar\u0131ncalar ve sineklere dair 3 incelemeden olu\u015fuyor. Bu eserleri ilgin\u00e7 ve ilgi \u00e7ekici k\u0131lan ise do\u011fan\u0131n, d\u00fc\u015f\u00fcn, b\u00fcy\u00fcn\u00fcn ve ger\u00e7ekd\u0131\u015f\u0131 olaylar\u0131n g\u00fcndelik hayat i\u00e7erisindeki uyumu ve Uzakdo\u011fu\u2019ya has naiflik ve \u015fiirselli\u011fin verdi\u011fi o dingin fakat bir o kadar tuhaf histir. \u015eiirde haiku nas\u0131l ayr\u0131 bir t\u00fcr olarak an\u0131l\u0131yorsa, Japon hik\u00e2ye ve masallar\u0131 da farkl\u0131 bir yerde durmay\u0131 hak etmektedir. Aslen Yunan as\u0131ll\u0131 olan Lafcadio Hearn d\u00fcnyan\u0131n farkl\u0131 yerlerinde ya\u015fama deneyiminin arkas\u0131ndan Japonya\u2019ya yerle\u015ferek, Uzakdo\u011fu\u2019n\u0131n o gizemli kap\u0131s\u0131ndan girer ve \u00f6mr\u00fcn\u00fcn geri kalan\u0131nda bir Japon olarak Japonya ve Japon k\u00fclt\u00fcr ve edebiyat\u0131 \u00fczerine ayd\u0131nlat\u0131c\u0131 \u00e7al\u0131\u015fmalarda bulunur. <\/p>\n","protected":false},"excerpt":{"rendered":"<p>Kvaidan Tuhaf \u015eeylere Dair Hik\u00e2yeler b\u00fcy\u00fck bir k\u0131sm\u0131 Japon, birka\u00e7\u0131 ise \u00c7in kaynakl\u0131 on yedi \u201ctuhaf hik\u00e2ye\u201d ve kelebekler, kar\u0131ncalar ve sineklere dair 3 incelemeden olu\u015fuyor.<span class=\"excerpt-hellip\"> [\u2026]<\/span><\/p>\n","protected":false},"featured_media":0,"template":"","meta":{"_monsterinsights_skip_tracking":false,"_monsterinsights_sitenote_active":false,"_monsterinsights_sitenote_note":"","_monsterinsights_sitenote_category":0},"product_brand":[],"product_cat":[12291,12711],"product_tag":[],"class_list":{"0":"post-721681","1":"product","2":"type-product","3":"status-publish","5":"product_cat-edebiyat","6":"product_cat-roman-oyku","7":"pa_cilt-ciltsiz","8":"pa_tur-kitap","9":"pa_yayinevi-ketebe-yayinlari","10":"pa_yazar-lafcadio-hearn","12":"first","13":"instock","14":"sale","15":"shipping-taxable","16":"purchasable","17":"product-type-simple"},"_links":{"self":[{"href":"https:\/\/roveyayinevi.com.tr\/index.php\/wp-json\/wp\/v2\/product\/721681","targetHints":{"allow":["GET"]}}],"collection":[{"href":"https:\/\/roveyayinevi.com.tr\/index.php\/wp-json\/wp\/v2\/product"}],"about":[{"href":"https:\/\/roveyayinevi.com.tr\/index.php\/wp-json\/wp\/v2\/types\/product"}],"wp:attachment":[{"href":"https:\/\/roveyayinevi.com.tr\/index.php\/wp-json\/wp\/v2\/media?parent=721681"}],"wp:term":[{"taxonomy":"product_brand","embeddable":true,"href":"https:\/\/roveyayinevi.com.tr\/index.php\/wp-json\/wp\/v2\/product_brand?post=721681"},{"taxonomy":"product_cat","embeddable":true,"href":"https:\/\/roveyayinevi.com.tr\/index.php\/wp-json\/wp\/v2\/product_cat?post=721681"},{"taxonomy":"product_tag","embeddable":true,"href":"https:\/\/roveyayinevi.com.tr\/index.php\/wp-json\/wp\/v2\/product_tag?post=721681"}],"curies":[{"name":"wp","href":"https:\/\/api.w.org\/{rel}","templated":true}]}}