{"id":721680,"date":"2025-08-27T18:53:30","date_gmt":"2025-08-27T15:53:30","guid":{"rendered":"https:\/\/roveyayinevi.com.tr\/index.php\/urun\/ahlak-2\/"},"modified":"2026-04-16T02:29:43","modified_gmt":"2026-04-15T23:29:43","slug":"ahlak-2","status":"publish","type":"product","link":"https:\/\/roveyayinevi.com.tr\/index.php\/urun\/ahlak-2\/","title":{"rendered":"Ahlak"},"content":{"rendered":"<p>Bu kitap, ahl\u00e2k\u0131n g\u00fcc\u00fc ve i\u015flevlerini \u00f6nemli \u00f6l\u00e7\u00fcde hukuka ve siyasete b\u0131rakt\u0131\u011f\u0131 modern d\u00f6nemde ahl\u00e2k alan\u0131nda bir krizle kar\u015f\u0131 kar\u015f\u0131ya oldu\u011fumuz kabul\u00fcyle yaz\u0131lm\u0131\u015ft\u0131r. Kriz hem modern d\u00f6nemi in\u015fa eden Bat\u0131 d\u00fc\u015f\u00fcncesinde hem de Bat\u0131 d\u00fc\u015f\u00fcncesinin \u015fu veya bu a\u00e7\u0131dan etkisinde kalan di\u011fer medeniyetlerde kendisini hissettirmektedir. Bug\u00fcn ahl\u00e2k\u0131n f\u00e2ili olarak insan, iyinin yitirildi\u011fi ve ahl\u00e2k\u0131n asli sorusunun unutuldu\u011fu bir bireysel ve toplumsal hayata mahk\u00fbm olmakla s\u0131nanmaktad\u0131r. Bu sebeple bu kitapta tan\u0131m, anlam ve eylem olarak iyiye ula\u015fman\u0131n bir \u00e7er\u00e7evesi \u00e7\u0131kar\u0131lmaktad\u0131r. Elinizdeki kitapta ahl\u00e2ki fark\u0131ndal\u0131k, tecr\u00fcbe ve kararlar\u0131n olu\u015fum s\u00fcreci tart\u0131\u015f\u0131lmaktad\u0131r. Bu anlamda kitap ahl\u00e2ka yeni bir bak\u0131\u015f getirmekte ve ahl\u00e2k i\u00e7in nesnel bir zemin olu\u015fturmaktad\u0131r. Ahl\u00e2kili\u011fin sorguland\u0131\u011f\u0131 g\u00fcn\u00fcm\u00fcz d\u00fcnyas\u0131nda bu nesnel zemin siyasetten iktisada, sanattan topluma t\u00fcm alanlarda kurucu bir rol oynayacakt\u0131r. <\/p>\n","protected":false},"excerpt":{"rendered":"<p>Bu kitap, ahl\u00e2k\u0131n g\u00fcc\u00fc ve i\u015flevlerini \u00f6nemli \u00f6l\u00e7\u00fcde hukuka ve siyasete b\u0131rakt\u0131\u011f\u0131 modern d\u00f6nemde ahl\u00e2k alan\u0131nda bir krizle kar\u015f\u0131 kar\u015f\u0131ya oldu\u011fumuz kabul\u00fcyle yaz\u0131lm\u0131\u015ft\u0131r. Kriz hem modern<span class=\"excerpt-hellip\"> [\u2026]<\/span><\/p>\n","protected":false},"featured_media":0,"template":"","meta":{"_monsterinsights_skip_tracking":false,"_monsterinsights_sitenote_active":false,"_monsterinsights_sitenote_note":"","_monsterinsights_sitenote_category":0},"product_brand":[],"product_cat":[12325,12324],"product_tag":[],"class_list":{"0":"post-721680","1":"product","2":"type-product","3":"status-publish","5":"product_cat-diger-sosyoloji","6":"product_cat-sosyoloji","7":"pa_cilt-ciltsiz","8":"pa_tur-kitap","9":"pa_yayinevi-ketebe-yayinlari","10":"pa_yazar-omer-turker","12":"first","13":"instock","14":"sale","15":"shipping-taxable","16":"purchasable","17":"product-type-simple"},"_links":{"self":[{"href":"https:\/\/roveyayinevi.com.tr\/index.php\/wp-json\/wp\/v2\/product\/721680","targetHints":{"allow":["GET"]}}],"collection":[{"href":"https:\/\/roveyayinevi.com.tr\/index.php\/wp-json\/wp\/v2\/product"}],"about":[{"href":"https:\/\/roveyayinevi.com.tr\/index.php\/wp-json\/wp\/v2\/types\/product"}],"wp:attachment":[{"href":"https:\/\/roveyayinevi.com.tr\/index.php\/wp-json\/wp\/v2\/media?parent=721680"}],"wp:term":[{"taxonomy":"product_brand","embeddable":true,"href":"https:\/\/roveyayinevi.com.tr\/index.php\/wp-json\/wp\/v2\/product_brand?post=721680"},{"taxonomy":"product_cat","embeddable":true,"href":"https:\/\/roveyayinevi.com.tr\/index.php\/wp-json\/wp\/v2\/product_cat?post=721680"},{"taxonomy":"product_tag","embeddable":true,"href":"https:\/\/roveyayinevi.com.tr\/index.php\/wp-json\/wp\/v2\/product_tag?post=721680"}],"curies":[{"name":"wp","href":"https:\/\/api.w.org\/{rel}","templated":true}]}}