{"id":721676,"date":"2025-08-27T18:53:27","date_gmt":"2025-08-27T15:53:27","guid":{"rendered":"https:\/\/roveyayinevi.com.tr\/index.php\/urun\/karanlik-evren-kehanetleri\/"},"modified":"2026-04-16T02:29:43","modified_gmt":"2026-04-15T23:29:43","slug":"karanlik-evren-kehanetleri","status":"publish","type":"product","link":"https:\/\/roveyayinevi.com.tr\/index.php\/urun\/karanlik-evren-kehanetleri\/","title":{"rendered":"Karanl\u0131k Evren Kehanetleri"},"content":{"rendered":"<p>M\u00fcthi\u015f bir h\u0131zla geli\u015fen bilim ve teknolojinin, \u00f6n\u00fcm\u00fczdeki s\u00fcre\u00e7te nereye do\u011fru ivmelenece\u011fini tahmin edebilmenin gittik\u00e7e zorla\u015ft\u0131\u011f\u0131 devirleri idrak ediyoruz. Gelece\u011fin d\u00fcnyas\u0131nda olu\u015fmas\u0131 muhtemel paradigma de\u011fi\u015fimlerini ve kaotik d\u00f6n\u00fc\u015f\u00fcmleri \u00f6nceden kestirebilmenin olanaks\u0131zl\u0131\u011f\u0131n\u0131 kabul etmek gerekiyor.Polat Onat benzersiz bir \u00fcslupla yazd\u0131\u011f\u0131 bu inovatif bilimkurgu \u00f6yk\u00fcleriyle, Karanl\u0131k Evren Kehanetleri\u2019ni okurlar\u0131yla bulu\u015fturuyor. Bu kitab\u0131 okuduktan sonra, kozmik d\u00fc\u015f\u00fcncenin, hayallerin ba\u015flad\u0131\u011f\u0131 s\u0131n\u0131rda ger\u00e7eklik kazand\u0131\u011f\u0131na inanacaks\u0131n\u0131z.<\/p>\n","protected":false},"excerpt":{"rendered":"<p>M\u00fcthi\u015f bir h\u0131zla geli\u015fen bilim ve teknolojinin, \u00f6n\u00fcm\u00fczdeki s\u00fcre\u00e7te nereye do\u011fru ivmelenece\u011fini tahmin edebilmenin gittik\u00e7e zorla\u015ft\u0131\u011f\u0131 devirleri idrak ediyoruz. Gelece\u011fin d\u00fcnyas\u0131nda olu\u015fmas\u0131 muhtemel paradigma de\u011fi\u015fimlerini ve<span class=\"excerpt-hellip\"> [\u2026]<\/span><\/p>\n","protected":false},"featured_media":0,"template":"","meta":{"_monsterinsights_skip_tracking":false,"_monsterinsights_sitenote_active":false,"_monsterinsights_sitenote_note":"","_monsterinsights_sitenote_category":0},"product_brand":[],"product_cat":[12540,12291],"product_tag":[],"class_list":{"0":"post-721676","1":"product","2":"type-product","3":"status-publish","5":"product_cat-bilim-kurgu","6":"product_cat-edebiyat","7":"pa_cilt-ciltsiz","8":"pa_tur-kitap","9":"pa_yayinevi-perseus","10":"pa_yazar-polat-onat","12":"first","13":"instock","14":"sale","15":"shipping-taxable","16":"purchasable","17":"product-type-simple"},"_links":{"self":[{"href":"https:\/\/roveyayinevi.com.tr\/index.php\/wp-json\/wp\/v2\/product\/721676","targetHints":{"allow":["GET"]}}],"collection":[{"href":"https:\/\/roveyayinevi.com.tr\/index.php\/wp-json\/wp\/v2\/product"}],"about":[{"href":"https:\/\/roveyayinevi.com.tr\/index.php\/wp-json\/wp\/v2\/types\/product"}],"wp:attachment":[{"href":"https:\/\/roveyayinevi.com.tr\/index.php\/wp-json\/wp\/v2\/media?parent=721676"}],"wp:term":[{"taxonomy":"product_brand","embeddable":true,"href":"https:\/\/roveyayinevi.com.tr\/index.php\/wp-json\/wp\/v2\/product_brand?post=721676"},{"taxonomy":"product_cat","embeddable":true,"href":"https:\/\/roveyayinevi.com.tr\/index.php\/wp-json\/wp\/v2\/product_cat?post=721676"},{"taxonomy":"product_tag","embeddable":true,"href":"https:\/\/roveyayinevi.com.tr\/index.php\/wp-json\/wp\/v2\/product_tag?post=721676"}],"curies":[{"name":"wp","href":"https:\/\/api.w.org\/{rel}","templated":true}]}}