{"id":721674,"date":"2025-08-27T18:53:26","date_gmt":"2025-08-27T15:53:26","guid":{"rendered":"https:\/\/roveyayinevi.com.tr\/index.php\/urun\/miknatis\/"},"modified":"2026-04-16T02:29:43","modified_gmt":"2026-04-15T23:29:43","slug":"miknatis","status":"publish","type":"product","link":"https:\/\/roveyayinevi.com.tr\/index.php\/urun\/miknatis\/","title":{"rendered":"M\u0131knat\u0131s"},"content":{"rendered":"<p>Prenseslerin d\u00fcnyas\u0131nda korkusuz ve ac\u0131mas\u0131z d\u00fc\u015fmanlar\u0131n hain planlar\u0131 bozulacak m\u0131? Yoksa her zaman iyiler kazanmaz m\u0131? Hi\u00e7bir iyili\u011fin ve k\u00f6t\u00fcl\u00fc\u011f\u00fcn kar\u015f\u0131l\u0131ks\u0131z kalmad\u0131\u011f\u0131 bir d\u00fcnyan\u0131n kap\u0131lar\u0131n\u0131 aralayacaks\u0131n\u0131z.<\/p>\n","protected":false},"excerpt":{"rendered":"<p>Prenseslerin d\u00fcnyas\u0131nda korkusuz ve ac\u0131mas\u0131z d\u00fc\u015fmanlar\u0131n hain planlar\u0131 bozulacak m\u0131? Yoksa her zaman iyiler kazanmaz m\u0131? Hi\u00e7bir iyili\u011fin ve k\u00f6t\u00fcl\u00fc\u011f\u00fcn kar\u015f\u0131l\u0131ks\u0131z kalmad\u0131\u011f\u0131 bir d\u00fcnyan\u0131n kap\u0131lar\u0131n\u0131 aralayacaks\u0131n\u0131z.<\/p>\n","protected":false},"featured_media":0,"template":"","meta":{"_monsterinsights_skip_tracking":false,"_monsterinsights_sitenote_active":false,"_monsterinsights_sitenote_note":"","_monsterinsights_sitenote_category":0},"product_brand":[],"product_cat":[12291,14777],"product_tag":[],"class_list":{"0":"post-721674","1":"product","2":"type-product","3":"status-publish","5":"product_cat-edebiyat","6":"product_cat-fantastik","7":"pa_cilt-ciltsiz","8":"pa_tur-kitap","9":"pa_yayinevi-perseus","10":"pa_yazar-aytul-degerli","12":"first","13":"instock","14":"sale","15":"shipping-taxable","16":"purchasable","17":"product-type-simple"},"_links":{"self":[{"href":"https:\/\/roveyayinevi.com.tr\/index.php\/wp-json\/wp\/v2\/product\/721674","targetHints":{"allow":["GET"]}}],"collection":[{"href":"https:\/\/roveyayinevi.com.tr\/index.php\/wp-json\/wp\/v2\/product"}],"about":[{"href":"https:\/\/roveyayinevi.com.tr\/index.php\/wp-json\/wp\/v2\/types\/product"}],"wp:attachment":[{"href":"https:\/\/roveyayinevi.com.tr\/index.php\/wp-json\/wp\/v2\/media?parent=721674"}],"wp:term":[{"taxonomy":"product_brand","embeddable":true,"href":"https:\/\/roveyayinevi.com.tr\/index.php\/wp-json\/wp\/v2\/product_brand?post=721674"},{"taxonomy":"product_cat","embeddable":true,"href":"https:\/\/roveyayinevi.com.tr\/index.php\/wp-json\/wp\/v2\/product_cat?post=721674"},{"taxonomy":"product_tag","embeddable":true,"href":"https:\/\/roveyayinevi.com.tr\/index.php\/wp-json\/wp\/v2\/product_tag?post=721674"}],"curies":[{"name":"wp","href":"https:\/\/api.w.org\/{rel}","templated":true}]}}