{"id":721672,"date":"2025-08-27T18:53:24","date_gmt":"2025-08-27T15:53:24","guid":{"rendered":"https:\/\/roveyayinevi.com.tr\/index.php\/urun\/kurtulus-uyanis-direnis\/"},"modified":"2026-04-16T02:29:43","modified_gmt":"2026-04-15T23:29:43","slug":"kurtulus-uyanis-direnis","status":"publish","type":"product","link":"https:\/\/roveyayinevi.com.tr\/index.php\/urun\/kurtulus-uyanis-direnis\/","title":{"rendered":"Kurtulu\u015f Uyan\u0131\u015f Direni\u015f"},"content":{"rendered":"<p>Ceyhun Atuf Kansu; do\u011fumunun 100. y\u0131l\u0131nda \u00e7\u0131kan bu kitab\u0131nda, ayd\u0131n devrimcilerin \u00e7ekirde\u011finde \u00f6rg\u00fctlenmi\u015f k\u00f6yl\u00fclerin yaratt\u0131\u011f\u0131 ba\u011f\u0131ms\u0131zl\u0131k sava\u015f\u0131n\u0131n, ulusal ate\u015fin, ulusal uyan\u0131\u015f ve direni\u015fin felsefesini, \u00e7ok emek verilmi\u015f, g\u00f6z nuru d\u00f6k\u00fclm\u00fc\u015f bir Anadolu kilimi gibi \u00f6n\u00fcm\u00fcze seriyor. \u00d6yle ki; kitab\u0131 okuyanlar, g\u00fcn\u00fcm\u00fcz sorunsallar\u0131 kar\u015f\u0131s\u0131nda \u00e7\u0131k\u0131\u015f yolu olarak ne yap\u0131lmas\u0131 gerekti\u011fini anlama olana\u011f\u0131 buluyor. \u201cUykuya dalm\u0131\u015f, uyutulmu\u015f bir halk, kurtulu\u015f sava\u015f\u0131n\u0131n anlam\u0131n\u0131 kendi g\u00fcndelik ya\u015fant\u0131s\u0131na ba\u011flayamaz&#8230;\u201d <\/p>\n","protected":false},"excerpt":{"rendered":"<p>Ceyhun Atuf Kansu; do\u011fumunun 100. y\u0131l\u0131nda \u00e7\u0131kan bu kitab\u0131nda, ayd\u0131n devrimcilerin \u00e7ekirde\u011finde \u00f6rg\u00fctlenmi\u015f k\u00f6yl\u00fclerin yaratt\u0131\u011f\u0131 ba\u011f\u0131ms\u0131zl\u0131k sava\u015f\u0131n\u0131n, ulusal ate\u015fin, ulusal uyan\u0131\u015f ve direni\u015fin felsefesini, \u00e7ok emek<span class=\"excerpt-hellip\"> [\u2026]<\/span><\/p>\n","protected":false},"featured_media":0,"template":"","meta":{"_monsterinsights_skip_tracking":false,"_monsterinsights_sitenote_active":false,"_monsterinsights_sitenote_note":"","_monsterinsights_sitenote_category":0},"product_brand":[],"product_cat":[12777,12291],"product_tag":[],"class_list":{"0":"post-721672","1":"product","2":"type-product","3":"status-publish","5":"product_cat-deneme","6":"product_cat-edebiyat","7":"pa_cilt-ciltsiz","8":"pa_tur-kitap","9":"pa_yayinevi-telgrafhane-yayinlari","10":"pa_yazar-ceyhun-atuf-kansu","12":"first","13":"instock","14":"sale","15":"shipping-taxable","16":"purchasable","17":"product-type-simple"},"_links":{"self":[{"href":"https:\/\/roveyayinevi.com.tr\/index.php\/wp-json\/wp\/v2\/product\/721672","targetHints":{"allow":["GET"]}}],"collection":[{"href":"https:\/\/roveyayinevi.com.tr\/index.php\/wp-json\/wp\/v2\/product"}],"about":[{"href":"https:\/\/roveyayinevi.com.tr\/index.php\/wp-json\/wp\/v2\/types\/product"}],"wp:attachment":[{"href":"https:\/\/roveyayinevi.com.tr\/index.php\/wp-json\/wp\/v2\/media?parent=721672"}],"wp:term":[{"taxonomy":"product_brand","embeddable":true,"href":"https:\/\/roveyayinevi.com.tr\/index.php\/wp-json\/wp\/v2\/product_brand?post=721672"},{"taxonomy":"product_cat","embeddable":true,"href":"https:\/\/roveyayinevi.com.tr\/index.php\/wp-json\/wp\/v2\/product_cat?post=721672"},{"taxonomy":"product_tag","embeddable":true,"href":"https:\/\/roveyayinevi.com.tr\/index.php\/wp-json\/wp\/v2\/product_tag?post=721672"}],"curies":[{"name":"wp","href":"https:\/\/api.w.org\/{rel}","templated":true}]}}