{"id":721670,"date":"2025-08-27T18:53:22","date_gmt":"2025-08-27T15:53:22","guid":{"rendered":"https:\/\/roveyayinevi.com.tr\/index.php\/urun\/insan-ne-ile-yasar-17\/"},"modified":"2026-04-16T02:29:43","modified_gmt":"2026-04-15T23:29:43","slug":"insan-ne-ile-yasar-17","status":"publish","type":"product","link":"https:\/\/roveyayinevi.com.tr\/index.php\/urun\/insan-ne-ile-yasar-17\/","title":{"rendered":"\u0130nsan Ne \u0130le Ya\u015far?"},"content":{"rendered":"<p>Lev Tolstoy, \u0130nsan Neyle Ya\u015far?&#8217;daki hikayelerde, d\u00fcnya mal\u0131 u\u011fruna karde\u015flerine s\u0131rt \u00e7evirenlere, h\u0131rs\u0131na yenik d\u00fc\u015fenlere, kanaat etmeyi bilmeyenlere sevginin, iyili\u011fin, hakikatin g\u00fcc\u00fcn\u00fc hat\u0131rlat\u0131yor.<\/p>\n","protected":false},"excerpt":{"rendered":"<p>Lev Tolstoy, \u0130nsan Neyle Ya\u015far?&#8217;daki hikayelerde, d\u00fcnya mal\u0131 u\u011fruna karde\u015flerine s\u0131rt \u00e7evirenlere, h\u0131rs\u0131na yenik d\u00fc\u015fenlere, kanaat etmeyi bilmeyenlere sevginin, iyili\u011fin, hakikatin g\u00fcc\u00fcn\u00fc hat\u0131rlat\u0131yor.<\/p>\n","protected":false},"featured_media":0,"template":"","meta":{"_monsterinsights_skip_tracking":false,"_monsterinsights_sitenote_active":false,"_monsterinsights_sitenote_note":"","_monsterinsights_sitenote_category":0},"product_brand":[],"product_cat":[12291,12711],"product_tag":[],"class_list":{"0":"post-721670","1":"product","2":"type-product","3":"status-publish","5":"product_cat-edebiyat","6":"product_cat-roman-oyku","7":"pa_cilt-ciltsiz","8":"pa_tur-kitap","9":"pa_yayinevi-turkuvaz-kitap","10":"pa_yazar-lev-nikolayevic-tolstoy","12":"first","13":"instock","14":"sale","15":"shipping-taxable","16":"purchasable","17":"product-type-simple"},"_links":{"self":[{"href":"https:\/\/roveyayinevi.com.tr\/index.php\/wp-json\/wp\/v2\/product\/721670","targetHints":{"allow":["GET"]}}],"collection":[{"href":"https:\/\/roveyayinevi.com.tr\/index.php\/wp-json\/wp\/v2\/product"}],"about":[{"href":"https:\/\/roveyayinevi.com.tr\/index.php\/wp-json\/wp\/v2\/types\/product"}],"wp:attachment":[{"href":"https:\/\/roveyayinevi.com.tr\/index.php\/wp-json\/wp\/v2\/media?parent=721670"}],"wp:term":[{"taxonomy":"product_brand","embeddable":true,"href":"https:\/\/roveyayinevi.com.tr\/index.php\/wp-json\/wp\/v2\/product_brand?post=721670"},{"taxonomy":"product_cat","embeddable":true,"href":"https:\/\/roveyayinevi.com.tr\/index.php\/wp-json\/wp\/v2\/product_cat?post=721670"},{"taxonomy":"product_tag","embeddable":true,"href":"https:\/\/roveyayinevi.com.tr\/index.php\/wp-json\/wp\/v2\/product_tag?post=721670"}],"curies":[{"name":"wp","href":"https:\/\/api.w.org\/{rel}","templated":true}]}}