{"id":721667,"date":"2025-08-27T18:53:20","date_gmt":"2025-08-27T15:53:20","guid":{"rendered":"https:\/\/roveyayinevi.com.tr\/index.php\/urun\/muhtesem-gatsby-7\/"},"modified":"2026-04-16T02:29:43","modified_gmt":"2026-04-15T23:29:43","slug":"muhtesem-gatsby-7","status":"publish","type":"product","link":"https:\/\/roveyayinevi.com.tr\/index.php\/urun\/muhtesem-gatsby-7\/","title":{"rendered":"Muhte\u015fem Gatsby"},"content":{"rendered":"<p>Bir hayalin pe\u015finde Jay Gatsby. Caz \u00c7a\u011f\u0131\u2019n\u0131n par\u0131lt\u0131l\u0131 g\u00fcnlerinde, gen\u00e7lik a\u015fk\u0131 Daisy\u2019ye ula\u015fmak i\u00e7in \u00e7abal\u0131yor. 1920\u2019lerin ihti\u015fam\u0131n\u0131 ve sonras\u0131ndaki b\u00fcy\u00fck buhran\u0131 bir a\u015fk hik\u00e2yesine s\u0131\u011fd\u0131ran F. Scott Fitzgerald, Muhte\u015fem Gatsby\u2019de sona eren bir r\u00fcyay\u0131, Amerikan r\u00fcyas\u0131n\u0131 anlat\u0131yor.<\/p>\n","protected":false},"excerpt":{"rendered":"<p>Bir hayalin pe\u015finde Jay Gatsby. Caz \u00c7a\u011f\u0131\u2019n\u0131n par\u0131lt\u0131l\u0131 g\u00fcnlerinde, gen\u00e7lik a\u015fk\u0131 Daisy\u2019ye ula\u015fmak i\u00e7in \u00e7abal\u0131yor. 1920\u2019lerin ihti\u015fam\u0131n\u0131 ve sonras\u0131ndaki b\u00fcy\u00fck buhran\u0131 bir a\u015fk hik\u00e2yesine s\u0131\u011fd\u0131ran F.<span class=\"excerpt-hellip\"> [\u2026]<\/span><\/p>\n","protected":false},"featured_media":0,"template":"","meta":{"_monsterinsights_skip_tracking":false,"_monsterinsights_sitenote_active":false,"_monsterinsights_sitenote_note":"","_monsterinsights_sitenote_category":0},"product_brand":[],"product_cat":[12291,12711],"product_tag":[],"class_list":{"0":"post-721667","1":"product","2":"type-product","3":"status-publish","5":"product_cat-edebiyat","6":"product_cat-roman-oyku","7":"pa_cilt-ciltsiz","8":"pa_tur-kitap","9":"pa_yayinevi-turkuvaz-kitap","10":"pa_yazar-f-scott-fitzgerald","12":"first","13":"instock","14":"sale","15":"shipping-taxable","16":"purchasable","17":"product-type-simple"},"_links":{"self":[{"href":"https:\/\/roveyayinevi.com.tr\/index.php\/wp-json\/wp\/v2\/product\/721667","targetHints":{"allow":["GET"]}}],"collection":[{"href":"https:\/\/roveyayinevi.com.tr\/index.php\/wp-json\/wp\/v2\/product"}],"about":[{"href":"https:\/\/roveyayinevi.com.tr\/index.php\/wp-json\/wp\/v2\/types\/product"}],"wp:attachment":[{"href":"https:\/\/roveyayinevi.com.tr\/index.php\/wp-json\/wp\/v2\/media?parent=721667"}],"wp:term":[{"taxonomy":"product_brand","embeddable":true,"href":"https:\/\/roveyayinevi.com.tr\/index.php\/wp-json\/wp\/v2\/product_brand?post=721667"},{"taxonomy":"product_cat","embeddable":true,"href":"https:\/\/roveyayinevi.com.tr\/index.php\/wp-json\/wp\/v2\/product_cat?post=721667"},{"taxonomy":"product_tag","embeddable":true,"href":"https:\/\/roveyayinevi.com.tr\/index.php\/wp-json\/wp\/v2\/product_tag?post=721667"}],"curies":[{"name":"wp","href":"https:\/\/api.w.org\/{rel}","templated":true}]}}