{"id":721664,"date":"2025-08-27T18:53:17","date_gmt":"2025-08-27T15:53:17","guid":{"rendered":"https:\/\/roveyayinevi.com.tr\/index.php\/urun\/iki-sehrin-hikayesi-10\/"},"modified":"2026-04-16T02:29:43","modified_gmt":"2026-04-15T23:29:43","slug":"iki-sehrin-hikayesi-10","status":"publish","type":"product","link":"https:\/\/roveyayinevi.com.tr\/index.php\/urun\/iki-sehrin-hikayesi-10\/","title":{"rendered":"\u0130ki \u015eehrin Hikayesi"},"content":{"rendered":"<p>Charles Dickens, sakin ve dura\u011fan atmosferiyle Londra\u2019n\u0131n kar\u015f\u0131s\u0131na giyotinin g\u00f6lgesindeki Paris\u2019i; s\u00fcrg\u00fcndeki Frans\u0131z aristokrat Charles Darnay\u2019in kar\u015f\u0131s\u0131na k\u00f6t\u00fc \u015f\u00f6hretli \u0130ngiliz avukat Sydney Carter\u2019\u0131 koyuyor ve Frans\u0131z \u0130htilali\u2019ni z\u0131tl\u0131klar ekseninde anlat\u0131yor. \u0130ki \u015eehrin Hik\u00e2yesi, \u00f6fkenin, ac\u0131n\u0131n, kaosun ve her \u015feye ra\u011fmen umudun roman\u0131.<\/p>\n","protected":false},"excerpt":{"rendered":"<p>Charles Dickens, sakin ve dura\u011fan atmosferiyle Londra\u2019n\u0131n kar\u015f\u0131s\u0131na giyotinin g\u00f6lgesindeki Paris\u2019i; s\u00fcrg\u00fcndeki Frans\u0131z aristokrat Charles Darnay\u2019in kar\u015f\u0131s\u0131na k\u00f6t\u00fc \u015f\u00f6hretli \u0130ngiliz avukat Sydney Carter\u2019\u0131 koyuyor ve Frans\u0131z<span class=\"excerpt-hellip\"> [\u2026]<\/span><\/p>\n","protected":false},"featured_media":0,"template":"","meta":{"_monsterinsights_skip_tracking":false,"_monsterinsights_sitenote_active":false,"_monsterinsights_sitenote_note":"","_monsterinsights_sitenote_category":0},"product_brand":[],"product_cat":[12291,12711],"product_tag":[],"class_list":{"0":"post-721664","1":"product","2":"type-product","3":"status-publish","5":"product_cat-edebiyat","6":"product_cat-roman-oyku","7":"pa_cilt-ciltsiz","8":"pa_tur-kitap","9":"pa_yayinevi-turkuvaz-kitap","10":"pa_yazar-charles-dickens","12":"first","13":"instock","14":"sale","15":"shipping-taxable","16":"purchasable","17":"product-type-simple"},"_links":{"self":[{"href":"https:\/\/roveyayinevi.com.tr\/index.php\/wp-json\/wp\/v2\/product\/721664","targetHints":{"allow":["GET"]}}],"collection":[{"href":"https:\/\/roveyayinevi.com.tr\/index.php\/wp-json\/wp\/v2\/product"}],"about":[{"href":"https:\/\/roveyayinevi.com.tr\/index.php\/wp-json\/wp\/v2\/types\/product"}],"wp:attachment":[{"href":"https:\/\/roveyayinevi.com.tr\/index.php\/wp-json\/wp\/v2\/media?parent=721664"}],"wp:term":[{"taxonomy":"product_brand","embeddable":true,"href":"https:\/\/roveyayinevi.com.tr\/index.php\/wp-json\/wp\/v2\/product_brand?post=721664"},{"taxonomy":"product_cat","embeddable":true,"href":"https:\/\/roveyayinevi.com.tr\/index.php\/wp-json\/wp\/v2\/product_cat?post=721664"},{"taxonomy":"product_tag","embeddable":true,"href":"https:\/\/roveyayinevi.com.tr\/index.php\/wp-json\/wp\/v2\/product_tag?post=721664"}],"curies":[{"name":"wp","href":"https:\/\/api.w.org\/{rel}","templated":true}]}}