{"id":721661,"date":"2025-08-27T18:53:14","date_gmt":"2025-08-27T15:53:14","guid":{"rendered":"https:\/\/roveyayinevi.com.tr\/index.php\/urun\/gulmeyi-bilen-mudur-araniyor\/"},"modified":"2026-04-16T02:29:43","modified_gmt":"2026-04-15T23:29:43","slug":"gulmeyi-bilen-mudur-araniyor","status":"publish","type":"product","link":"https:\/\/roveyayinevi.com.tr\/index.php\/urun\/gulmeyi-bilen-mudur-araniyor\/","title":{"rendered":"G\u00fclmeyi Bilen M\u00fcd\u00fcr Aran\u0131yor"},"content":{"rendered":"<p>Bu okulun y\u00f6netiminde \u00e7ocuklar\u0131n da s\u00f6z hakk\u0131 var!\u0130nan Vakf\u0131 29 \u015eubat Ortaokulu i\u00e7in yeni bir d\u00f6nemin ba\u015flang\u0131c\u0131d\u0131r. P\u0131rr diye u\u00e7up giden eski m\u00fcd\u00fcr\u00fcn yerine yenisi aranmakta, internet \u00fczerinden ba\u015fvurular ya\u011fmaktad\u0131r. Ancak, okulun vizyon sahibi y\u00f6netim kurulu ba\u015fkan\u0131 Ak\u0131n Bey\u2019in, karar s\u00fcreciyle ilgili d\u00e2hiyane bir fikri vard\u0131r: Se\u00e7im i\u00e7in olu\u015fturulacak yedi ki\u015filik kurulda, y\u00f6netimden \u00fc\u00e7, \u00f6\u011fretmenlerden ise iki ki\u015fi bulunacak, kalan iki ki\u015fi ise \u00f6\u011frencilerden se\u00e7ilecektir!\u0130\u015fte b\u00f6ylesi demokratik bir okul ortam\u0131nda e\u011fitim g\u00f6ren Esin i\u00e7in, \u015fu s\u0131ralar hayat her zamankinden \u00e7ok daha heyecanl\u0131d\u0131r, \u00e7\u00fcnk\u00fc o da kurula se\u00e7ilmi\u015ftir&#8230; E\u011fitim sisteminde emsal te\u015fkil edecek bu yeni olu\u015fumun bir par\u00e7as\u0131 oldu\u011fu i\u00e7in hem \u00e7ok gururlu hem de \u00e7ok sevin\u00e7lidir. Oysa, bilmedi\u011fi mini minnac\u0131k bir ayr\u0131nt\u0131 vard\u0131r: Adaylar\u0131n aras\u0131nda babas\u0131 Bora Bey de yer almaktad\u0131r! Peki, babas\u0131 bu zorlu yar\u0131\u015f i\u00e7in m\u00fccadele verirken Esin tarafs\u0131z kal\u0131p adil davranabilecek midir?..Duyarl\u0131 yazar Mehmet Atilla\u2019n\u0131n ezber bozan hik\u00e2yesi ve gen\u00e7 ressam Do\u011fa Can Ert\u00fcrk\u2019\u00fcn ger\u00e7ek\u00e7i \u00e7izimleriyle dikkat \u00e7eken G\u00fclmeyi Bilen M\u00fcd\u00fcr Aran\u0131yor, Tudem\u2019in, okumaya isteksiz ve okuma g\u00fc\u00e7l\u00fc\u011f\u00fc \u00e7eken \u00e7ocuklar i\u00e7in \u00f6zel olarak haz\u0131rlad\u0131\u011f\u0131 sen de oku koleksiyonunun T\u00fcrk yazarlar serisindeki yerini al\u0131yor.Yeti\u015fkinlerin d\u00fcnyas\u0131na ait \u00f6nemli bir olay\u0131 \u00e7ocuklar\u0131n g\u00f6z\u00fcnden ba\u015far\u0131yla aktaran bu ilgi \u00e7ekici roman, se\u00e7me ve se\u00e7ilme kavramlar\u0131 \u00fczerine d\u00fc\u015f\u00fcnd\u00fcr\u00fcyor.Kimilerine g\u00f6re \u201c\u00fctopik\u201d olarak tan\u0131mlanabilecek bir konuyu son derece inand\u0131r\u0131c\u0131 bir kurguyla sayfalar\u0131na ta\u015f\u0131yan G\u00fclmeyi Bilen M\u00fcd\u00fcr Aran\u0131yor, g\u00fcn\u00fcm\u00fcz\u00fcn yo\u011fun k\u00fcresel \u201cse\u00e7im atmosferine\u201d tan\u0131kl\u0131k eden \u00e7ocuklara, etik de\u011ferlerle ilgili \u00f6nemli mesajlar vermeyi de ihmal etmiyor.S\u00f6zc\u00fcklerle m\u00fccadele eden \u00e7ocuklar; Esin ve babas\u0131 Bora Bey&#8217;in zorlu karar s\u00fcre\u00e7lerine ortak olurken, merak uyand\u0131r\u0131c\u0131 bir maceraya dalarak okuma sevgisi kazan\u0131yor! <\/p>\n","protected":false},"excerpt":{"rendered":"<p>Bu okulun y\u00f6netiminde \u00e7ocuklar\u0131n da s\u00f6z hakk\u0131 var!\u0130nan Vakf\u0131 29 \u015eubat Ortaokulu i\u00e7in yeni bir d\u00f6nemin ba\u015flang\u0131c\u0131d\u0131r. P\u0131rr diye u\u00e7up giden eski m\u00fcd\u00fcr\u00fcn yerine yenisi aranmakta,<span class=\"excerpt-hellip\"> [\u2026]<\/span><\/p>\n","protected":false},"featured_media":0,"template":"","meta":{"_monsterinsights_skip_tracking":false,"_monsterinsights_sitenote_active":false,"_monsterinsights_sitenote_note":"","_monsterinsights_sitenote_category":0},"product_brand":[],"product_cat":[12274,12284],"product_tag":[],"class_list":{"0":"post-721661","1":"product","2":"type-product","3":"status-publish","5":"product_cat-cocuk-ve-genclik-kitaplari","6":"product_cat-hikayeler","7":"pa_cilt-ciltsiz","8":"pa_tur-kitap","9":"pa_yayinevi-tudem-yayinlari","10":"pa_yazar-mehmet-atilla","12":"first","13":"instock","14":"sale","15":"shipping-taxable","16":"purchasable","17":"product-type-simple"},"_links":{"self":[{"href":"https:\/\/roveyayinevi.com.tr\/index.php\/wp-json\/wp\/v2\/product\/721661","targetHints":{"allow":["GET"]}}],"collection":[{"href":"https:\/\/roveyayinevi.com.tr\/index.php\/wp-json\/wp\/v2\/product"}],"about":[{"href":"https:\/\/roveyayinevi.com.tr\/index.php\/wp-json\/wp\/v2\/types\/product"}],"wp:attachment":[{"href":"https:\/\/roveyayinevi.com.tr\/index.php\/wp-json\/wp\/v2\/media?parent=721661"}],"wp:term":[{"taxonomy":"product_brand","embeddable":true,"href":"https:\/\/roveyayinevi.com.tr\/index.php\/wp-json\/wp\/v2\/product_brand?post=721661"},{"taxonomy":"product_cat","embeddable":true,"href":"https:\/\/roveyayinevi.com.tr\/index.php\/wp-json\/wp\/v2\/product_cat?post=721661"},{"taxonomy":"product_tag","embeddable":true,"href":"https:\/\/roveyayinevi.com.tr\/index.php\/wp-json\/wp\/v2\/product_tag?post=721661"}],"curies":[{"name":"wp","href":"https:\/\/api.w.org\/{rel}","templated":true}]}}