{"id":721659,"date":"2025-08-27T18:53:13","date_gmt":"2025-08-27T15:53:13","guid":{"rendered":"https:\/\/roveyayinevi.com.tr\/index.php\/urun\/tadinda-yolculuk\/"},"modified":"2026-04-16T02:29:43","modified_gmt":"2026-04-15T23:29:43","slug":"tadinda-yolculuk","status":"publish","type":"product","link":"https:\/\/roveyayinevi.com.tr\/index.php\/urun\/tadinda-yolculuk\/","title":{"rendered":"Tad\u0131nda Yolculuk"},"content":{"rendered":"<p>Akdeniz ve Kaliforniya b\u00f6lgeleri, co\u011frafi a\u00e7\u0131dan birbirlerine uzak olmalar\u0131na kar\u015f\u0131n mutfak k\u00fclt\u00fcr\u00fc a\u00e7\u0131s\u0131ndan benzerlikler ta\u015f\u0131yor.  Her ikisinde de, yerel yeti\u015fen taze \u00fcr\u00fcnleri kullanan, sa\u011fl\u0131kl\u0131 ve haz\u0131rlamas\u0131 basit yemekleri tercih eden ortak bir ya\u015fam felsefesinin etkisini g\u00f6rmek m\u00fcmk\u00fcn.   Jale Balc\u0131 ve Hande \u00c7ilek\u2019in haz\u0131rlad\u0131klar\u0131 Tad\u0131nda Yolculuk, bizi bu iki mutfa\u011f\u0131n lezzetlerini bulu\u015fturan bir yolculu\u011fa davet ediyor. <\/p>\n","protected":false},"excerpt":{"rendered":"<p>Akdeniz ve Kaliforniya b\u00f6lgeleri, co\u011frafi a\u00e7\u0131dan birbirlerine uzak olmalar\u0131na kar\u015f\u0131n mutfak k\u00fclt\u00fcr\u00fc a\u00e7\u0131s\u0131ndan benzerlikler ta\u015f\u0131yor. Her ikisinde de, yerel yeti\u015fen taze \u00fcr\u00fcnleri kullanan, sa\u011fl\u0131kl\u0131 ve haz\u0131rlamas\u0131<span class=\"excerpt-hellip\"> [\u2026]<\/span><\/p>\n","protected":false},"featured_media":0,"template":"","meta":{"_monsterinsights_skip_tracking":false,"_monsterinsights_sitenote_active":false,"_monsterinsights_sitenote_note":"","_monsterinsights_sitenote_category":0},"product_brand":[],"product_cat":[28265,15563],"product_tag":[],"class_list":{"0":"post-721659","1":"product","2":"type-product","3":"status-publish","5":"product_cat-diger-hobi","6":"product_cat-hobi","7":"pa_cilt-ciltli","8":"pa_tur-kitap","9":"pa_yayinevi-remzi-kitabevi","10":"pa_yazar-jale-balci-hande-cilek","12":"first","13":"instock","14":"sale","15":"shipping-taxable","16":"purchasable","17":"product-type-simple"},"_links":{"self":[{"href":"https:\/\/roveyayinevi.com.tr\/index.php\/wp-json\/wp\/v2\/product\/721659","targetHints":{"allow":["GET"]}}],"collection":[{"href":"https:\/\/roveyayinevi.com.tr\/index.php\/wp-json\/wp\/v2\/product"}],"about":[{"href":"https:\/\/roveyayinevi.com.tr\/index.php\/wp-json\/wp\/v2\/types\/product"}],"wp:attachment":[{"href":"https:\/\/roveyayinevi.com.tr\/index.php\/wp-json\/wp\/v2\/media?parent=721659"}],"wp:term":[{"taxonomy":"product_brand","embeddable":true,"href":"https:\/\/roveyayinevi.com.tr\/index.php\/wp-json\/wp\/v2\/product_brand?post=721659"},{"taxonomy":"product_cat","embeddable":true,"href":"https:\/\/roveyayinevi.com.tr\/index.php\/wp-json\/wp\/v2\/product_cat?post=721659"},{"taxonomy":"product_tag","embeddable":true,"href":"https:\/\/roveyayinevi.com.tr\/index.php\/wp-json\/wp\/v2\/product_tag?post=721659"}],"curies":[{"name":"wp","href":"https:\/\/api.w.org\/{rel}","templated":true}]}}