{"id":721658,"date":"2025-08-27T18:53:12","date_gmt":"2025-08-27T15:53:12","guid":{"rendered":"https:\/\/roveyayinevi.com.tr\/index.php\/urun\/kirik-hayatlar-2\/"},"modified":"2026-04-16T02:29:43","modified_gmt":"2026-04-15T23:29:43","slug":"kirik-hayatlar-2","status":"publish","type":"product","link":"https:\/\/roveyayinevi.com.tr\/index.php\/urun\/kirik-hayatlar-2\/","title":{"rendered":"K\u0131r\u0131k Hayatlar"},"content":{"rendered":"<p>Kitap Tan\u0131t\u0131m Yaz\u0131s\u0131 :   Akdeniz B\u00f6lgesinde k\u00fc\u00e7\u00fck bir kasabada 1937-1975 y\u0131llar\u0131 aras\u0131nda ge\u00e7en o d\u00f6nemdeki kad\u0131n erkek ili\u015fkileri, ya\u015fam tarzlar\u0131, siyasal, sosyal ve ekonomik geli\u015fmeleri konu alan roman G\u00fcl ve annesi Zelle\u2019nin hayat\u0131ndan kesitlerle anlat\u0131l\u0131yor. G\u00fc\u00e7l\u00fc bir kad\u0131n olan G\u00fcl ile annesi Zelle\u2019nin a\u015fk, ihtiras, k\u0131skan\u00e7l\u0131k ve g\u00f6rd\u00fckleri zul\u00fcmleri anlatan i\u00e7inde K\u0131r\u0131k Hayatlar\u0131n oldu\u011fu soluk solu\u011fa okuyup, hep bir sonras\u0131n\u0131 merak edece\u011finiz hazin ve dramatik bir \u00f6yk\u00fcd\u00fcr. Yerine g\u00f6re a\u015fk\u0131n, yerine g\u00f6re \u015fiddetin egemen oldu\u011fu bu roman ger\u00e7ek bir ya\u015fam \u00f6yk\u00fcs\u00fcnden ilham al\u0131narak yaz\u0131lm\u0131\u015ft\u0131r. \u00d6yle bir an gelir ki, hesapla\u015fmalar da zulmeden kurban, mazlum zalim olur. Ama en \u00f6nemlisi d\u00fcnden bug\u00fcne ataerkil toplumlarda kad\u0131na bak\u0131\u015f a\u00e7\u0131s\u0131n\u0131 irdeleyen, kad\u0131n ya\u015fam\u0131n\u0131n ne denli toplamda ki di\u011fer fertleri etkiledi\u011fini anlatmas\u0131 a\u00e7\u0131s\u0131ndan feminist romanlardan ayr\u0131 tutulmal\u0131d\u0131r. <\/p>\n","protected":false},"excerpt":{"rendered":"<p>Kitap Tan\u0131t\u0131m Yaz\u0131s\u0131 : Akdeniz B\u00f6lgesinde k\u00fc\u00e7\u00fck bir kasabada 1937-1975 y\u0131llar\u0131 aras\u0131nda ge\u00e7en o d\u00f6nemdeki kad\u0131n erkek ili\u015fkileri, ya\u015fam tarzlar\u0131, siyasal, sosyal ve ekonomik geli\u015fmeleri konu<span class=\"excerpt-hellip\"> [\u2026]<\/span><\/p>\n","protected":false},"featured_media":0,"template":"","meta":{"_monsterinsights_skip_tracking":false,"_monsterinsights_sitenote_active":false,"_monsterinsights_sitenote_note":"","_monsterinsights_sitenote_category":0},"product_brand":[],"product_cat":[12291,12711],"product_tag":[],"class_list":{"0":"post-721658","1":"product","2":"type-product","3":"status-publish","5":"product_cat-edebiyat","6":"product_cat-roman-oyku","7":"pa_cilt-ciltsiz","8":"pa_tur-kitap","9":"pa_yayinevi-ayata-kitap","10":"pa_yazar-ayse-kantaroglu","12":"first","13":"instock","14":"sale","15":"shipping-taxable","16":"purchasable","17":"product-type-simple"},"_links":{"self":[{"href":"https:\/\/roveyayinevi.com.tr\/index.php\/wp-json\/wp\/v2\/product\/721658","targetHints":{"allow":["GET"]}}],"collection":[{"href":"https:\/\/roveyayinevi.com.tr\/index.php\/wp-json\/wp\/v2\/product"}],"about":[{"href":"https:\/\/roveyayinevi.com.tr\/index.php\/wp-json\/wp\/v2\/types\/product"}],"wp:attachment":[{"href":"https:\/\/roveyayinevi.com.tr\/index.php\/wp-json\/wp\/v2\/media?parent=721658"}],"wp:term":[{"taxonomy":"product_brand","embeddable":true,"href":"https:\/\/roveyayinevi.com.tr\/index.php\/wp-json\/wp\/v2\/product_brand?post=721658"},{"taxonomy":"product_cat","embeddable":true,"href":"https:\/\/roveyayinevi.com.tr\/index.php\/wp-json\/wp\/v2\/product_cat?post=721658"},{"taxonomy":"product_tag","embeddable":true,"href":"https:\/\/roveyayinevi.com.tr\/index.php\/wp-json\/wp\/v2\/product_tag?post=721658"}],"curies":[{"name":"wp","href":"https:\/\/api.w.org\/{rel}","templated":true}]}}