{"id":721656,"date":"2025-08-27T18:53:11","date_gmt":"2025-08-27T15:53:11","guid":{"rendered":"https:\/\/roveyayinevi.com.tr\/index.php\/urun\/sosyoloji-ve-tarih\/"},"modified":"2026-04-16T02:29:42","modified_gmt":"2026-04-15T23:29:42","slug":"sosyoloji-ve-tarih","status":"publish","type":"product","link":"https:\/\/roveyayinevi.com.tr\/index.php\/urun\/sosyoloji-ve-tarih\/","title":{"rendered":"Sosyoloji ve Tarih"},"content":{"rendered":"<p>Sosyoloji ve Tarih, birbirine bor\u00e7lu iki disiplinin ge\u00e7mi\u015ften g\u00fcn\u00fcm\u00fcze ini\u015fli \u00e7\u0131k\u0131\u015fl\u0131 ili\u015fkisini inceliyor.      Peter Burke pek \u00e7oklar\u0131nca karde\u015f say\u0131lan bu iki disiplinin yak\u0131nl\u0131klar\u0131na i\u015faret etmekle birlikte, sosyoloji ve tarihin birbirlerinden ayr\u0131lan yanlar\u0131na \u00f6rnekler ve \u00f6nermelerle dikkat \u00e7ekiyor.   Burke, k\u0131sa say\u0131labilecek bir metinle \u00e7ok geni\u015f bir k\u00fct\u00fcphane taramas\u0131n\u0131n sonu\u00e7lar\u0131n\u0131 sunarken pek \u00e7ok a\u00e7\u0131dan kusursuz bir bibliyografyayla ara\u015ft\u0131rmac\u0131lara \u00f6nayak oluyor.   Burke, Sosyoloji ve Tarih\u2019te \u00f6zellikle \u015fu noktay\u0131 vurguluyor: Sosyologlar tarih bilimindeki geli\u015fmeleri dikkate almadan \u201ctarih\u201d de\u011ferlendirmeleri yapmakta ve elbette tarih\u00e7iler de sosyolojideki geli\u015fmeleri yeterince takip etmemektedirler. Sosyoloji ve tarihin zaman zaman kesi\u015fen yollar\u0131 hi\u00e7 beklenmedik zamanlarda birbirlerinden uzakla\u015fabilmektedir. \u0130\u015fte anlat\u0131lan bu detaylar\u0131 elinizdeki k\u00fc\u00e7\u00fck ama bir o kadar da \u00e7ok oylumlu \u201cSosyoloji ve Tarih\u201d adl\u0131 bu \u00e7al\u0131\u015fmada bulacaks\u0131n\u0131z\u2026 <\/p>\n","protected":false},"excerpt":{"rendered":"<p>Sosyoloji ve Tarih, birbirine bor\u00e7lu iki disiplinin ge\u00e7mi\u015ften g\u00fcn\u00fcm\u00fcze ini\u015fli \u00e7\u0131k\u0131\u015fl\u0131 ili\u015fkisini inceliyor. Peter Burke pek \u00e7oklar\u0131nca karde\u015f say\u0131lan bu iki disiplinin yak\u0131nl\u0131klar\u0131na i\u015faret etmekle birlikte,<span class=\"excerpt-hellip\"> [\u2026]<\/span><\/p>\n","protected":false},"featured_media":0,"template":"","meta":{"_monsterinsights_skip_tracking":false,"_monsterinsights_sitenote_active":false,"_monsterinsights_sitenote_note":"","_monsterinsights_sitenote_category":0},"product_brand":[],"product_cat":[12325,12324],"product_tag":[],"class_list":{"0":"post-721656","1":"product","2":"type-product","3":"status-publish","5":"product_cat-diger-sosyoloji","6":"product_cat-sosyoloji","7":"pa_cilt-ciltsiz","8":"pa_tur-kitap","9":"pa_yayinevi-islik-yayinlari","10":"pa_yazar-peter-burke","12":"first","13":"instock","14":"sale","15":"shipping-taxable","16":"purchasable","17":"product-type-simple"},"_links":{"self":[{"href":"https:\/\/roveyayinevi.com.tr\/index.php\/wp-json\/wp\/v2\/product\/721656","targetHints":{"allow":["GET"]}}],"collection":[{"href":"https:\/\/roveyayinevi.com.tr\/index.php\/wp-json\/wp\/v2\/product"}],"about":[{"href":"https:\/\/roveyayinevi.com.tr\/index.php\/wp-json\/wp\/v2\/types\/product"}],"wp:attachment":[{"href":"https:\/\/roveyayinevi.com.tr\/index.php\/wp-json\/wp\/v2\/media?parent=721656"}],"wp:term":[{"taxonomy":"product_brand","embeddable":true,"href":"https:\/\/roveyayinevi.com.tr\/index.php\/wp-json\/wp\/v2\/product_brand?post=721656"},{"taxonomy":"product_cat","embeddable":true,"href":"https:\/\/roveyayinevi.com.tr\/index.php\/wp-json\/wp\/v2\/product_cat?post=721656"},{"taxonomy":"product_tag","embeddable":true,"href":"https:\/\/roveyayinevi.com.tr\/index.php\/wp-json\/wp\/v2\/product_tag?post=721656"}],"curies":[{"name":"wp","href":"https:\/\/api.w.org\/{rel}","templated":true}]}}