{"id":721655,"date":"2025-08-27T18:53:10","date_gmt":"2025-08-27T15:53:10","guid":{"rendered":"https:\/\/roveyayinevi.com.tr\/index.php\/urun\/dogu-duvari\/"},"modified":"2026-04-16T02:29:42","modified_gmt":"2026-04-15T23:29:42","slug":"dogu-duvari","status":"publish","type":"product","link":"https:\/\/roveyayinevi.com.tr\/index.php\/urun\/dogu-duvari\/","title":{"rendered":"Do\u011fu Duvar\u0131"},"content":{"rendered":"<p>\u201cG\u00fcl\u00fc Tefsir Ediyor \u015eimdi Akl\u0131mda G\u00f6\u011feren Diken\u201d   Faris Kuseyri\u2019nin, Ortado\u011fu k\u00fclt\u00fcr\u00fcn\u00fc kaynak edinen, yeti\u015fti\u011fi topraklar\u0131n mitolojisini ki\u015fisel ser\u00fcveni i\u00e7inde harmanlayan mensur \u015fiirlerden olu\u015fan Orontes Mensurlar\u0131 kitab\u0131 2014 y\u0131l\u0131nda yay\u0131mlanm\u0131\u015f, edebiyat \u00e7evrelerinin yak\u0131n ilgisine konu olmu\u015ftu.   Faris Kuseyri, Refik Durba\u015f\u2019\u0131n \u201c\u00dczerinde uzun uzun \u00e7al\u0131\u015f\u0131lm\u0131\u015f, mimarisi sa\u011flam, bir zincirin halkalar\u0131 misali birbirine eklemlenmi\u015f bir \u015fiirler toplam\u0131\u201d olarak de\u011ferlendirdi\u011fi Orontes Mensurlar\u0131\u2019ndan sonra ikinci kitab\u0131 Do\u011fu Duvar\u0131\u2019yla okuyucunun kar\u015f\u0131s\u0131na \u00e7\u0131k\u0131yor.   Divan \u015fiirinin sundu\u011fu bi\u00e7im imk\u00e2nlar\u0131n\u0131 de\u011ferlendirdi\u011fi bu yeni kitab\u0131nda Kuseyri gazeli, rubaiyi, kasideyi \u015fehre getiriyor; metro dura\u011f\u0131na, ofislere, b\u00fcrolara, \u201cgenc\u00f6lenler\u201din mezar\u0131 ba\u015f\u0131na, g\u00fcndelik hayat\u0131n bunalan, s\u0131k\u0131\u015fan insan\u0131n\u0131n sanc\u0131lar\u0131na&#8230; Hayata \u00e7ok dokunmad\u0131\u011f\u0131 d\u00fc\u015f\u00fcn\u00fclen bir \u015fiir formundan yola \u00e7\u0131karak do\u011frudan hayat\u0131n i\u00e7ine iniyor, farkl\u0131 hayat \u00f6rg\u00fclerini \u015fiirin i\u00e7ine ta\u015f\u0131yor. \u201cLeyl\u00e2\u201dy\u0131 unutmadan, \u00e7al\u0131\u015fan kad\u0131nlara; \u201ch\u00fcth\u00fct\u201d\u00fc hat\u0131rlayarak sevda ve h\u00fcrriyet tutkunu kartallara yer a\u00e7\u0131yor. Epi\u011fin \u00e7arp\u0131c\u0131l\u0131\u011f\u0131nda liri\u011fe el uzat\u0131yor. S\u00f6ylenecek nice s\u00f6z\u00fc, susman\u0131n inceli\u011finde biliyor; herkesin sustu\u011fu zamanda s\u00f6z\u00fcn \u015fiddetine olan inanc\u0131 hayk\u0131r\u0131yor.   Kuseyri, bilindik bir formu yepyeni bir \u00f6zle yeniden kurguluyor.   \u0130lk kitab\u0131ndan be\u015f y\u0131l sonra b\u00fct\u00fcnl\u00fckl\u00fc, yeni ve taptaze bir \u015fiir toplam\u0131 sunuyor okurlara.  <\/p>\n","protected":false},"excerpt":{"rendered":"<p>\u201cG\u00fcl\u00fc Tefsir Ediyor \u015eimdi Akl\u0131mda G\u00f6\u011feren Diken\u201d Faris Kuseyri\u2019nin, Ortado\u011fu k\u00fclt\u00fcr\u00fcn\u00fc kaynak edinen, yeti\u015fti\u011fi topraklar\u0131n mitolojisini ki\u015fisel ser\u00fcveni i\u00e7inde harmanlayan mensur \u015fiirlerden olu\u015fan Orontes Mensurlar\u0131 kitab\u0131<span class=\"excerpt-hellip\"> [\u2026]<\/span><\/p>\n","protected":false},"featured_media":0,"template":"","meta":{"_monsterinsights_skip_tracking":false,"_monsterinsights_sitenote_active":false,"_monsterinsights_sitenote_note":"","_monsterinsights_sitenote_category":0},"product_brand":[],"product_cat":[12291,12509],"product_tag":[],"class_list":{"0":"post-721655","1":"product","2":"type-product","3":"status-publish","5":"product_cat-edebiyat","6":"product_cat-siir","7":"pa_cilt-ciltsiz","8":"pa_tur-kitap","9":"pa_yayinevi-islik-yayinlari","10":"pa_yazar-faris-kuseyri","12":"first","13":"instock","14":"sale","15":"shipping-taxable","16":"purchasable","17":"product-type-simple"},"_links":{"self":[{"href":"https:\/\/roveyayinevi.com.tr\/index.php\/wp-json\/wp\/v2\/product\/721655","targetHints":{"allow":["GET"]}}],"collection":[{"href":"https:\/\/roveyayinevi.com.tr\/index.php\/wp-json\/wp\/v2\/product"}],"about":[{"href":"https:\/\/roveyayinevi.com.tr\/index.php\/wp-json\/wp\/v2\/types\/product"}],"wp:attachment":[{"href":"https:\/\/roveyayinevi.com.tr\/index.php\/wp-json\/wp\/v2\/media?parent=721655"}],"wp:term":[{"taxonomy":"product_brand","embeddable":true,"href":"https:\/\/roveyayinevi.com.tr\/index.php\/wp-json\/wp\/v2\/product_brand?post=721655"},{"taxonomy":"product_cat","embeddable":true,"href":"https:\/\/roveyayinevi.com.tr\/index.php\/wp-json\/wp\/v2\/product_cat?post=721655"},{"taxonomy":"product_tag","embeddable":true,"href":"https:\/\/roveyayinevi.com.tr\/index.php\/wp-json\/wp\/v2\/product_tag?post=721655"}],"curies":[{"name":"wp","href":"https:\/\/api.w.org\/{rel}","templated":true}]}}