{"id":721654,"date":"2025-08-27T18:53:10","date_gmt":"2025-08-27T15:53:10","guid":{"rendered":"https:\/\/roveyayinevi.com.tr\/index.php\/urun\/nevrotik-bir-gezegenden-notlar\/"},"modified":"2026-04-15T02:39:27","modified_gmt":"2026-04-14T23:39:27","slug":"nevrotik-bir-gezegenden-notlar","status":"publish","type":"product","link":"https:\/\/roveyayinevi.com.tr\/index.php\/urun\/nevrotik-bir-gezegenden-notlar\/","title":{"rendered":"Nevrotik Bir Gezegenden Notlar"},"content":{"rendered":"<p>Sunday Times #1 Bestseller &#8220;Zaman\u0131 Durdurman\u0131n Yollar\u0131&#8221;n\u0131n Yazar\u0131ndan   D\u00fcnya akl\u0131m\u0131z\u0131 zorluyor.  \u00e7\u0131lg\u0131n ve gergin bir gezegen, tela\u015fl\u0131 ve gergin insanlar\u0131n\u0131 yarat\u0131yor; politikadan v\u00fccut kitle endeksimize hemen her \u015fey bizi deh\u015fete d\u00fc\u015f\u00fcr\u00fcyor. \u00c7\u0131lg\u0131n bir d\u00fcnyada \u00e7\u0131ld\u0131rmadan nas\u0131l ya\u015far\u0131z?  \u00c7evremiz kesintisiz anksiyete kayna\u011f\u0131na d\u00f6n\u00fc\u015fm\u00fc\u015fken nas\u0131l mutlu hissedebiliriz? Matt Haig, haberlerden sosyal medyaya, i\u015f ortam\u0131ndan ba\u011f\u0131ml\u0131l\u0131klara \u00e7evremizi ku\u015fatm\u0131\u015f d\u0131\u015f etkenlerin \u201cnas\u0131l hissetti\u011fimiz\u201d \u00fcst\u00fcndeki etkisini anlamaya, dijital \u00e7a\u011f\u0131n t\u00f6relerini sorgulamaya, biraz daha serinkanl\u0131 olmaya \u00e7a\u011f\u0131r\u0131yor bizleri. Nevrotik Bir Gezegenden Notlar, anksiyete ve panik atakla uzun y\u0131llar m\u00fccadele etmi\u015f bir  21. y\u00fczy\u0131l insan\u0131ndan, b\u00f6yle bir y\u00fczy\u0131lda kendimizi mutlu, b\u00fct\u00fcn ve insan hissedebilmek \u00fczerine ki\u015fisel ve ya\u015fam dolu bir bak\u0131\u015f. Duygular\u0131m\u0131z\u0131n, sahip olduklar\u0131m\u0131z kadar m\u00fchim oldu\u011funu g\u00f6steren, d\u00fcnyadaki o pek k\u0131ymetli vaktimizi nas\u0131l harcad\u0131\u011f\u0131m\u0131z\u0131 de\u011fi\u015ftirebilecek bir kitap. <\/p>\n","protected":false},"excerpt":{"rendered":"<p>Sunday Times #1 Bestseller &#8220;Zaman\u0131 Durdurman\u0131n Yollar\u0131&#8221;n\u0131n Yazar\u0131ndan D\u00fcnya akl\u0131m\u0131z\u0131 zorluyor. \u00e7\u0131lg\u0131n ve gergin bir gezegen, tela\u015fl\u0131 ve gergin insanlar\u0131n\u0131 yarat\u0131yor; politikadan v\u00fccut kitle endeksimize hemen<span class=\"excerpt-hellip\"> [\u2026]<\/span><\/p>\n","protected":false},"featured_media":0,"template":"","meta":{"_monsterinsights_skip_tracking":false,"_monsterinsights_sitenote_active":false,"_monsterinsights_sitenote_note":"","_monsterinsights_sitenote_category":0},"product_brand":[],"product_cat":[12364,12376],"product_tag":[],"class_list":{"0":"post-721654","1":"product","2":"type-product","3":"status-publish","5":"product_cat-genel-konular","6":"product_cat-kisisel-gelisim","7":"pa_cilt-ciltsiz","8":"pa_tur-kitap","9":"pa_yayinevi-domingo-yayinevi","10":"pa_yazar-matt-haig","12":"first","13":"instock","14":"sale","15":"shipping-taxable","16":"purchasable","17":"product-type-simple"},"_links":{"self":[{"href":"https:\/\/roveyayinevi.com.tr\/index.php\/wp-json\/wp\/v2\/product\/721654","targetHints":{"allow":["GET"]}}],"collection":[{"href":"https:\/\/roveyayinevi.com.tr\/index.php\/wp-json\/wp\/v2\/product"}],"about":[{"href":"https:\/\/roveyayinevi.com.tr\/index.php\/wp-json\/wp\/v2\/types\/product"}],"wp:attachment":[{"href":"https:\/\/roveyayinevi.com.tr\/index.php\/wp-json\/wp\/v2\/media?parent=721654"}],"wp:term":[{"taxonomy":"product_brand","embeddable":true,"href":"https:\/\/roveyayinevi.com.tr\/index.php\/wp-json\/wp\/v2\/product_brand?post=721654"},{"taxonomy":"product_cat","embeddable":true,"href":"https:\/\/roveyayinevi.com.tr\/index.php\/wp-json\/wp\/v2\/product_cat?post=721654"},{"taxonomy":"product_tag","embeddable":true,"href":"https:\/\/roveyayinevi.com.tr\/index.php\/wp-json\/wp\/v2\/product_tag?post=721654"}],"curies":[{"name":"wp","href":"https:\/\/api.w.org\/{rel}","templated":true}]}}