{"id":721652,"date":"2025-08-27T18:53:08","date_gmt":"2025-08-27T15:53:08","guid":{"rendered":"https:\/\/roveyayinevi.com.tr\/index.php\/urun\/anneannemin-fotograflari\/"},"modified":"2026-04-16T02:29:42","modified_gmt":"2026-04-15T23:29:42","slug":"anneannemin-fotograflari","status":"publish","type":"product","link":"https:\/\/roveyayinevi.com.tr\/index.php\/urun\/anneannemin-fotograflari\/","title":{"rendered":"Anneannemin Foto\u011fraflar\u0131"},"content":{"rendered":"<p>Bir anneanne ile k\u00fc\u00e7\u00fck torunu Ali&#8230; Siyah beyaz foto\u011fraflar\u0131n pe\u015finde bir zaman yolculu\u011funa \u00e7\u0131karlar birlikte, her foto\u011frafta ba\u015fka bir hat\u0131raya u\u011frarlar. Anneannenin hik\u00e2yesi bitmektedir ama Ali mutlu an\u0131lar biriktirece\u011fi bir hik\u00e2yenin ba\u015f\u0131ndad\u0131r daha.   &#8221;Gitmen gerek, burada kalamazs\u0131n. Kendine foto\u011fraflar ve an\u0131lar toplamal\u0131s\u0131n. Beni \u00f6zlersen bu foto\u011fraflarda dola\u015f\u0131yor olaca\u011f\u0131m. Art\u0131k hi\u00e7bir \u015feyi ve hi\u00e7 kimseyi unutmayaca\u011f\u0131m.&#8221; Ge\u00e7mi\u015f, hat\u0131ralar, zaman ve ya\u015fam\u0131n sonu gibi ele almas\u0131 kolay olmayan konular\u0131 naif, \u00e7ocuksu bir dille anlatan Anneannemin Foto\u011fraflar\u0131, Senta Urgan\u2019\u0131n narin \u00e7izim ve kolajlar\u0131yla hayat buluyor. \u00d6zge Bahar Sunar\u2019dan hem k\u00fc\u00e7\u00fcklere hem b\u00fcy\u00fcklere dokunakl\u0131 bir anneanne-torun hik\u00e2yesi\u2026<\/p>\n","protected":false},"excerpt":{"rendered":"<p>Bir anneanne ile k\u00fc\u00e7\u00fck torunu Ali&#8230; Siyah beyaz foto\u011fraflar\u0131n pe\u015finde bir zaman yolculu\u011funa \u00e7\u0131karlar birlikte, her foto\u011frafta ba\u015fka bir hat\u0131raya u\u011frarlar. Anneannenin hik\u00e2yesi bitmektedir ama Ali<span class=\"excerpt-hellip\"> [\u2026]<\/span><\/p>\n","protected":false},"featured_media":0,"template":"","meta":{"_monsterinsights_skip_tracking":false,"_monsterinsights_sitenote_active":false,"_monsterinsights_sitenote_note":"","_monsterinsights_sitenote_category":0},"product_brand":[],"product_cat":[12274,12284],"product_tag":[],"class_list":{"0":"post-721652","1":"product","2":"type-product","3":"status-publish","5":"product_cat-cocuk-ve-genclik-kitaplari","6":"product_cat-hikayeler","7":"pa_cilt-ciltsiz","8":"pa_tur-kitap","9":"pa_yayinevi-nesin-yayinlari","10":"pa_yazar-ozge-bahar-sunar","12":"first","13":"instock","14":"sale","15":"shipping-taxable","16":"purchasable","17":"product-type-simple"},"_links":{"self":[{"href":"https:\/\/roveyayinevi.com.tr\/index.php\/wp-json\/wp\/v2\/product\/721652","targetHints":{"allow":["GET"]}}],"collection":[{"href":"https:\/\/roveyayinevi.com.tr\/index.php\/wp-json\/wp\/v2\/product"}],"about":[{"href":"https:\/\/roveyayinevi.com.tr\/index.php\/wp-json\/wp\/v2\/types\/product"}],"wp:attachment":[{"href":"https:\/\/roveyayinevi.com.tr\/index.php\/wp-json\/wp\/v2\/media?parent=721652"}],"wp:term":[{"taxonomy":"product_brand","embeddable":true,"href":"https:\/\/roveyayinevi.com.tr\/index.php\/wp-json\/wp\/v2\/product_brand?post=721652"},{"taxonomy":"product_cat","embeddable":true,"href":"https:\/\/roveyayinevi.com.tr\/index.php\/wp-json\/wp\/v2\/product_cat?post=721652"},{"taxonomy":"product_tag","embeddable":true,"href":"https:\/\/roveyayinevi.com.tr\/index.php\/wp-json\/wp\/v2\/product_tag?post=721652"}],"curies":[{"name":"wp","href":"https:\/\/api.w.org\/{rel}","templated":true}]}}