{"id":721651,"date":"2025-08-27T18:53:07","date_gmt":"2025-08-27T15:53:07","guid":{"rendered":"https:\/\/roveyayinevi.com.tr\/index.php\/urun\/fe-to-borsasi\/"},"modified":"2026-04-16T02:29:42","modified_gmt":"2026-04-15T23:29:42","slug":"fe-to-borsasi","status":"publish","type":"product","link":"https:\/\/roveyayinevi.com.tr\/index.php\/urun\/fe-to-borsasi\/","title":{"rendered":"Fe t\u00f6 Borsas\u0131"},"content":{"rendered":"<p>Fet*hullah G\u00fclen\u2019i Pensilvanya\u2019da ziyaret ederek \u00fc\u00e7 g\u00fcn ge\u00e7iren i\u015fadam\u0131na takipsizlik karar\u0131 nas\u0131l verildi? AKP \u0130l Ba\u015fkan Yard\u0131mc\u0131s\u0131, M\u0130T ve Emniyet ili\u015fkilerini kullanarak nas\u0131l \u00e7\u0131kar sa\u011flad\u0131? Hakk\u0131nda FE*T\u00d6\u2019den g\u00f6zalt\u0131 karar\u0131 olan i\u015fadam\u0131n\u0131 kim, nas\u0131l Emniyet\u2019ten \u201celini kolunu sallayarak\u201d \u00e7\u0131kard\u0131? HDP milletvekilinin AKP\u2019li akrabas\u0131na 2,5 milyon TL\u2019ye kim ihale s\u00f6z\u00fc verdi? Reklam \u015firketi sahibi, hangi ter\u00f6r savc\u0131s\u0131n\u0131n ad\u0131n\u0131 kullanarak \u00e7\u0131kar sa\u011flamaya \u00e7al\u0131\u015ft\u0131? 100 bin dolara takipsizlik karar\u0131 nas\u0131l verildi? FE*T\u00d6\u2019c\u00fc askerler \u00e7i\u011f k\u00f6ftecideki toplant\u0131da neler yap\u0131yordu? Daha y\u00fczlerce soru var\u2026 \u00d6zetle, kurulan FE*T\u00d6 Borsas\u0131\u2019nda kimler rol al\u0131yor, kimler ka\u00e7 paraya kurtar\u0131l\u0131yor? Hepsi elinizdeki dosyada\u2026 <\/p>\n","protected":false},"excerpt":{"rendered":"<p>Fet*hullah G\u00fclen\u2019i Pensilvanya\u2019da ziyaret ederek \u00fc\u00e7 g\u00fcn ge\u00e7iren i\u015fadam\u0131na takipsizlik karar\u0131 nas\u0131l verildi? AKP \u0130l Ba\u015fkan Yard\u0131mc\u0131s\u0131, M\u0130T ve Emniyet ili\u015fkilerini kullanarak nas\u0131l \u00e7\u0131kar sa\u011flad\u0131? Hakk\u0131nda<span class=\"excerpt-hellip\"> [\u2026]<\/span><\/p>\n","protected":false},"featured_media":0,"template":"","meta":{"_monsterinsights_skip_tracking":false,"_monsterinsights_sitenote_active":false,"_monsterinsights_sitenote_note":"","_monsterinsights_sitenote_category":0},"product_brand":[],"product_cat":[13590,12337],"product_tag":[],"class_list":{"0":"post-721651","1":"product","2":"type-product","3":"status-publish","5":"product_cat-arastirma-inceleme-politika-siyaset","6":"product_cat-politika-siyaset","7":"pa_cilt-ciltsiz","8":"pa_tur-kitap","9":"pa_yayinevi-kirmizi-kedi-yayinevi","10":"pa_yazar-can-ozcelik","12":"first","13":"instock","14":"sale","15":"shipping-taxable","16":"purchasable","17":"product-type-simple"},"_links":{"self":[{"href":"https:\/\/roveyayinevi.com.tr\/index.php\/wp-json\/wp\/v2\/product\/721651","targetHints":{"allow":["GET"]}}],"collection":[{"href":"https:\/\/roveyayinevi.com.tr\/index.php\/wp-json\/wp\/v2\/product"}],"about":[{"href":"https:\/\/roveyayinevi.com.tr\/index.php\/wp-json\/wp\/v2\/types\/product"}],"wp:attachment":[{"href":"https:\/\/roveyayinevi.com.tr\/index.php\/wp-json\/wp\/v2\/media?parent=721651"}],"wp:term":[{"taxonomy":"product_brand","embeddable":true,"href":"https:\/\/roveyayinevi.com.tr\/index.php\/wp-json\/wp\/v2\/product_brand?post=721651"},{"taxonomy":"product_cat","embeddable":true,"href":"https:\/\/roveyayinevi.com.tr\/index.php\/wp-json\/wp\/v2\/product_cat?post=721651"},{"taxonomy":"product_tag","embeddable":true,"href":"https:\/\/roveyayinevi.com.tr\/index.php\/wp-json\/wp\/v2\/product_tag?post=721651"}],"curies":[{"name":"wp","href":"https:\/\/api.w.org\/{rel}","templated":true}]}}