{"id":721650,"date":"2025-08-27T18:53:06","date_gmt":"2025-08-27T15:53:06","guid":{"rendered":"https:\/\/roveyayinevi.com.tr\/index.php\/urun\/siyasal-islamin-yukselisi-ve-cokusu\/"},"modified":"2026-04-16T02:29:42","modified_gmt":"2026-04-15T23:29:42","slug":"siyasal-islamin-yukselisi-ve-cokusu","status":"publish","type":"product","link":"https:\/\/roveyayinevi.com.tr\/index.php\/urun\/siyasal-islamin-yukselisi-ve-cokusu\/","title":{"rendered":"Siyasal \u0130slam\u0131n Y\u00fckseli\u015fi ve \u00c7\u00f6k\u00fc\u015f\u00fc"},"content":{"rendered":"<p>\u201cSiyasal \u0130slam\u201d konusunu ele al\u0131rken kesinlikle \u00fczerinde durulmas\u0131 gereken konular\u0131n ba\u015f\u0131nda arkada kalan d\u00f6nemde M\u00fcsl\u00fcman \u00fclkelerin tek tek \u00f6dedikleri fatura gelir. 19. y\u00fczy\u0131lda \u0130slam d\u00fcnyas\u0131 bir b\u00fct\u00fcn olarak ciddi bir \u015fekilde Avrupal\u0131 kapitalist s\u00f6m\u00fcrgecilerle kar\u015f\u0131la\u015ft\u0131\u011f\u0131 ve hemen her yerde yenildi\u011fi zaman akla gelen ilk soru, do\u011fal olarak \u201cBiz neden Bat\u0131 d\u00fcnyas\u0131ndan geri kald\u0131k?\u201d \u015feklindeydi. \u201cSiyasal \u0130slam\u0131\u201d, i\u00e7ine girilen yeni\u00e7a\u011fa ait bir siyasal ak\u0131m olarak ortaya \u00e7\u0131karan da bu soruya \u201c\u0130slam\u201d \u00e7er\u00e7evesi i\u00e7inde bir cevap bulma aray\u0131\u015f\u0131yd\u0131. 20. y\u00fczy\u0131l ise bir anlamda, s\u00f6m\u00fcrgecili\u011fe kar\u015f\u0131 m\u00fccadelenin hangi bayrak alt\u0131nda verilirse ba\u015far\u0131ya ula\u015faca\u011f\u0131n\u0131 ve hangi bayrak alt\u0131nda verilirse Bat\u0131\u2019yla aradaki fark\u0131n kapanmak bir yana daha da derinle\u015fece\u011fini g\u00f6steren onlarca prati\u011fe sahne oldu. \u00d6n\u00fcm\u00fczdeki d\u00f6nem geli\u015fmelerin ne y\u00f6nde olaca\u011f\u0131n\u0131 belirleyecek olan, toplumsal haf\u0131zada b\u00fct\u00fcn 20. y\u00fczy\u0131lda olup bitenlere ili\u015fkin olarak yap\u0131lan muhasebe olacakt\u0131r. Bu kitap bir anlamda b\u00f6yle bir muhasebe \u00e7al\u0131\u015fmas\u0131d\u0131r. <\/p>\n","protected":false},"excerpt":{"rendered":"<p>\u201cSiyasal \u0130slam\u201d konusunu ele al\u0131rken kesinlikle \u00fczerinde durulmas\u0131 gereken konular\u0131n ba\u015f\u0131nda arkada kalan d\u00f6nemde M\u00fcsl\u00fcman \u00fclkelerin tek tek \u00f6dedikleri fatura gelir. 19. y\u00fczy\u0131lda \u0130slam d\u00fcnyas\u0131 bir<span class=\"excerpt-hellip\"> [\u2026]<\/span><\/p>\n","protected":false},"featured_media":0,"template":"","meta":{"_monsterinsights_skip_tracking":false,"_monsterinsights_sitenote_active":false,"_monsterinsights_sitenote_note":"","_monsterinsights_sitenote_category":0},"product_brand":[],"product_cat":[12718,12719],"product_tag":[],"class_list":{"0":"post-721650","1":"product","2":"type-product","3":"status-publish","5":"product_cat-din","6":"product_cat-islam","7":"pa_cilt-ciltsiz","8":"pa_tur-kitap","9":"pa_yayinevi-kirmizi-kedi-yayinevi","10":"pa_yazar-mehmet-bedri-gultekin","12":"first","13":"instock","14":"sale","15":"shipping-taxable","16":"purchasable","17":"product-type-simple"},"_links":{"self":[{"href":"https:\/\/roveyayinevi.com.tr\/index.php\/wp-json\/wp\/v2\/product\/721650","targetHints":{"allow":["GET"]}}],"collection":[{"href":"https:\/\/roveyayinevi.com.tr\/index.php\/wp-json\/wp\/v2\/product"}],"about":[{"href":"https:\/\/roveyayinevi.com.tr\/index.php\/wp-json\/wp\/v2\/types\/product"}],"wp:attachment":[{"href":"https:\/\/roveyayinevi.com.tr\/index.php\/wp-json\/wp\/v2\/media?parent=721650"}],"wp:term":[{"taxonomy":"product_brand","embeddable":true,"href":"https:\/\/roveyayinevi.com.tr\/index.php\/wp-json\/wp\/v2\/product_brand?post=721650"},{"taxonomy":"product_cat","embeddable":true,"href":"https:\/\/roveyayinevi.com.tr\/index.php\/wp-json\/wp\/v2\/product_cat?post=721650"},{"taxonomy":"product_tag","embeddable":true,"href":"https:\/\/roveyayinevi.com.tr\/index.php\/wp-json\/wp\/v2\/product_tag?post=721650"}],"curies":[{"name":"wp","href":"https:\/\/api.w.org\/{rel}","templated":true}]}}