{"id":721648,"date":"2025-08-27T18:53:05","date_gmt":"2025-08-27T15:53:05","guid":{"rendered":"https:\/\/roveyayinevi.com.tr\/index.php\/urun\/t-utun\/"},"modified":"2026-04-16T02:29:27","modified_gmt":"2026-04-15T23:29:27","slug":"t-utun","status":"publish","type":"product","link":"https:\/\/roveyayinevi.com.tr\/index.php\/urun\/t-utun\/","title":{"rendered":"T \u00fct\u00fcn"},"content":{"rendered":"<p>Kristof Kolomb\u2019un Amerika\u2019y\u0131 ke\u015ffiyle d\u00fcnyan\u0131n tamam\u0131n\u0131 etkisi alt\u0131na alan bir bitkinin, t\u00fct\u00fcn\u00fcn toplumsal ya\u015fam \u00fczerindeki muazzam etkisinin izini s\u00fcr\u00fcyor Berlinli yazar Detlef Bluhm. Edgar Allan Poe, Arthur Conan Doyle, Sigmund Freud, Walter Benjamin, Robert Musil, Albert Einstein, Jean Paul Sartre, Albert Camus, Ernesto Che Guevara gibi pek \u00e7ok \u00f6nemli isim ise d\u00fc\u015f\u00fcnceleri, eserleri, ya\u015famlar\u0131yla e\u015flik ediyor t\u00fct\u00fcn\u00fcn k\u00fclt\u00fcrel tarihine.   \u201cDivana uzanm\u0131\u015f keyif \u00e7at\u0131yorsunuz, kendinizi d\u00fc\u015f\u00fcncelerinizin ak\u0131\u015f\u0131na b\u0131rak\u0131yor, i\u00e7meden sarho\u015f oluyorsunuz; tiksinmeden, Champagne \u015faraplar\u0131n\u0131n \u015furup benzeri tad\u0131n\u0131 a\u011fz\u0131n\u0131zda hissetmeden, kahvenin verdi\u011fi sinirli yorgunlu\u011fu duymadan. Beyniniz hi\u00e7 bilmedi\u011finiz beceriler geli\u015ftiriyor, kafatas\u0131n\u0131z\u0131n a\u011f\u0131rl\u0131\u011f\u0131n\u0131 hissetmiyorsunuz art\u0131k, hafif kanatlarla hayaller diyar\u0131na u\u00e7uyorsunuz, etrafta p\u0131r p\u0131r eden hezeyanlar\u0131n\u0131z\u0131, muhte\u015fem bir \u00e7ay\u0131rda k\u0131zb\u00f6ceklerini kovalayan bir \u00e7ocuk gibi hayal meyal alg\u0131l\u0131yorsunuz ve kendinizi olmak istedi\u011finiz yerde, en ideal halinizle g\u00f6r\u00fcyorsunuz. En g\u00fczel umutlar ge\u00e7iyor yan\u0131n\u0131zdan, art\u0131k yaln\u0131zca birer hayal de\u011fil bunlar, ete kemi\u011fe b\u00fcr\u00fcnm\u00fc\u015fler ve Taglioni gibi b\u00fcy\u00fck bir zarafetle s\u00fcz\u00fcl\u00fcyorlar. T\u00fc*t\u00fcn tiryakileri, siz bu duyguyu bilirsiniz!\u201d Balzac <\/p>\n","protected":false},"excerpt":{"rendered":"<p>Kristof Kolomb\u2019un Amerika\u2019y\u0131 ke\u015ffiyle d\u00fcnyan\u0131n tamam\u0131n\u0131 etkisi alt\u0131na alan bir bitkinin, t\u00fct\u00fcn\u00fcn toplumsal ya\u015fam \u00fczerindeki muazzam etkisinin izini s\u00fcr\u00fcyor Berlinli yazar Detlef Bluhm. Edgar Allan Poe,<span class=\"excerpt-hellip\"> [\u2026]<\/span><\/p>\n","protected":false},"featured_media":0,"template":"","meta":{"_monsterinsights_skip_tracking":false,"_monsterinsights_sitenote_active":false,"_monsterinsights_sitenote_note":"","_monsterinsights_sitenote_category":0},"product_brand":[],"product_cat":[12312,12304],"product_tag":[],"class_list":{"0":"post-721648","1":"product","2":"type-product","3":"status-publish","5":"product_cat-diger","6":"product_cat-tarih","7":"pa_cilt-ciltsiz","8":"pa_tur-kitap","9":"pa_yayinevi-kolektif-kitap","10":"pa_yazar-detlef-bluhm","12":"first","13":"instock","14":"sale","15":"shipping-taxable","16":"purchasable","17":"product-type-simple"},"_links":{"self":[{"href":"https:\/\/roveyayinevi.com.tr\/index.php\/wp-json\/wp\/v2\/product\/721648","targetHints":{"allow":["GET"]}}],"collection":[{"href":"https:\/\/roveyayinevi.com.tr\/index.php\/wp-json\/wp\/v2\/product"}],"about":[{"href":"https:\/\/roveyayinevi.com.tr\/index.php\/wp-json\/wp\/v2\/types\/product"}],"wp:attachment":[{"href":"https:\/\/roveyayinevi.com.tr\/index.php\/wp-json\/wp\/v2\/media?parent=721648"}],"wp:term":[{"taxonomy":"product_brand","embeddable":true,"href":"https:\/\/roveyayinevi.com.tr\/index.php\/wp-json\/wp\/v2\/product_brand?post=721648"},{"taxonomy":"product_cat","embeddable":true,"href":"https:\/\/roveyayinevi.com.tr\/index.php\/wp-json\/wp\/v2\/product_cat?post=721648"},{"taxonomy":"product_tag","embeddable":true,"href":"https:\/\/roveyayinevi.com.tr\/index.php\/wp-json\/wp\/v2\/product_tag?post=721648"}],"curies":[{"name":"wp","href":"https:\/\/api.w.org\/{rel}","templated":true}]}}