{"id":721644,"date":"2025-08-27T18:53:02","date_gmt":"2025-08-27T15:53:02","guid":{"rendered":"https:\/\/roveyayinevi.com.tr\/index.php\/urun\/karsilastirmali-siyasal-ekonomi\/"},"modified":"2026-04-16T02:29:27","modified_gmt":"2026-04-15T23:29:27","slug":"karsilastirmali-siyasal-ekonomi","status":"publish","type":"product","link":"https:\/\/roveyayinevi.com.tr\/index.php\/urun\/karsilastirmali-siyasal-ekonomi\/","title":{"rendered":"Kar\u015f\u0131la\u015ft\u0131rmal\u0131 Siyasal Ekonomi"},"content":{"rendered":"<p>Kar\u015f\u0131la\u015ft\u0131rmal\u0131 Siyasal Ekonomi 21. y\u00fczy\u0131l\u0131n ileri kapitalizmini ve k\u00fcresel finansal krizden sonraki evrimini anlamak i\u00e7in ihtiyac\u0131m\u0131z olan bir analitik \u00e7er\u00e7eve sunuyor. Kar\u015f\u0131la\u015ft\u0131rmal\u0131 siyasal ekonomiyi siyasal ekonomi alan\u0131ndaki kilit kavramlardan ve kuramsal tart\u0131\u015fmalardan olu\u015fan bir \u00e7er\u00e7eveye yerle\u015ftiren bu \u00e7al\u0131\u015fma, kar\u015f\u0131la\u015ft\u0131rmal\u0131 yakla\u015f\u0131m\u0131n oda\u011f\u0131n\u0131n ve evriminin ayr\u0131nt\u0131l\u0131 bir haritas\u0131n\u0131 \u00e7\u0131kar\u0131yor. Dahas\u0131, kar\u015f\u0131la\u015ft\u0131rmal\u0131 siyasal ekonomiyi sistematik bir \u015fekilde uluslararas\u0131 siyasal ekonomi alan\u0131na ba\u011flayarak, birbirine yak\u0131n bu iki alan aras\u0131nda daha s\u0131k\u0131 bir etkile\u015fimi savunuyor. Clift, k\u00fcresel finansal kriz ve ard\u0131ndan gelen siyasi m\u00fcdahalelerin pe\u015finden cereyan eden tart\u0131\u015fmalar\u0131 tekrar canland\u0131rarak, kar\u015f\u0131la\u015ft\u0131rmal\u0131 siyasal ekonomi alan\u0131na b\u00fct\u00fcnc\u00fcl bir bak\u0131\u015f sunuyor. Ben Clift\u2019in \u00e7al\u0131\u015fmas\u0131 i\u00e7erdi\u011fi zengin kuramsal de\u011ferlendirmeler, derinlemesine g\u00f6zlem ve analizlerle, kar\u015f\u0131la\u015ft\u0131rmal\u0131 siyasal ekonomi alan\u0131n\u0131n g\u00fcncel \u00f6nemini korudu\u011funu ikna edici \u015fekilde ortaya koyuyor. Kar\u015f\u0131la\u015ft\u0131rmal\u0131 Siyasal Ekonomi siyaset, ekonomi ve uluslararas\u0131 ili\u015fkiler alan\u0131nda ara\u015ft\u0131rma yapanlarla lisans ve lisans \u00fcst\u00fc \u00f6\u011frencileri i\u00e7in de\u011ferli bir kaynak.     Ben Clift, Warwick \u00dcniversitesi Siyaset ve Uluslararas\u0131 Ara\u015ft\u0131rmalar B\u00f6l\u00fcm\u00fc\u2019nde profes\u00f6r.<\/p>\n","protected":false},"excerpt":{"rendered":"<p>Kar\u015f\u0131la\u015ft\u0131rmal\u0131 Siyasal Ekonomi 21. y\u00fczy\u0131l\u0131n ileri kapitalizmini ve k\u00fcresel finansal krizden sonraki evrimini anlamak i\u00e7in ihtiyac\u0131m\u0131z olan bir analitik \u00e7er\u00e7eve sunuyor. Kar\u015f\u0131la\u015ft\u0131rmal\u0131 siyasal ekonomiyi siyasal ekonomi<span class=\"excerpt-hellip\"> [\u2026]<\/span><\/p>\n","protected":false},"featured_media":0,"template":"","meta":{"_monsterinsights_skip_tracking":false,"_monsterinsights_sitenote_active":false,"_monsterinsights_sitenote_note":"","_monsterinsights_sitenote_category":0},"product_brand":[],"product_cat":[20333,13043],"product_tag":[],"class_list":{"0":"post-721644","1":"product","2":"type-product","3":"status-publish","5":"product_cat-diger-ekonomi","6":"product_cat-ekonomi","7":"pa_cilt-ciltli","8":"pa_tur-kitap","9":"pa_yayinevi-koc-universitesi-yayinlari","10":"pa_yazar-ben-clift","12":"first","13":"instock","14":"sale","15":"shipping-taxable","16":"purchasable","17":"product-type-simple"},"_links":{"self":[{"href":"https:\/\/roveyayinevi.com.tr\/index.php\/wp-json\/wp\/v2\/product\/721644","targetHints":{"allow":["GET"]}}],"collection":[{"href":"https:\/\/roveyayinevi.com.tr\/index.php\/wp-json\/wp\/v2\/product"}],"about":[{"href":"https:\/\/roveyayinevi.com.tr\/index.php\/wp-json\/wp\/v2\/types\/product"}],"wp:attachment":[{"href":"https:\/\/roveyayinevi.com.tr\/index.php\/wp-json\/wp\/v2\/media?parent=721644"}],"wp:term":[{"taxonomy":"product_brand","embeddable":true,"href":"https:\/\/roveyayinevi.com.tr\/index.php\/wp-json\/wp\/v2\/product_brand?post=721644"},{"taxonomy":"product_cat","embeddable":true,"href":"https:\/\/roveyayinevi.com.tr\/index.php\/wp-json\/wp\/v2\/product_cat?post=721644"},{"taxonomy":"product_tag","embeddable":true,"href":"https:\/\/roveyayinevi.com.tr\/index.php\/wp-json\/wp\/v2\/product_tag?post=721644"}],"curies":[{"name":"wp","href":"https:\/\/api.w.org\/{rel}","templated":true}]}}