{"id":721643,"date":"2025-08-27T18:53:02","date_gmt":"2025-08-27T15:53:02","guid":{"rendered":"https:\/\/roveyayinevi.com.tr\/index.php\/urun\/dijital-ruh-insan-ve-teknoloji-arasindaki-yaratici-ortaklik\/"},"modified":"2026-04-16T02:29:27","modified_gmt":"2026-04-15T23:29:27","slug":"dijital-ruh-insan-ve-teknoloji-arasindaki-yaratici-ortaklik","status":"publish","type":"product","link":"https:\/\/roveyayinevi.com.tr\/index.php\/urun\/dijital-ruh-insan-ve-teknoloji-arasindaki-yaratici-ortaklik\/","title":{"rendered":"Dijital Ruh: \u0130nsan ve Teknoloji Aras\u0131ndaki Yarat\u0131c\u0131 Ortakl\u0131k"},"content":{"rendered":"<p>Teknoloji geli\u015ftik\u00e7e insanlar\u0131n ona dair fikirleri de \u00e7e\u015fitleniyor. Kimi algoritmalar\u0131n her \u015feye h\u00e2kim oldu\u011fu bir gelecekten korkuyor, kimiyse o gelece\u011fe ola\u011fan\u00fcst\u00fc bir co\u015fkuyla yakla\u015f\u0131yor ve fiziksel d\u00fcnyadaki her \u015feyin asl\u0131nda tamamen dijital bir hesaplama oldu\u011funu s\u00f6yleyecek kadar ileri gidiyor. Peki, ger\u00e7ekte nedir teknoloji? Zaten var olan \u015feylerin ke\u015ffedilmesinden ibaret midir, yoksa bulu\u015fmalar m\u0131 var eder onu? Ne y\u00f6ne do\u011fru ve nas\u0131l bir h\u0131zla ilerliyor? Mevcut h\u0131z\u0131yla zaman i\u00e7inde insana \u00fcst\u00fcn gelebilir mi? Dijital Ruh i\u015fte bu sorular etraf\u0131nda in\u015fa ediliyor. Yazar Edward Ashford Lee \u00f6nce Platon\u2019un felsefesine kadar geri gidiyor, teknolojinin insanlar taraf\u0131ndan ke\u015ffedilen Platonik \u0130deallerden olu\u015ftu\u011fu d\u00fc\u015f\u00fcncesi ile yarat\u0131c\u0131 bir s\u00fcre\u00e7 oldu\u011fu d\u00fc\u015f\u00fcncesini kar\u015f\u0131 kar\u015f\u0131ya getiriyor. Daha sonra insanlar ve makineler aras\u0131ndaki rekabete odaklan\u0131yor ve asl\u0131nda b\u00f6yle bir rekabet olmad\u0131\u011f\u0131n\u0131, evrim s\u00fcrecinden birlikte ge\u00e7tiklerini iddia ediyor. Bir yin ve yang dengesiyle teknoloji tarihinin en alt basama\u011f\u0131ndan en \u00fcst basama\u011f\u0131na do\u011fru t\u0131rmanarak okura adeta bir teknoloji felsefesi sunuyor. <\/p>\n","protected":false},"excerpt":{"rendered":"<p>Teknoloji geli\u015ftik\u00e7e insanlar\u0131n ona dair fikirleri de \u00e7e\u015fitleniyor. Kimi algoritmalar\u0131n her \u015feye h\u00e2kim oldu\u011fu bir gelecekten korkuyor, kimiyse o gelece\u011fe ola\u011fan\u00fcst\u00fc bir co\u015fkuyla yakla\u015f\u0131yor ve fiziksel<span class=\"excerpt-hellip\"> [\u2026]<\/span><\/p>\n","protected":false},"featured_media":0,"template":"","meta":{"_monsterinsights_skip_tracking":false,"_monsterinsights_sitenote_active":false,"_monsterinsights_sitenote_note":"","_monsterinsights_sitenote_category":0},"product_brand":[],"product_cat":[13005,37328],"product_tag":[],"class_list":{"0":"post-721643","1":"product","2":"type-product","3":"status-publish","5":"product_cat-bilim-muhendislik","6":"product_cat-diger-bilim-muhendislik","7":"pa_cilt-ciltsiz","8":"pa_tur-kitap","9":"pa_yayinevi-koc-universitesi-yayinlari","10":"pa_yazar-edward-ashford-lee","12":"first","13":"instock","14":"sale","15":"shipping-taxable","16":"purchasable","17":"product-type-simple"},"_links":{"self":[{"href":"https:\/\/roveyayinevi.com.tr\/index.php\/wp-json\/wp\/v2\/product\/721643","targetHints":{"allow":["GET"]}}],"collection":[{"href":"https:\/\/roveyayinevi.com.tr\/index.php\/wp-json\/wp\/v2\/product"}],"about":[{"href":"https:\/\/roveyayinevi.com.tr\/index.php\/wp-json\/wp\/v2\/types\/product"}],"wp:attachment":[{"href":"https:\/\/roveyayinevi.com.tr\/index.php\/wp-json\/wp\/v2\/media?parent=721643"}],"wp:term":[{"taxonomy":"product_brand","embeddable":true,"href":"https:\/\/roveyayinevi.com.tr\/index.php\/wp-json\/wp\/v2\/product_brand?post=721643"},{"taxonomy":"product_cat","embeddable":true,"href":"https:\/\/roveyayinevi.com.tr\/index.php\/wp-json\/wp\/v2\/product_cat?post=721643"},{"taxonomy":"product_tag","embeddable":true,"href":"https:\/\/roveyayinevi.com.tr\/index.php\/wp-json\/wp\/v2\/product_tag?post=721643"}],"curies":[{"name":"wp","href":"https:\/\/api.w.org\/{rel}","templated":true}]}}