{"id":721641,"date":"2025-08-27T18:53:00","date_gmt":"2025-08-27T15:53:00","guid":{"rendered":"https:\/\/roveyayinevi.com.tr\/index.php\/urun\/dionisos-ve-anadolu-koylusu\/"},"modified":"2026-04-16T02:29:27","modified_gmt":"2026-04-15T23:29:27","slug":"dionisos-ve-anadolu-koylusu","status":"publish","type":"product","link":"https:\/\/roveyayinevi.com.tr\/index.php\/urun\/dionisos-ve-anadolu-koylusu\/","title":{"rendered":"Dionisos ve Anadolu K\u00f6yl\u00fcs\u00fc"},"content":{"rendered":"<p>\u201cMetin And\u2019\u0131, tiyatro tarihi \u00fczerindeki incelemeleri, kendili\u011finden halkbilgisine ve Anadolu\u2019daki halk t\u00f6relerine g\u00f6t\u00fcrm\u00fc\u015f g\u00f6r\u00fcn\u00fcyor. Anadolu \u2018seyirlik halk oyunlar\u0131\u2019n\u0131n kaynaklar\u0131n\u0131 ara\u015ft\u0131ran bu kitab\u0131nda, eski dinlerin kal\u0131nt\u0131lar\u0131 olan bu oyunlar\u0131, Ortado\u011fu ve Ege uygarl\u0131klar\u0131ndan bilinen t\u00f6relerle ve k\u00fclt\u00fcrlerle kar\u015f\u0131la\u015ft\u0131r\u0131yor.   Her \u015feyden \u00f6nce bu gen\u00e7 ara\u015ft\u0131r\u0131c\u0131n\u0131n eski ku\u015faktakilerden ayr\u0131lan \u00f6zelliklerinden en olumlusuna, \u00e7al\u0131\u015fkanl\u0131\u011f\u0131na de\u011finmeliyim. Tuttu\u011fu yoldaki \u00e7abas\u0131 onu, bilim adam\u0131n\u0131n her yerde \u00e7ok \u00e7ekindi\u011fi acele ve zay\u0131f delillerle tamim yan\u0131lmalar\u0131na g\u00f6t\u00fcrme ihtimallerine ra\u011fmen, aral\u0131ks\u0131z s\u00fcr\u00fcp gitti\u011fine g\u00f6re, onu daha g\u00fc\u00e7l\u00fc ve doyurucu eserlere elbette ula\u015ft\u0131racakt\u0131r.\u201d (Tahir Alangu)   Dionisos ve Anadolu K\u00f6yl\u00fcs\u00fc yay\u0131mland\u0131\u011f\u0131nda edebiyat tarihimize, T\u00fcrk folklor ve halk edebiyat\u0131n\u0131n \u00e7e\u015fitli konular\u0131na yapt\u0131\u011f\u0131 de\u011ferli katk\u0131lar\u0131yla tan\u0131d\u0131\u011f\u0131m\u0131z Tahir Alangu, Metin And ad\u0131na erken, olumlu ve ele\u015ftirel de\u011ferlendirmelerde bulunurken y\u0131llar sonra yazaca\u011f\u0131, bir\u00e7o\u011fu kendi alan\u0131nda birer klasik eser niteli\u011fi kazanan \u00e7al\u0131\u015fmalar\u0131n\u0131n m\u00fcjdesini veriyor.   Eski Anadolu (Hitit, Yunan, Roma&#8230;), Trakya, Ortado\u011fu inan\u00e7 ve rit\u00fcellerinin binlerce y\u0131l \u00f6ncesinden bug\u00fcne k\u00f6yl\u00fc oyunlar\u0131 g\u00f6r\u00fcnt\u00fcs\u00fcne b\u00fcr\u00fcnerek ya\u015fad\u0131\u011f\u0131n\u0131 g\u00f6steren bu k\u00fc\u00e7\u00fck kitap, ak\u0131l almaz kaynak okumalar\u0131n\u0131n sat\u0131rlara d\u00f6k\u00fclm\u00fc\u015f cesur bir denemesi, dikkatli bir kar\u015f\u0131la\u015ft\u0131rma ve \u00f6neriler yuma\u011f\u0131, bu konular\u0131n vazge\u00e7ilmez kayna\u011f\u0131 Oyun ve B\u00fcg\u00fc\u2019n\u00fcn (Metin And) de \u00f6z annesi. <\/p>\n","protected":false},"excerpt":{"rendered":"<p>\u201cMetin And\u2019\u0131, tiyatro tarihi \u00fczerindeki incelemeleri, kendili\u011finden halkbilgisine ve Anadolu\u2019daki halk t\u00f6relerine g\u00f6t\u00fcrm\u00fc\u015f g\u00f6r\u00fcn\u00fcyor. Anadolu \u2018seyirlik halk oyunlar\u0131\u2019n\u0131n kaynaklar\u0131n\u0131 ara\u015ft\u0131ran bu kitab\u0131nda, eski dinlerin kal\u0131nt\u0131lar\u0131 olan<span class=\"excerpt-hellip\"> [\u2026]<\/span><\/p>\n","protected":false},"featured_media":0,"template":"","meta":{"_monsterinsights_skip_tracking":false,"_monsterinsights_sitenote_active":false,"_monsterinsights_sitenote_note":"","_monsterinsights_sitenote_category":0},"product_brand":[],"product_cat":[12408],"product_tag":[],"class_list":{"0":"post-721641","1":"product","2":"type-product","3":"status-publish","5":"product_cat-sanat","6":"pa_cilt-ciltsiz","7":"pa_tur-kitap","8":"pa_yayinevi-yapi-kredi-yayinlari","9":"pa_yazar-metin-and","11":"first","12":"instock","13":"sale","14":"shipping-taxable","15":"purchasable","16":"product-type-simple"},"_links":{"self":[{"href":"https:\/\/roveyayinevi.com.tr\/index.php\/wp-json\/wp\/v2\/product\/721641","targetHints":{"allow":["GET"]}}],"collection":[{"href":"https:\/\/roveyayinevi.com.tr\/index.php\/wp-json\/wp\/v2\/product"}],"about":[{"href":"https:\/\/roveyayinevi.com.tr\/index.php\/wp-json\/wp\/v2\/types\/product"}],"wp:attachment":[{"href":"https:\/\/roveyayinevi.com.tr\/index.php\/wp-json\/wp\/v2\/media?parent=721641"}],"wp:term":[{"taxonomy":"product_brand","embeddable":true,"href":"https:\/\/roveyayinevi.com.tr\/index.php\/wp-json\/wp\/v2\/product_brand?post=721641"},{"taxonomy":"product_cat","embeddable":true,"href":"https:\/\/roveyayinevi.com.tr\/index.php\/wp-json\/wp\/v2\/product_cat?post=721641"},{"taxonomy":"product_tag","embeddable":true,"href":"https:\/\/roveyayinevi.com.tr\/index.php\/wp-json\/wp\/v2\/product_tag?post=721641"}],"curies":[{"name":"wp","href":"https:\/\/api.w.org\/{rel}","templated":true}]}}