{"id":721640,"date":"2025-08-27T18:52:59","date_gmt":"2025-08-27T15:52:59","guid":{"rendered":"https:\/\/roveyayinevi.com.tr\/index.php\/urun\/isin-asli-judit-ve-sonrasi\/"},"modified":"2026-04-16T02:29:27","modified_gmt":"2026-04-15T23:29:27","slug":"isin-asli-judit-ve-sonrasi","status":"publish","type":"product","link":"https:\/\/roveyayinevi.com.tr\/index.php\/urun\/isin-asli-judit-ve-sonrasi\/","title":{"rendered":"\u0130\u015fin Asl\u0131, Judit ve Sonras\u0131"},"content":{"rendered":"<p>Bir beyefendi, bir han\u0131mefendi ve bir hizmet\u00e7i&#8230; Macaristan\u2019\u0131n en b\u00fcy\u00fck \u00e7a\u011fda\u015f yazarlar\u0131ndan S\u00e1ndor M\u00e1rai, sadakat ve yalan\u0131, ger\u00e7e\u011fi ve arzulanan\u0131, toplumsal ili\u015fkilerdeki d\u00fcr\u00fcstl\u00fc\u011f\u00fc ve tutuklu\u011fu, sevgiyi ve ayr\u0131l\u0131\u011f\u0131 ustal\u0131kl\u0131 bir dille anlat\u0131rken, ikinci b\u00fcy\u00fck sava\u015fa do\u011fru yuvarlanan bir d\u00fcnyada, \u201cya\u015famak\u201d ile \u201cvar olmak\u201d aras\u0131ndaki derin u\u00e7uruma duyarl\u0131l\u0131kla ve cesaretle e\u011filiyor.   Orta Avrupa\u2019n\u0131n burjuva d\u00fcnyas\u0131 sessizce \u00e7\u00f6kerken tutku, \u00f6zlem ve gelip ge\u00e7icilikle sarmalanm\u0131\u015f bir hik\u00e2yenin keskin k\u00f6\u015felerinde yaln\u0131zl\u0131kla s\u0131nanan iki kad\u0131n ve bir adam: Ger\u00e7ek a\u015fk daima \u00f6l\u00fcmc\u00fcl m\u00fcd\u00fcr?   Usta yazar S\u00e1ndor M\u00e1rai, a\u015fk\u0131n ne kadar a\u011f\u0131r olabilece\u011fini son derece b\u00fcy\u00fck bir derinlikle anlat\u0131yor; iki sava\u015f aras\u0131ndaki toplumun ahlaki portresini, e\u015fine az rastlan\u0131r bir duyarl\u0131l\u0131kla \u00e7iziyor. &#8211; Stern   G\u00fcn\u00fcn birinde uyand\u0131m, yata\u011f\u0131mda do\u011frulup oturdum ve g\u00fcl\u00fcmsedim. Art\u0131k en ufak bir ac\u0131 \u00e7ekmiyordum ve birden, do\u011fru insan diye bir \u015feyin olmad\u0131\u011f\u0131n\u0131 idrak ettim. Ne yery\u00fcz\u00fcnde ne de cennette. \u00d6yle biri, \u00f6yle tek bir ki\u015fi yok. Sadece insanlar ve her insan\u0131n i\u00e7inde bir tutam do\u011fru insan var ama kimsede, bizim di\u011ferinden bekledi\u011fimiz ve umdu\u011fumuz \u015fey yok. Kusursuz insan diye bir \u015fey yok ve o mutluluk veren, harikulade tek adam asl\u0131nda hi\u00e7 var olmad\u0131. Sadece i\u00e7lerinde \u0131\u015f\u0131k kadar moloz da olan insanlar&#8230; <\/p>\n","protected":false},"excerpt":{"rendered":"<p>Bir beyefendi, bir han\u0131mefendi ve bir hizmet\u00e7i&#8230; Macaristan\u2019\u0131n en b\u00fcy\u00fck \u00e7a\u011fda\u015f yazarlar\u0131ndan S\u00e1ndor M\u00e1rai, sadakat ve yalan\u0131, ger\u00e7e\u011fi ve arzulanan\u0131, toplumsal ili\u015fkilerdeki d\u00fcr\u00fcstl\u00fc\u011f\u00fc ve tutuklu\u011fu, sevgiyi<span class=\"excerpt-hellip\"> [\u2026]<\/span><\/p>\n","protected":false},"featured_media":0,"template":"","meta":{"_monsterinsights_skip_tracking":false,"_monsterinsights_sitenote_active":false,"_monsterinsights_sitenote_note":"","_monsterinsights_sitenote_category":0},"product_brand":[],"product_cat":[12291,12711],"product_tag":[],"class_list":{"0":"post-721640","1":"product","2":"type-product","3":"status-publish","5":"product_cat-edebiyat","6":"product_cat-roman-oyku","7":"pa_cilt-ciltsiz","8":"pa_tur-kitap","9":"pa_yayinevi-yapi-kredi-yayinlari","10":"pa_yazar-sandor-marai","12":"first","13":"instock","14":"sale","15":"shipping-taxable","16":"purchasable","17":"product-type-simple"},"_links":{"self":[{"href":"https:\/\/roveyayinevi.com.tr\/index.php\/wp-json\/wp\/v2\/product\/721640","targetHints":{"allow":["GET"]}}],"collection":[{"href":"https:\/\/roveyayinevi.com.tr\/index.php\/wp-json\/wp\/v2\/product"}],"about":[{"href":"https:\/\/roveyayinevi.com.tr\/index.php\/wp-json\/wp\/v2\/types\/product"}],"wp:attachment":[{"href":"https:\/\/roveyayinevi.com.tr\/index.php\/wp-json\/wp\/v2\/media?parent=721640"}],"wp:term":[{"taxonomy":"product_brand","embeddable":true,"href":"https:\/\/roveyayinevi.com.tr\/index.php\/wp-json\/wp\/v2\/product_brand?post=721640"},{"taxonomy":"product_cat","embeddable":true,"href":"https:\/\/roveyayinevi.com.tr\/index.php\/wp-json\/wp\/v2\/product_cat?post=721640"},{"taxonomy":"product_tag","embeddable":true,"href":"https:\/\/roveyayinevi.com.tr\/index.php\/wp-json\/wp\/v2\/product_tag?post=721640"}],"curies":[{"name":"wp","href":"https:\/\/api.w.org\/{rel}","templated":true}]}}