{"id":721636,"date":"2025-08-27T18:52:56","date_gmt":"2025-08-27T15:52:56","guid":{"rendered":"https:\/\/roveyayinevi.com.tr\/index.php\/urun\/beyoglunun-en-guzel-abisi\/"},"modified":"2026-04-16T02:29:27","modified_gmt":"2026-04-15T23:29:27","slug":"beyoglunun-en-guzel-abisi","status":"publish","type":"product","link":"https:\/\/roveyayinevi.com.tr\/index.php\/urun\/beyoglunun-en-guzel-abisi\/","title":{"rendered":"Beyo\u011flu&#8217;nun En G\u00fczel Abisi"},"content":{"rendered":"<p>\u015eeytan m\u00fchr\u00fcn\u00fc vurdu Tarlaba\u015f\u0131&#8217;na\u2026   Beyo\u011flu&#8217;nun tekinsiz arka sokaklar\u0131\u2026 Senenin ilk kar\u0131 d\u00fc\u015ferken Tarlaba\u015f\u0131&#8217;n\u0131n yak\u0131\u015f\u0131kl\u0131 delikanl\u0131s\u0131 katiline buruk\u00e7a g\u00fcler ve ruhunu teslim eder. Ba\u015fkomser Nevzat cinayeti \u00e7\u00f6zmeye \u00e7al\u0131\u015f\u0131rken \u015fehrin nas\u0131l parsel parsel sat\u0131ld\u0131\u011f\u0131na, insanlar\u0131n canlar\u0131 \u00fczerine kurulan zenginli\u011fe yeniden \u015fahit olur, kahrolur.   A\u015fk\u0131n iyilikle bir ilgisi yok.   Ahmet \u00dcmit Beyo\u011flu&#8217;nun En G\u00fczel Abisi&#8217;nde semtin virane, metruk binalar\u0131yla i\u00e7 i\u00e7e ge\u00e7mi\u015f bir su\u00e7 ve cinayet \u00f6rg\u00fcs\u00fcn\u00fc samimiyetle ve dizginleyemedi\u011fi bir isyan duygusuyla aktar\u0131yor. Ba\u015fkomser Nevzat da puslu havay\u0131 seven kurt misali \u0130stanbul k\u0131\u015f\u0131na pek bir yak\u0131\u015f\u0131yor. Evet, bu y\u0131k\u0131lmaya y\u00fcz tutmu\u015f binalar, nefretimizle, toplu histerimizle viraneye \u00e7evirdi\u011fimiz bu me\u015fum semt, bu cinayetler, bu k\u00f6t\u00fcl\u00fckler, bu insan kan\u0131, insan eti sat\u0131lan can pazar\u0131\u2026 San\u0131r\u0131m bu y\u00fczden, k\u0131rm\u0131\u015ft\u0131m bizim emektar\u0131n direksiyonunu ara sokaklara. \u015eehrin g\u00f6be\u011findeki bu hayalet semti bir kez daha g\u00f6rmek, anlamak, lanetini hissetmek i\u00e7in.<\/p>\n","protected":false},"excerpt":{"rendered":"<p>\u015eeytan m\u00fchr\u00fcn\u00fc vurdu Tarlaba\u015f\u0131&#8217;na\u2026 Beyo\u011flu&#8217;nun tekinsiz arka sokaklar\u0131\u2026 Senenin ilk kar\u0131 d\u00fc\u015ferken Tarlaba\u015f\u0131&#8217;n\u0131n yak\u0131\u015f\u0131kl\u0131 delikanl\u0131s\u0131 katiline buruk\u00e7a g\u00fcler ve ruhunu teslim eder. Ba\u015fkomser Nevzat cinayeti \u00e7\u00f6zmeye<span class=\"excerpt-hellip\"> [\u2026]<\/span><\/p>\n","protected":false},"featured_media":0,"template":"","meta":{"_monsterinsights_skip_tracking":false,"_monsterinsights_sitenote_active":false,"_monsterinsights_sitenote_note":"","_monsterinsights_sitenote_category":0},"product_brand":[],"product_cat":[12291,15445],"product_tag":[],"class_list":{"0":"post-721636","1":"product","2":"type-product","3":"status-publish","5":"product_cat-edebiyat","6":"product_cat-polisiye","7":"pa_cilt-ciltsiz","8":"pa_tur-kitap","9":"pa_yayinevi-yapi-kredi-yayinlari","10":"pa_yazar-ahmet-umit","12":"first","13":"instock","14":"sale","15":"shipping-taxable","16":"purchasable","17":"product-type-simple"},"_links":{"self":[{"href":"https:\/\/roveyayinevi.com.tr\/index.php\/wp-json\/wp\/v2\/product\/721636","targetHints":{"allow":["GET"]}}],"collection":[{"href":"https:\/\/roveyayinevi.com.tr\/index.php\/wp-json\/wp\/v2\/product"}],"about":[{"href":"https:\/\/roveyayinevi.com.tr\/index.php\/wp-json\/wp\/v2\/types\/product"}],"wp:attachment":[{"href":"https:\/\/roveyayinevi.com.tr\/index.php\/wp-json\/wp\/v2\/media?parent=721636"}],"wp:term":[{"taxonomy":"product_brand","embeddable":true,"href":"https:\/\/roveyayinevi.com.tr\/index.php\/wp-json\/wp\/v2\/product_brand?post=721636"},{"taxonomy":"product_cat","embeddable":true,"href":"https:\/\/roveyayinevi.com.tr\/index.php\/wp-json\/wp\/v2\/product_cat?post=721636"},{"taxonomy":"product_tag","embeddable":true,"href":"https:\/\/roveyayinevi.com.tr\/index.php\/wp-json\/wp\/v2\/product_tag?post=721636"}],"curies":[{"name":"wp","href":"https:\/\/api.w.org\/{rel}","templated":true}]}}