{"id":721635,"date":"2025-08-27T18:52:55","date_gmt":"2025-08-27T15:52:55","guid":{"rendered":"https:\/\/roveyayinevi.com.tr\/index.php\/urun\/sensizlik-gunlugum\/"},"modified":"2026-04-16T02:29:27","modified_gmt":"2026-04-15T23:29:27","slug":"sensizlik-gunlugum","status":"publish","type":"product","link":"https:\/\/roveyayinevi.com.tr\/index.php\/urun\/sensizlik-gunlugum\/","title":{"rendered":"Sensizlik G\u00fcnl\u00fc\u011f\u00fcm"},"content":{"rendered":"<p>Bir\u00e7o\u011funuz g\u00fcnl\u00fck tutard\u0131n\u0131z eskiden. Belki de hala tutanlar\u0131n\u0131z var. Ama ben hi\u00e7bir zaman g\u00fcnl\u00fck tutacak kadar de\u011ferli bir \u015fey bulamad\u0131m hayat\u0131mda. Ta ki o hayat\u0131mdan \u00e7\u0131k\u0131nca onu hala akl\u0131mdan uzakla\u015ft\u0131ramad\u0131\u011f\u0131m\u0131 anlad\u0131\u011f\u0131m zamana kadar\u2026 \u00c7\u00fcnk\u00fc biz \u00e2\u015f\u0131klar onsuzlu\u011fu sayar\u0131z adeta. Hatta onsuz zaman ge\u00e7mez.   Art\u0131k yaln\u0131z de\u011filsiniz merak etmeyin. Bu kitap size onsuzlukta \u00e7ok yard\u0131mc\u0131 olacak. \u00c7\u00fcnk\u00fc ad\u0131 \u00fcst\u00fcnde, bu kitap onsuzlar\u0131n g\u00fcnl\u00fc\u011f\u00fc, yani bu kitap bizler i\u00e7in var. Ac\u0131 \u00e7ekenler i\u00e7in de mutlu olanlar i\u00e7in de\u2026 Yani herkesin bir par\u00e7as\u0131 var asl\u0131nda, bu kitab\u0131n i\u00e7inde\u2026 <\/p>\n","protected":false},"excerpt":{"rendered":"<p>Bir\u00e7o\u011funuz g\u00fcnl\u00fck tutard\u0131n\u0131z eskiden. Belki de hala tutanlar\u0131n\u0131z var. Ama ben hi\u00e7bir zaman g\u00fcnl\u00fck tutacak kadar de\u011ferli bir \u015fey bulamad\u0131m hayat\u0131mda. Ta ki o hayat\u0131mdan \u00e7\u0131k\u0131nca<span class=\"excerpt-hellip\"> [\u2026]<\/span><\/p>\n","protected":false},"featured_media":0,"template":"","meta":{"_monsterinsights_skip_tracking":false,"_monsterinsights_sitenote_active":false,"_monsterinsights_sitenote_note":"","_monsterinsights_sitenote_category":0},"product_brand":[],"product_cat":[12777,12291],"product_tag":[],"class_list":{"0":"post-721635","1":"product","2":"type-product","3":"status-publish","5":"product_cat-deneme","6":"product_cat-edebiyat","7":"pa_cilt-ciltsiz","8":"pa_tur-kitap","9":"pa_yayinevi-luna-yayinlari","10":"pa_yazar-furkan-daskin","12":"first","13":"instock","14":"sale","15":"shipping-taxable","16":"purchasable","17":"product-type-simple"},"_links":{"self":[{"href":"https:\/\/roveyayinevi.com.tr\/index.php\/wp-json\/wp\/v2\/product\/721635","targetHints":{"allow":["GET"]}}],"collection":[{"href":"https:\/\/roveyayinevi.com.tr\/index.php\/wp-json\/wp\/v2\/product"}],"about":[{"href":"https:\/\/roveyayinevi.com.tr\/index.php\/wp-json\/wp\/v2\/types\/product"}],"wp:attachment":[{"href":"https:\/\/roveyayinevi.com.tr\/index.php\/wp-json\/wp\/v2\/media?parent=721635"}],"wp:term":[{"taxonomy":"product_brand","embeddable":true,"href":"https:\/\/roveyayinevi.com.tr\/index.php\/wp-json\/wp\/v2\/product_brand?post=721635"},{"taxonomy":"product_cat","embeddable":true,"href":"https:\/\/roveyayinevi.com.tr\/index.php\/wp-json\/wp\/v2\/product_cat?post=721635"},{"taxonomy":"product_tag","embeddable":true,"href":"https:\/\/roveyayinevi.com.tr\/index.php\/wp-json\/wp\/v2\/product_tag?post=721635"}],"curies":[{"name":"wp","href":"https:\/\/api.w.org\/{rel}","templated":true}]}}