{"id":721634,"date":"2025-08-27T18:52:54","date_gmt":"2025-08-27T15:52:54","guid":{"rendered":"https:\/\/roveyayinevi.com.tr\/index.php\/urun\/komunist\/"},"modified":"2026-04-16T02:29:27","modified_gmt":"2026-04-15T23:29:27","slug":"komunist","status":"publish","type":"product","link":"https:\/\/roveyayinevi.com.tr\/index.php\/urun\/komunist\/","title":{"rendered":"Kom\u00fcnist"},"content":{"rendered":"<p>K\u0130M KALDI \u2026 ezeli dalg\u0131nl\u0131\u011f\u0131m\u0131z\u0131n \u0131sl\u0131\u011f\u0131d\u0131r neykeman yanl\u0131\u015f anla\u015f\u0131lmas\u0131ndan tedirginutlar vahim sorular soruyor\u00f6ld\u00fc naz\u0131m \u015familof sar\u0131 mustafay\u0131k\u0131lm\u0131\u015f strasnoy ploscat\u2019\u0131n saat kulesieski bol\u015feviklerden kim kald\u0131 ATT\u0130LA \u0130LHAN 1914 y\u0131l\u0131nda, bir Osmanl\u0131 tebaas\u0131 olarak vatan\u0131ndan ayr\u0131lan ve 10 y\u0131l sonra, 1924 y\u0131l\u0131nda bir T.C. vatanda\u015f\u0131 olarak memleketine d\u00f6nen Hamdi \u015eamilof\u2019un dudak u\u00e7uklatan hayat hik\u00e2yesi. Hem \u00c7ar Ordusu\u2019nda hem K\u0131z\u0131l Ordu\u2019da g\u00f6rev alan, Moskova\u2019da \u00fcniversite e\u011fitimi g\u00f6ren, uzun y\u0131llar Naz\u0131m Hikmet\u2019e yol arkada\u015fl\u0131\u011f\u0131 yapan Hamdi \u015eamilof.   Kom\u00fcnist bir solukta okuyaca\u011f\u0131n\u0131z ve sizin \u00e7ok uzun y\u0131llar \u00f6ncesine g\u00f6t\u00fcrecek bir roman. <\/p>\n","protected":false},"excerpt":{"rendered":"<p>K\u0130M KALDI \u2026 ezeli dalg\u0131nl\u0131\u011f\u0131m\u0131z\u0131n \u0131sl\u0131\u011f\u0131d\u0131r neykeman yanl\u0131\u015f anla\u015f\u0131lmas\u0131ndan tedirginutlar vahim sorular soruyor\u00f6ld\u00fc naz\u0131m \u015familof sar\u0131 mustafay\u0131k\u0131lm\u0131\u015f strasnoy ploscat\u2019\u0131n saat kulesieski bol\u015feviklerden kim kald\u0131 ATT\u0130LA \u0130LHAN<span class=\"excerpt-hellip\"> [\u2026]<\/span><\/p>\n","protected":false},"featured_media":0,"template":"","meta":{"_monsterinsights_skip_tracking":false,"_monsterinsights_sitenote_active":false,"_monsterinsights_sitenote_note":"","_monsterinsights_sitenote_category":0},"product_brand":[],"product_cat":[12291,12711],"product_tag":[],"class_list":{"0":"post-721634","1":"product","2":"type-product","3":"status-publish","5":"product_cat-edebiyat","6":"product_cat-roman-oyku","7":"pa_cilt-ciltsiz","8":"pa_tur-kitap","9":"pa_yayinevi-dus-sozcukleri","10":"pa_yazar-cengiz-yalcin","12":"first","13":"instock","14":"sale","15":"shipping-taxable","16":"purchasable","17":"product-type-simple"},"_links":{"self":[{"href":"https:\/\/roveyayinevi.com.tr\/index.php\/wp-json\/wp\/v2\/product\/721634","targetHints":{"allow":["GET"]}}],"collection":[{"href":"https:\/\/roveyayinevi.com.tr\/index.php\/wp-json\/wp\/v2\/product"}],"about":[{"href":"https:\/\/roveyayinevi.com.tr\/index.php\/wp-json\/wp\/v2\/types\/product"}],"wp:attachment":[{"href":"https:\/\/roveyayinevi.com.tr\/index.php\/wp-json\/wp\/v2\/media?parent=721634"}],"wp:term":[{"taxonomy":"product_brand","embeddable":true,"href":"https:\/\/roveyayinevi.com.tr\/index.php\/wp-json\/wp\/v2\/product_brand?post=721634"},{"taxonomy":"product_cat","embeddable":true,"href":"https:\/\/roveyayinevi.com.tr\/index.php\/wp-json\/wp\/v2\/product_cat?post=721634"},{"taxonomy":"product_tag","embeddable":true,"href":"https:\/\/roveyayinevi.com.tr\/index.php\/wp-json\/wp\/v2\/product_tag?post=721634"}],"curies":[{"name":"wp","href":"https:\/\/api.w.org\/{rel}","templated":true}]}}