{"id":721633,"date":"2025-08-27T18:52:53","date_gmt":"2025-08-27T15:52:53","guid":{"rendered":"https:\/\/roveyayinevi.com.tr\/index.php\/urun\/iximia\/"},"modified":"2025-11-21T05:44:03","modified_gmt":"2025-11-21T02:44:03","slug":"iximia","status":"publish","type":"product","link":"https:\/\/roveyayinevi.com.tr\/index.php\/urun\/iximia\/","title":{"rendered":"\u0130ximia"},"content":{"rendered":"<p>Hayat\u0131m, kendi kontrol\u00fcmde, her normal insan gibi ya\u015fad\u0131\u011f\u0131m\u0131 san\u0131yordum.Me\u011fer tek bir saniyesi bile kontrol\u00fcmde de\u011filmi\u015f. Yanl\u0131zca talimatlara uydu\u011fumu, programlanm\u0131\u015f bir robot gibi emredilenleri yapt\u0131\u011f\u0131m\u0131 \u00f6\u011frendi\u011fimde, art\u0131k \u00e7ok ge\u00e7ti! T\u00fcm hayat\u0131m boyunca ya\u015fad\u0131klar\u0131m, duygu ve d\u00fcrt\u00fclerim y\u00f6nlendirilmi\u015f&#8230; Hayat\u0131m\u0131 kontrol etmenin yan\u0131 s\u0131ra, dostlar\u0131m\u0131n da hayatla\u0131n\u0131 alm\u0131\u015flar. Benim sand\u0131\u011f\u0131m o dostlar, asl\u0131nda bana hi\u00e7 verilmemi\u015f&#8230;Onlar\u0131n da yalan ve kurgudan ibaret oldu\u011funu anlad\u0131\u011f\u0131mda, ilk kez o g\u00fcn ger\u00e7ekten korktu\u011fumu hissettim ve beni hayata yenik ba\u015flantandan, benden hayat\u0131m\u0131 \u00e7alandan, do\u011fdu\u011fum g\u00fcn benden ald\u0131\u011f\u0131 hayat\u0131m\u0131 ve dostlar\u0131m\u0131 geri almaya yemin ettim. \u0130nsanl\u0131\u011f\u0131n gelece\u011fini de\u011fi\u015ftirebilmek i\u00e7in, \u00f6nce kendi gelece\u011fimin kontrol\u00fcn\u00fc ele ge\u00e7irmeliyim&#8230; Ben mi? Daha do\u011fmadan ele ge\u00e7irilen yapay hayat\u0131m\u0131n bir insana ait oldu\u011fundan emin de\u011filim! Emin oldu\u011fum tek \u015fey : Ad\u0131m &#8221; \u0130X\u0130M\u0130A&#8221; Babam\u0131n verdi\u011fiyse &#8220;D\u0130LAY ER\u00c7\u0130L&#8221;&#8230;<\/p>\n","protected":false},"excerpt":{"rendered":"<p>Hayat\u0131m, kendi kontrol\u00fcmde, her normal insan gibi ya\u015fad\u0131\u011f\u0131m\u0131 san\u0131yordum.Me\u011fer tek bir saniyesi bile kontrol\u00fcmde de\u011filmi\u015f. Yanl\u0131zca talimatlara uydu\u011fumu, programlanm\u0131\u015f bir robot gibi emredilenleri yapt\u0131\u011f\u0131m\u0131 \u00f6\u011frendi\u011fimde, art\u0131k<span class=\"excerpt-hellip\"> [\u2026]<\/span><\/p>\n","protected":false},"featured_media":0,"template":"","meta":{"_monsterinsights_skip_tracking":false,"_monsterinsights_sitenote_active":false,"_monsterinsights_sitenote_note":"","_monsterinsights_sitenote_category":0},"product_brand":[],"product_cat":[12291,14777],"product_tag":[],"class_list":{"0":"post-721633","1":"product","2":"type-product","3":"status-publish","5":"product_cat-edebiyat","6":"product_cat-fantastik","7":"pa_cilt-ciltsiz","8":"pa_tur-kitap","9":"pa_yayinevi-yilkad-yayinlari","10":"pa_yazar-ender-ozden","12":"first","13":"instock","14":"sale","15":"shipping-taxable","16":"purchasable","17":"product-type-simple"},"_links":{"self":[{"href":"https:\/\/roveyayinevi.com.tr\/index.php\/wp-json\/wp\/v2\/product\/721633","targetHints":{"allow":["GET"]}}],"collection":[{"href":"https:\/\/roveyayinevi.com.tr\/index.php\/wp-json\/wp\/v2\/product"}],"about":[{"href":"https:\/\/roveyayinevi.com.tr\/index.php\/wp-json\/wp\/v2\/types\/product"}],"wp:attachment":[{"href":"https:\/\/roveyayinevi.com.tr\/index.php\/wp-json\/wp\/v2\/media?parent=721633"}],"wp:term":[{"taxonomy":"product_brand","embeddable":true,"href":"https:\/\/roveyayinevi.com.tr\/index.php\/wp-json\/wp\/v2\/product_brand?post=721633"},{"taxonomy":"product_cat","embeddable":true,"href":"https:\/\/roveyayinevi.com.tr\/index.php\/wp-json\/wp\/v2\/product_cat?post=721633"},{"taxonomy":"product_tag","embeddable":true,"href":"https:\/\/roveyayinevi.com.tr\/index.php\/wp-json\/wp\/v2\/product_tag?post=721633"}],"curies":[{"name":"wp","href":"https:\/\/api.w.org\/{rel}","templated":true}]}}